{"id":22613,"date":"2024-02-09T06:38:42","date_gmt":"2024-02-09T06:38:42","guid":{"rendered":"https:\/\/idyllic.app\/un-nuevo-reino-del-arte-digital-genere-imagenes-cautivadoras-de-tulipanes-rosas\/"},"modified":"2024-02-09T06:38:42","modified_gmt":"2024-02-09T06:38:42","slug":"un-nuevo-reino-del-arte-digital-genere-imagenes-cautivadoras-de-tulipanes-rosas","status":"publish","type":"page","link":"https:\/\/idyllic.app\/es\/un-nuevo-reino-del-arte-digital-genere-imagenes-cautivadoras-de-tulipanes-rosas\/","title":{"rendered":"Un nuevo reino del arte digital: genere im\u00e1genes cautivadoras de tulipanes rosas"},"content":{"rendered":"<div class=\"wp-block-columns is-stacked-on-mobile alignwide are-vertically-aligned-center is-layout-flex wp-container-core-columns-layout-1 wp-block-columns-is-layout-flex\" style=\"margin-top:0;margin-bottom:0\" data-columns=\"2\">\n<div class=\"wp-block-column is-vertically-aligned-center is-layout-flow wp-block-column-is-layout-flow\" style=\"margin-top:0;margin-right:0;margin-bottom:0;margin-left:0;padding-top:0;padding-bottom:0\">\n<div class=\"wp-block-group is-layout-flow wp-block-group-is-layout-flow\" style=\"padding-top:0;padding-bottom:0\">\n<div class=\"wp-block-group is-nowrap is-layout-flex wp-container-core-group-layout-7 wp-block-group-is-layout-flex\" style=\"margin-top:0\">\n<div class=\"wp-block-group has-primary-100-gradient-background has-background is-nowrap is-layout-flex wp-container-core-group-layout-6 wp-block-group-is-layout-flex has-position-relative\" style=\"border-radius:99px;font-style:normal;font-weight:500\">\n<p class=\"wp-block-paragraph aligncenter has-text-align-center is-style-default has-background has-12-font-size aligncenter has-position-relative has-z-index\" style=\"border-style:none;border-width:0px;border-radius:99px;background:linear-gradient(135deg,rgb(254,205,165) 0%,rgb(247,85,93) 100%);padding-top:6px;padding-right:var(--wp--preset--spacing--xxs);padding-bottom:6px;padding-left:var(--wp--preset--spacing--xxs);line-height:1;--z-index:1\">Descubra nuestras novedades<\/p>\n<\/div>\n<\/div>\n<h1 class=\"wp-block-heading has-52-font-size\" id=\"design-system-and-ui-kit-for-modern-websites\" style=\"margin-top:var(--wp--preset--spacing--sm);line-height:1.1\">Un nuevo reino del arte digital: genere im\u00e1genes cautivadoras de tulipanes rosas<\/h1>\n<div class=\"wp-block-group is-layout-constrained wp-container-core-group-layout-8 wp-block-group-is-layout-constrained\" style=\"\">\n<p class=\"wp-block-paragraph \">Descubra un enfoque innovador de la creaci\u00f3n art\u00edstica con las funciones de generaci\u00f3n de im\u00e1genes de Idyllic. Describa su visi\u00f3n con palabras y deje que nuestra aplicaci\u00f3n la traduzca en impresionantes ilustraciones digitales de tulipanes rosas.<\/p>\n<\/div>\n<div class=\"wp-block-group is-nowrap is-layout-flex wp-container-core-group-layout-10 wp-block-group-is-layout-flex\" style=\"padding-top:var(--wp--preset--spacing--sm);padding-bottom:var(--wp--preset--spacing--sm);margin-top:0;margin-bottom:0\">\n<div class=\"wp-block-buttons has-neutral-800-background-color has-background is-layout-flex wp-block-buttons-is-layout-flex\" style=\"margin:0;padding:1px\">\n<div class=\"wp-block-button has-box-shadow\"><a class=\"wp-block-button__link wp-element-button\" href=\"https:\/\/create.idyllic.app\">Comenzar<\/a><\/div>\n<\/div>\n<div class=\"wp-block-group is-layout-flow wp-block-group-is-layout-flow has-position-relative\" style=\"margin-top:0;margin-bottom:0\">\n<div style=\"height:100px;filter:blur(30px);margin:0\" aria-hidden=\"true\" class=\"wp-block-spacer has-primary-100-gradient-background has-background has-position-absolute has-z-index\"><\/div>\n<div class=\"wp-block-buttons has-primary-gradient-background has-background is-layout-flex wp-container-core-buttons-layout-3 wp-block-buttons-is-layout-flex has-position-relative has-z-index\" style=\"--z-index:1;margin:0;padding:1px\">\n<div class=\"wp-block-button has-box-shadow is-style-fill has-display-none-mobile\" style=\"border-radius:7px;margin-top:0;margin-bottom:0\"><a class=\"wp-block-button__link has-neutral-800-color has-neutral-0-background-color has-text-color has-background wp-element-button\" style=\"border-radius:7px;margin-top:0;margin-bottom:0\" href=\"#\">M\u00e1s informaci\u00f3n<\/a><\/div>\n<\/div>\n<\/div>\n<\/div>\n<div class=\"wp-block-group is-nowrap is-layout-flex wp-container-core-group-layout-11 wp-block-group-is-layout-flex\" style=\"margin-top:0;margin-bottom:0\">\n<p class=\"wp-block-paragraph is-style-default has-14-font-size\" style=\"margin-top:0;margin-bottom:0;letter-spacing:4px;line-height:1\">\u2605\u2605\u2605\u2605\u2605<\/p>\n<p class=\"wp-block-paragraph has-14-font-size\" style=\"margin-top:var(--wp--preset--spacing--xxs);margin-bottom:var(--wp--preset--spacing--xxs)\">M\u00e1s de 30.000 usuarios<\/p>\n<\/div>\n<\/div>\n<\/div>\n<div class=\"wp-block-column is-vertically-aligned-center is-layout-flow wp-block-column-is-layout-flow\" style=\"\">\n<div class=\"wp-block-group is-style-default has-neutral-0-background-color has-background is-layout-flow wp-container-core-group-layout-14 wp-block-group-is-layout-flow has-position-relative has-z-index\" style=\"border-radius:8px;transform:scale(1.1) translateX(1.5em);--z-index:1;margin-top:0;margin-bottom:0\">\n<div style=\"border-radius:99px;background:linear-gradient(135deg,rgb(254,205,165) 0%,rgb(247,85,93) 100%);height:400px;filter:blur(80px) opacity(20%);transform:rotate(30deg);--top:0px;--right:0px;--bottom:0px;--left:0px;--width:400px;margin:0\" aria-hidden=\"true\" class=\"wp-block-spacer margin-auto has-background has-position-absolute has-top has-right has-bottom has-left has-z-index has-width\"><\/div>\n<div class=\"wp-block-group has-neutral-0-background-color has-background is-layout-flow wp-container-core-group-layout-13 wp-block-group-is-layout-flow has-position-relative has-z-index\" style=\"border-radius:8px;padding-right:var(--wp--preset--spacing--xxs);padding-bottom:var(--wp--preset--spacing--xxs);padding-left:var(--wp--preset--spacing--xxs);--z-index:1;margin-top:0;padding-top:0;margin-bottom:0\">\n<figure class=\"wp-block-image size-large is-resized has-display-none-mobile\"><img fetchpriority=\"high\" decoding=\"async\" width=\"1024\" height=\"1024\" src=\"https:\/\/idyllic.app\/wp-content\/uploads\/2024\/02\/flowering-plant.jpeg\" alt=\"\" class=\"wp-image-15919\" style=\"width:467px;height:auto\" sizes=\"(max-width: 1024px) 100vw, 1024px\"><\/figure>\n<\/div>\n<\/div>\n<\/div>\n<\/div>\n<div class=\"wp-block-columns is-stacked-on-mobile alignwide are-vertically-aligned-center is-layout-flex wp-container-core-columns-layout-7 wp-block-columns-is-layout-flex\" data-columns=\"2\">\n<div class=\"wp-block-column is-vertically-aligned-center has-neutral-0-background-color has-background-background-color has-background is-layout-flow wp-block-column-is-layout-flow has-position-relative\" style=\"padding-top:0;padding-right:0;padding-bottom:0;padding-left:0\">\n<div class=\"wp-block-group has-filter has-transform has-primary-light-gradient-background has-background is-layout-constrained wp-block-group-is-layout-constrained has-position-absolute has-top has-right has-bottom has-left has-z-index\" style=\"filter:blur(60px);transform:scale(1);--top:0px;--right:0px;--bottom:0px;--left:0px;margin-top:0;margin-right:0;margin-bottom:0;margin-left:0\"><\/div>\n<div class=\"wp-block-columns is-stacked-on-mobile is-stacked-on-mobile is-not-stacked-on-mobile is-layout-flex wp-container-core-columns-layout-5 wp-block-columns-is-layout-flex has-position-relative has-z-index\" style=\"--z-index:1;margin-top:0;margin-bottom:0\" data-columns=\"2\">\n<div class=\"wp-block-column is-style-default is-layout-flow wp-block-column-is-layout-flow\" style=\"padding-top:var(--wp--preset--spacing--md)\">\n<figure class=\"wp-block-image size-large\"><img loading=\"lazy\" decoding=\"async\" width=\"1024\" height=\"1024\" data-src=\"https:\/\/idyllic.app\/wp-content\/uploads\/2024\/02\/tulip.jpeg\" alt=\"\" class=\"wp-image-15920 lazyload\" data-sizes=\"auto, (max-width: 1024px) 100vw, 1024px\" src=\"data:image\/gif;base64,R0lGODlhAQABAAAAACH5BAEKAAEALAAAAAABAAEAAAICTAEAOw==\" style=\"--smush-placeholder-width: 1024px; --smush-placeholder-aspect-ratio: 1024\/1024;\"><noscript><img loading=\"lazy\" decoding=\"async\" width=\"1024\" height=\"1024\" src=\"https:\/\/idyllic.app\/wp-content\/uploads\/2024\/02\/tulip.jpeg\" alt=\"\" class=\"wp-image-15920\" sizes=\"auto, (max-width: 1024px) 100vw, 1024px\"><\/noscript><\/figure>\n<figure class=\"wp-block-image size-full\"><img loading=\"lazy\" decoding=\"async\" width=\"1024\" height=\"1024\" data-src=\"https:\/\/idyllic.app\/wp-content\/uploads\/2024\/02\/flowering-plant.jpeg\" alt=\"\" class=\"wp-image-15812 lazyload\" data-sizes=\"auto, (max-width: 1024px) 100vw, 1024px\" src=\"data:image\/gif;base64,R0lGODlhAQABAAAAACH5BAEKAAEALAAAAAABAAEAAAICTAEAOw==\" style=\"--smush-placeholder-width: 1024px; --smush-placeholder-aspect-ratio: 1024\/1024;\"><noscript><img loading=\"lazy\" decoding=\"async\" width=\"1024\" height=\"1024\" src=\"https:\/\/idyllic.app\/wp-content\/uploads\/2024\/02\/flowering-plant.jpeg\" alt=\"\" class=\"wp-image-15812\" sizes=\"auto, (max-width: 1024px) 100vw, 1024px\"><\/noscript><\/figure>\n<\/div>\n<div class=\"wp-block-column is-style-default is-layout-flow wp-block-column-is-layout-flow\" style=\"padding-top:0\">\n<figure class=\"wp-block-image size-full\"><img loading=\"lazy\" decoding=\"async\" width=\"1024\" height=\"1024\" data-src=\"https:\/\/idyllic.app\/wp-content\/uploads\/2024\/02\/plant.jpeg\" alt=\"\" class=\"wp-image-15921 lazyload\" data-sizes=\"auto, (max-width: 1024px) 100vw, 1024px\" src=\"data:image\/gif;base64,R0lGODlhAQABAAAAACH5BAEKAAEALAAAAAABAAEAAAICTAEAOw==\" style=\"--smush-placeholder-width: 1024px; --smush-placeholder-aspect-ratio: 1024\/1024;\"><noscript><img loading=\"lazy\" decoding=\"async\" width=\"1024\" height=\"1024\" src=\"https:\/\/idyllic.app\/wp-content\/uploads\/2024\/02\/plant.jpeg\" alt=\"\" class=\"wp-image-15921\" sizes=\"auto, (max-width: 1024px) 100vw, 1024px\"><\/noscript><\/figure>\n<figure class=\"wp-block-image size-large\"><img loading=\"lazy\" decoding=\"async\" width=\"1024\" height=\"1024\" data-src=\"https:\/\/idyllic.app\/wp-content\/uploads\/2024\/02\/idyllic-flower.jpeg\" alt=\"\" class=\"wp-image-15919 lazyload\" data-sizes=\"auto, (max-width: 1024px) 100vw, 1024px\" src=\"data:image\/gif;base64,R0lGODlhAQABAAAAACH5BAEKAAEALAAAAAABAAEAAAICTAEAOw==\" style=\"--smush-placeholder-width: 1024px; --smush-placeholder-aspect-ratio: 1024\/1024;\"><noscript><img loading=\"lazy\" decoding=\"async\" width=\"1024\" height=\"1024\" src=\"https:\/\/idyllic.app\/wp-content\/uploads\/2024\/02\/idyllic-flower.jpeg\" alt=\"\" class=\"wp-image-15919\" sizes=\"auto, (max-width: 1024px) 100vw, 1024px\"><\/noscript><\/figure>\n<\/div>\n<\/div>\n<\/div>\n<div class=\"wp-block-column is-vertically-aligned-center has-neutral-0-background-color has-background-background-color has-background is-layout-flow wp-block-column-is-layout-flow has-position-relative\" style=\"padding-top:0;padding-right:0;padding-bottom:0;padding-left:0\">\n<div class=\"wp-block-group has-filter has-transform has-primary-light-gradient-background has-background is-layout-constrained wp-block-group-is-layout-constrained has-position-absolute has-top has-right has-bottom has-left has-z-index\" style=\"filter:blur(60px);transform:scale(1);--top:0px;--right:0px;--bottom:0px;--left:0px;margin-top:0;margin-right:0;margin-bottom:0;margin-left:0\"><\/div>\n<div class=\"wp-block-columns is-stacked-on-mobile is-stacked-on-mobile is-not-stacked-on-mobile is-layout-flex wp-container-core-columns-layout-5 wp-block-columns-is-layout-flex has-position-relative has-z-index\" style=\"--z-index:1;margin-top:0;margin-bottom:0\" data-columns=\"2\">\n<div class=\"wp-block-column is-style-default is-layout-flow wp-block-column-is-layout-flow\" style=\"padding-top:var(--wp--preset--spacing--md)\">\n<figure class=\"wp-block-image size-large\"><img loading=\"lazy\" decoding=\"async\" width=\"1024\" height=\"1024\" data-src=\"https:\/\/idyllic.app\/wp-content\/uploads\/2024\/02\/lilies.jpeg\" alt=\"\" class=\"wp-image-15920 lazyload\" data-sizes=\"auto, (max-width: 1024px) 100vw, 1024px\" src=\"data:image\/gif;base64,R0lGODlhAQABAAAAACH5BAEKAAEALAAAAAABAAEAAAICTAEAOw==\" style=\"--smush-placeholder-width: 1024px; --smush-placeholder-aspect-ratio: 1024\/1024;\"><noscript><img loading=\"lazy\" decoding=\"async\" width=\"1024\" height=\"1024\" src=\"https:\/\/idyllic.app\/wp-content\/uploads\/2024\/02\/lilies.jpeg\" alt=\"\" class=\"wp-image-15920\" sizes=\"auto, (max-width: 1024px) 100vw, 1024px\"><\/noscript><\/figure>\n<figure class=\"wp-block-image size-full\"><img loading=\"lazy\" decoding=\"async\" width=\"1024\" height=\"1024\" data-src=\"https:\/\/idyllic.app\/wp-content\/uploads\/2024\/02\/idyllic-flowering-plant.jpeg\" alt=\"\" class=\"wp-image-15812 lazyload\" data-sizes=\"auto, (max-width: 1024px) 100vw, 1024px\" src=\"data:image\/gif;base64,R0lGODlhAQABAAAAACH5BAEKAAEALAAAAAABAAEAAAICTAEAOw==\" style=\"--smush-placeholder-width: 1024px; --smush-placeholder-aspect-ratio: 1024\/1024;\"><noscript><img loading=\"lazy\" decoding=\"async\" width=\"1024\" height=\"1024\" src=\"https:\/\/idyllic.app\/wp-content\/uploads\/2024\/02\/idyllic-flowering-plant.jpeg\" alt=\"\" class=\"wp-image-15812\" sizes=\"auto, (max-width: 1024px) 100vw, 1024px\"><\/noscript><\/figure>\n<\/div>\n<div class=\"wp-block-column is-style-default is-layout-flow wp-block-column-is-layout-flow\" style=\"padding-top:0\">\n<figure class=\"wp-block-image size-full\"><img loading=\"lazy\" decoding=\"async\" width=\"1024\" height=\"1024\" data-src=\"https:\/\/idyllic.app\/wp-content\/uploads\/2024\/02\/ecoregion.jpeg\" alt=\"\" class=\"wp-image-15921 lazyload\" data-sizes=\"auto, (max-width: 1024px) 100vw, 1024px\" src=\"data:image\/gif;base64,R0lGODlhAQABAAAAACH5BAEKAAEALAAAAAABAAEAAAICTAEAOw==\" style=\"--smush-placeholder-width: 1024px; --smush-placeholder-aspect-ratio: 1024\/1024;\"><noscript><img loading=\"lazy\" decoding=\"async\" width=\"1024\" height=\"1024\" src=\"https:\/\/idyllic.app\/wp-content\/uploads\/2024\/02\/ecoregion.jpeg\" alt=\"\" class=\"wp-image-15921\" sizes=\"auto, (max-width: 1024px) 100vw, 1024px\"><\/noscript><\/figure>\n<figure class=\"wp-block-image size-large\"><img loading=\"lazy\" decoding=\"async\" width=\"1024\" height=\"1024\" data-src=\"https:\/\/idyllic.app\/wp-content\/uploads\/2024\/02\/idyllic-tulip.jpeg\" alt=\"\" class=\"wp-image-15919 lazyload\" data-sizes=\"auto, (max-width: 1024px) 100vw, 1024px\" src=\"data:image\/gif;base64,R0lGODlhAQABAAAAACH5BAEKAAEALAAAAAABAAEAAAICTAEAOw==\" style=\"--smush-placeholder-width: 1024px; --smush-placeholder-aspect-ratio: 1024\/1024;\"><noscript><img loading=\"lazy\" decoding=\"async\" width=\"1024\" height=\"1024\" src=\"https:\/\/idyllic.app\/wp-content\/uploads\/2024\/02\/idyllic-tulip.jpeg\" alt=\"\" class=\"wp-image-15919\" sizes=\"auto, (max-width: 1024px) 100vw, 1024px\"><\/noscript><\/figure>\n<\/div>\n<\/div>\n<\/div>\n<\/div>\n<section>\n<div>\n<h2>Crea preciosos tulipanes rosas con un toque de creatividad<\/h2>\n<p>Ya no tendr\u00e1 que depender de habilidades art\u00edsticas avanzadas para dar vida a su imaginaci\u00f3n. S\u00f3lo tienes que describir con detalle los tulipanes rosas que deseas y dejar que la funci\u00f3n de conversi\u00f3n de texto a imagen de Idyllic transforme tus palabras en asombrosos gr\u00e1ficos. Opta por im\u00e1genes de alta calidad o r\u00e1pidas y de baja resoluci\u00f3n en funci\u00f3n de las necesidades de tu proyecto. Mediante un proceso de creaci\u00f3n iterativo, puede perfeccionar f\u00e1cilmente las im\u00e1genes generadas.<\/p>\n<p><h2>  Remezcla, autoedita y publica tus flujos de trabajo  <\/h2>\n<p>Prep\u00e1rate para llevar tu creatividad al siguiente nivel. Combina tus im\u00e1genes de tulipanes con otras nuevas gracias a la funci\u00f3n \u00abRemezclar\u00bb, ed\u00edtalas autom\u00e1ticamente seg\u00fan tus necesidades espec\u00edficas o muestra tu proceso creativo con la funci\u00f3n \u00abFlujos de trabajo para publicar y compartir\u00bb. Convi\u00e9rtete en una fuente de inspiraci\u00f3n en nuestra comunidad de entusiastas del arte y los fandoms. Tanto si eres dise\u00f1ador gr\u00e1fico, fot\u00f3grafo profesional o aficionado, Idyllic est\u00e1 dise\u00f1ado para servir a un amplio espectro de usuarios.<\/p>\n<\/div>\n<\/section>\n<div class=\"wp-block-group alignfull is-layout-constrained wp-block-group-is-layout-constrained\" style=\"padding-top:var(--wp--preset--spacing--xs);padding-bottom:var(--wp--preset--spacing--xs);margin-top:0\">\n<div class=\"wp-block-group is-layout-constrained wp-container-core-group-layout-42 wp-block-group-is-layout-constrained\" style=\"\">\n<div class=\"wp-block-group is-content-justification-center is-nowrap is-layout-flex wp-container-core-group-layout-41 wp-block-group-is-layout-flex\" style=\"\">\n<\/div>\n<h3 class=\"wp-block-heading has-text-align-center\" id=\"frequently-asked-questions\">Preguntas m\u00e1s frecuentes<\/h3>\n<\/div>\n<\/div>\n<section>\n<div>\n<h3>\u00bfLimita Idyllic el n\u00famero de im\u00e1genes de tulipanes rosas que puedo generar?<\/h3>\n<p>Con Idyllic, tu creatividad no tiene l\u00edmites. Genere tantas variaciones de su imagen de tulip\u00e1n rosa como desee.<\/p>\n<h3>\u00bfPuedo mezclar mi imagen de tulip\u00e1n generada con otras im\u00e1genes?<\/h3>\n<p>\u00a1Claro que s\u00ed! La funci\u00f3n \u00abRemix\u00bb permite mezclar hasta nueve im\u00e1genes. Tambi\u00e9n puede utilizar im\u00e1genes de inspiraci\u00f3n para guiar el proceso de generaci\u00f3n.<\/p>\n<\/div>\n<\/section>\n<\/div>\n<div class=\"wp-block-group alignfull is-layout-constrained wp-block-group-is-layout-constrained\" style=\"\">\n<div class=\"wp-block-group alignwide is-style-default is-layout-flow wp-block-group-is-layout-flow has-position-relative\" style=\"border-radius:12px\">\n<div style=\"background:linear-gradient(135deg,rgb(254,205,165) 0%,rgb(247,85,93) 100%);height:400px;filter:blur(120px) opacity(20%);transform:rotate(23deg);--top:-100px;--right:-200px;--width:800px\" aria-hidden=\"true\" class=\"wp-block-spacer has-background has-position-absolute has-top has-right has-bottom has-left has-z-index has-width\"><\/div>\n<div class=\"wp-block-group is-style-default has-surface-background-color has-background is-layout-constrained wp-container-core-group-layout-51 wp-block-group-is-layout-constrained has-position-relative has-z-index\" style=\"border-radius:30px;padding-top:var(--wp--preset--spacing--xl);padding-right:var(--wp--preset--spacing--sm);padding-bottom:var(--wp--preset--spacing--xl);padding-left:var(--wp--preset--spacing--sm);--z-index:1;margin-top:0;margin-bottom:0\">\n<h2 class=\"wp-block-heading has-text-align-center\" id=\"ready-to-get-started\">\u00bfListo para empezar?<\/h2>\n<p class=\"wp-block-paragraph aligncenter has-text-align-center aligncenter\" style=\"margin-top:var(--wp--preset--spacing--xs)\">\u00danete a la comunidad de m\u00e1s de 30.000 artistas que ya utilizan Idyllic<\/p>\n<div class=\"wp-block-buttons is-content-justification-center is-layout-flex wp-container-core-buttons-layout-7 wp-block-buttons-is-layout-flex\">\n<div class=\"wp-block-button has-box-shadow is-style-fill is-style-large\"><a class=\"wp-block-button__link has-surface-color has-contrast-background-color has-text-color has-background wp-element-button\" href=\"https:\/\/create.idyllic.app\" target=\"_blank\" rel=\"noreferrer noopener\">Comenzar<\/a><\/div>\n<\/div>\n<\/div>\n<\/div>\n<\/div>\n","protected":false},"excerpt":{"rendered":"<p>Descubra nuestras novedades Un nuevo reino del arte digital: genere im\u00e1genes cautivadoras de tulipanes rosas Descubra un enfoque innovador de la creaci\u00f3n art\u00edstica con las funciones de generaci\u00f3n de im\u00e1genes de Idyllic. Describa su visi\u00f3n con palabras y deje que nuestra aplicaci\u00f3n la traduzca en impresionantes ilustraciones digitales de tulipanes rosas. Comenzar M\u00e1s informaci\u00f3n \u2605\u2605\u2605\u2605\u2605 &hellip;<\/p>\n","protected":false},"author":2,"featured_media":0,"parent":0,"menu_order":0,"comment_status":"closed","ping_status":"closed","template":"full-width","meta":{"footnotes":""},"class_list":["post-22613","page","type-page","status-publish","hentry"],"_links":{"self":[{"href":"https:\/\/idyllic.app\/es\/wp-json\/wp\/v2\/pages\/22613","targetHints":{"allow":["GET"]}}],"collection":[{"href":"https:\/\/idyllic.app\/es\/wp-json\/wp\/v2\/pages"}],"about":[{"href":"https:\/\/idyllic.app\/es\/wp-json\/wp\/v2\/types\/page"}],"author":[{"embeddable":true,"href":"https:\/\/idyllic.app\/es\/wp-json\/wp\/v2\/users\/2"}],"replies":[{"embeddable":true,"href":"https:\/\/idyllic.app\/es\/wp-json\/wp\/v2\/comments?post=22613"}],"version-history":[{"count":0,"href":"https:\/\/idyllic.app\/es\/wp-json\/wp\/v2\/pages\/22613\/revisions"}],"wp:attachment":[{"href":"https:\/\/idyllic.app\/es\/wp-json\/wp\/v2\/media?parent=22613"}],"curies":[{"name":"wp","href":"https:\/\/api.w.org\/{rel}","templated":true}]}}