{"id":23718,"date":"2024-02-06T02:13:09","date_gmt":"2024-02-06T02:13:09","guid":{"rendered":"https:\/\/idyllic.app\/ai-hot-girl-creator-impresionante-realismo-artistico\/"},"modified":"2024-10-01T11:49:42","modified_gmt":"2024-10-01T11:49:42","slug":"ai-hot-girl-creator-impresionante-realismo-artistico","status":"publish","type":"page","link":"https:\/\/idyllic.app\/es\/ai-hot-girl-creator-impresionante-realismo-artistico\/","title":{"rendered":"AI Hot Girl Generator | Fotos HD gratis en segundos"},"content":{"rendered":"<div class=\"wp-block-columns is-stacked-on-mobile alignwide are-vertically-aligned-center is-layout-flex wp-container-core-columns-layout-1 wp-block-columns-is-layout-flex\" style=\"margin-top: 0; margin-bottom: 0;\" data-columns=\"2\">\n<div class=\"wp-block-column is-vertically-aligned-center is-layout-flow wp-block-column-is-layout-flow\" style=\"padding-top: 0; padding-bottom: 0; margin: 0;\">\n<div class=\"wp-block-group is-layout-flow wp-block-group-is-layout-flow\" style=\"padding-top: 0; padding-bottom: 0;\">\n<div class=\"wp-block-group is-nowrap is-layout-flex wp-container-core-group-layout-7 wp-block-group-is-layout-flex\" style=\"margin-top: 0;\">\n<div class=\"wp-block-group has-primary-100-gradient-background has-background is-nowrap is-layout-flex wp-container-core-group-layout-6 wp-block-group-is-layout-flex has-position-relative\" style=\"border-radius: 99px; font-style: normal; font-weight: 500;\">\n<p class=\"wp-block-paragraph aligncenter has-text-align-center is-style-default has-background has-12-font-size aligncenter has-position-relative has-z-index\" style=\"border-style: none; border-width: 0px; border-radius: 99px; background: linear-gradient(135deg,#fecda5 0%,#f7555d 100%); line-height: 1; --z-index: 1; padding: 6px var(--wp--preset--spacing--xxs) 6px var(--wp--preset--spacing--xxs);\">Descubra nuestras novedades<\/p>\n<\/div>\n<\/div>\n<h1 id=\"design-system-and-ui-kit-for-modern-websites\" class=\"wp-block-heading has-52-font-size\" style=\"margin-top: var(--wp--preset--spacing--sm); line-height: 1.1;\">AI Hot Girl Generator &#8211; Hermosas im\u00e1genes HD en segundos<\/h1>\n<div class=\"wp-block-group is-layout-constrained wp-container-core-group-layout-8 wp-block-group-is-layout-constrained\">\n<p class=\"wp-block-paragraph \">Da vida a la chica de tus sue\u00f1os con nuestro generador de im\u00e1genes AI. No se requieren habilidades art\u00edsticas, simplemente describe a la chica en tu mente y deja que nuestra IA haga el resto en segundos. \u00a1Explora nuestra enorme colecci\u00f3n de arte sexy hecho por la comunidad para inspirarte!<\/p>\n<\/div>\n<div class=\"wp-block-group is-nowrap is-layout-flex wp-container-core-group-layout-10 wp-block-group-is-layout-flex\" style=\"padding-top: var(--wp--preset--spacing--sm); padding-bottom: var(--wp--preset--spacing--sm); margin-top: 0; margin-bottom: 0;\">\n<div class=\"wp-block-buttons has-neutral-800-background-color has-background is-layout-flex wp-block-buttons-is-layout-flex\" style=\"margin: 0; padding: 1px;\">\n<div class=\"wp-block-button has-box-shadow\"><a class=\"wp-block-button__link wp-element-button\" href=\"https:\/\/us.idyllic.app\/?origin=ai-hot-girl-generator\">Comenzar<\/a><\/div>\n<\/div>\n<div class=\"wp-block-group is-layout-flow wp-block-group-is-layout-flow has-position-relative\" style=\"margin-top: 0; margin-bottom: 0;\">\n<div class=\"wp-block-buttons has-primary-gradient-background has-background is-layout-flex wp-container-core-buttons-layout-3 wp-block-buttons-is-layout-flex has-position-relative has-z-index\" style=\"--z-index: 1; margin: 0; padding: 1px;\">\n<div class=\"wp-block-button has-box-shadow is-style-fill has-display-none-mobile\" style=\"border-radius: 7px; margin-top: 0; margin-bottom: 0;\"><\/div>\n<\/div>\n<\/div>\n<\/div>\n<div class=\"wp-block-group is-nowrap is-layout-flex wp-container-core-group-layout-11 wp-block-group-is-layout-flex\" style=\"margin-top: 0; margin-bottom: 0;\">\n<p class=\"wp-block-paragraph is-style-default has-14-font-size\" style=\"margin-top: 0; margin-bottom: 0; letter-spacing: 4px; line-height: 1;\">\u2605\u2605\u2605\u2605\u2605<\/p>\n<p class=\"wp-block-paragraph has-14-font-size\" style=\"margin-top: var(--wp--preset--spacing--xxs); margin-bottom: var(--wp--preset--spacing--xxs);\">M\u00e1s de 70.000 usuarios<\/p>\n<\/div>\n<\/div>\n<\/div>\n<div class=\"wp-block-column is-vertically-aligned-center is-layout-flow wp-block-column-is-layout-flow\">\n<div class=\"wp-block-group is-style-default has-neutral-0-background-color has-background is-layout-flow wp-container-core-group-layout-14 wp-block-group-is-layout-flow has-position-relative has-z-index\" style=\"border-radius: 8px; transform: scale(1.1) translateX(1.5em); --z-index: 1; margin-top: 0; margin-bottom: 0;\">\n<div class=\"wp-block-spacer margin-auto has-background has-position-absolute has-top has-right has-bottom has-left has-z-index has-width\" style=\"border-radius: 99px; background: linear-gradient(135deg,#fecda5 0%,#f7555d 100%); height: 400px; filter: blur(80px) opacity(20%); transform: rotate(30deg); --top: 0px; --right: 0px; --bottom: 0px; --left: 0px; --width: 400px; margin: 0;\" aria-hidden=\"true\"><\/div>\n<div class=\"wp-block-group has-neutral-0-background-color has-background is-layout-flow wp-container-core-group-layout-13 wp-block-group-is-layout-flow has-position-relative has-z-index\" style=\"border-radius: 8px; --z-index: 1; margin-top: 0; margin-bottom: 0; padding: 0 var(--wp--preset--spacing--xxs) var(--wp--preset--spacing--xxs) var(--wp--preset--spacing--xxs);\">\n<figure class=\"wp-block-image size-large is-resized has-display-none-mobile\"><img loading=\"lazy\" decoding=\"async\" class=\"alignnone wp-image-42336 lazyload\" style=\"--smush-placeholder-width: 514px; --smush-placeholder-aspect-ratio: 514\/514;width: 467px; height: auto;\" data-src=\"https:\/\/idyllic.app\/wp-content\/uploads\/2024\/04\/1087771.jpeg\" data-sizes=\"auto, (max-width: 1024px) 100vw, 1024px\" alt=\"ai generador de chicas calientes\" width=\"514\" height=\"514\" data-srcset=\"https:\/\/idyllic.app\/wp-content\/uploads\/2024\/04\/1087771.jpeg 800w, https:\/\/idyllic.app\/wp-content\/uploads\/2024\/04\/1087771-300x300.jpeg 300w, https:\/\/idyllic.app\/wp-content\/uploads\/2024\/04\/1087771-150x150.jpeg 150w, https:\/\/idyllic.app\/wp-content\/uploads\/2024\/04\/1087771-768x768.jpeg 768w\" src=\"data:image\/gif;base64,R0lGODlhAQABAAAAACH5BAEKAAEALAAAAAABAAEAAAICTAEAOw==\" \/><noscript><img loading=\"lazy\" decoding=\"async\" class=\"alignnone wp-image-42336\" style=\"width: 467px; height: auto;\" src=\"https:\/\/idyllic.app\/wp-content\/uploads\/2024\/04\/1087771.jpeg\" sizes=\"auto, (max-width: 1024px) 100vw, 1024px\" alt=\"ai generador de chicas calientes\" width=\"514\" height=\"514\" srcset=\"https:\/\/idyllic.app\/wp-content\/uploads\/2024\/04\/1087771.jpeg 800w, https:\/\/idyllic.app\/wp-content\/uploads\/2024\/04\/1087771-300x300.jpeg 300w, https:\/\/idyllic.app\/wp-content\/uploads\/2024\/04\/1087771-150x150.jpeg 150w, https:\/\/idyllic.app\/wp-content\/uploads\/2024\/04\/1087771-768x768.jpeg 768w\" \/><\/noscript><\/figure>\n<\/div>\n<\/div>\n<\/div>\n<\/div>\n<div class=\"wp-block-columns is-stacked-on-mobile alignwide are-vertically-aligned-center is-layout-flex wp-container-core-columns-layout-7 wp-block-columns-is-layout-flex\" data-columns=\"2\">\n<div class=\"wp-block-column is-vertically-aligned-center has-neutral-0-background-color has-background-background-color has-background is-layout-flow wp-block-column-is-layout-flow has-position-relative\" style=\"padding: 0;\">\n<div class=\"wp-block-group has-filter has-transform has-primary-light-gradient-background has-background is-layout-constrained wp-block-group-is-layout-constrained has-position-absolute has-top has-right has-bottom has-left has-z-index\" style=\"filter: blur(60px); transform: scale(1); --top: 0px; --right: 0px; --bottom: 0px; --left: 0px; margin: 0;\"><\/div>\n<div class=\"wp-block-columns is-stacked-on-mobile is-stacked-on-mobile is-not-stacked-on-mobile is-layout-flex wp-container-core-columns-layout-5 wp-block-columns-is-layout-flex has-position-relative has-z-index\" style=\"--z-index: 1; margin-top: 0; margin-bottom: 0;\" data-columns=\"2\">\n<div class=\"wp-block-column is-style-default is-layout-flow wp-block-column-is-layout-flow\" style=\"padding-top: var(--wp--preset--spacing--md);\">\n<figure class=\"wp-block-image size-large\"><img loading=\"lazy\" decoding=\"async\" class=\"alignnone wp-image-16242 size-medium lazyload\" data-src=\"https:\/\/idyllic.app\/wp-content\/uploads\/2024\/02\/cocktail-dress-m-300x300.jpeg\" data-sizes=\"auto, (max-width: 1024px) 100vw, 1024px\" alt=\"Generador AI Hot Girl \" width=\"300\" height=\"300\" data-srcset=\"https:\/\/idyllic.app\/wp-content\/uploads\/2024\/02\/cocktail-dress-m-300x300.jpeg 300w, https:\/\/idyllic.app\/wp-content\/uploads\/2024\/02\/cocktail-dress-m-1024x1024.jpeg 1024w, https:\/\/idyllic.app\/wp-content\/uploads\/2024\/02\/cocktail-dress-m-150x150.jpeg 150w, https:\/\/idyllic.app\/wp-content\/uploads\/2024\/02\/cocktail-dress-m-768x768.jpeg 768w, https:\/\/idyllic.app\/wp-content\/uploads\/2024\/02\/cocktail-dress-m.jpeg 800w\" src=\"data:image\/gif;base64,R0lGODlhAQABAAAAACH5BAEKAAEALAAAAAABAAEAAAICTAEAOw==\" style=\"--smush-placeholder-width: 300px; --smush-placeholder-aspect-ratio: 300\/300;\" \/><noscript><img loading=\"lazy\" decoding=\"async\" class=\"alignnone wp-image-16242 size-medium\" src=\"https:\/\/idyllic.app\/wp-content\/uploads\/2024\/02\/cocktail-dress-m-300x300.jpeg\" sizes=\"auto, (max-width: 1024px) 100vw, 1024px\" alt=\"Generador AI Hot Girl \" width=\"300\" height=\"300\" srcset=\"https:\/\/idyllic.app\/wp-content\/uploads\/2024\/02\/cocktail-dress-m-300x300.jpeg 300w, https:\/\/idyllic.app\/wp-content\/uploads\/2024\/02\/cocktail-dress-m-1024x1024.jpeg 1024w, https:\/\/idyllic.app\/wp-content\/uploads\/2024\/02\/cocktail-dress-m-150x150.jpeg 150w, https:\/\/idyllic.app\/wp-content\/uploads\/2024\/02\/cocktail-dress-m-768x768.jpeg 768w, https:\/\/idyllic.app\/wp-content\/uploads\/2024\/02\/cocktail-dress-m.jpeg 800w\" \/><\/noscript><\/figure>\n<figure class=\"wp-block-image size-full\"><\/figure>\n<\/div>\n<div class=\"wp-block-column is-style-default is-layout-flow wp-block-column-is-layout-flow\" style=\"padding-top: 0;\">\n<figure class=\"wp-block-image size-full\"><img loading=\"lazy\" decoding=\"async\" class=\"alignnone wp-image-16247 size-medium lazyload\" data-src=\"https:\/\/idyllic.app\/wp-content\/uploads\/2024\/02\/fashion-show-300x300.jpeg\" data-sizes=\"auto, (max-width: 1024px) 100vw, 1024px\" alt=\"Generador AI Hot Girl \" width=\"300\" height=\"300\" data-srcset=\"https:\/\/idyllic.app\/wp-content\/uploads\/2024\/02\/fashion-show-300x300.jpeg 300w, https:\/\/idyllic.app\/wp-content\/uploads\/2024\/02\/fashion-show-1024x1024.jpeg 1024w, https:\/\/idyllic.app\/wp-content\/uploads\/2024\/02\/fashion-show-150x150.jpeg 150w, https:\/\/idyllic.app\/wp-content\/uploads\/2024\/02\/fashion-show-768x768.jpeg 768w, https:\/\/idyllic.app\/wp-content\/uploads\/2024\/02\/fashion-show.jpeg 800w\" src=\"data:image\/gif;base64,R0lGODlhAQABAAAAACH5BAEKAAEALAAAAAABAAEAAAICTAEAOw==\" style=\"--smush-placeholder-width: 300px; --smush-placeholder-aspect-ratio: 300\/300;\" \/><noscript><img loading=\"lazy\" decoding=\"async\" class=\"alignnone wp-image-16247 size-medium\" src=\"https:\/\/idyllic.app\/wp-content\/uploads\/2024\/02\/fashion-show-300x300.jpeg\" sizes=\"auto, (max-width: 1024px) 100vw, 1024px\" alt=\"Generador AI Hot Girl \" width=\"300\" height=\"300\" srcset=\"https:\/\/idyllic.app\/wp-content\/uploads\/2024\/02\/fashion-show-300x300.jpeg 300w, https:\/\/idyllic.app\/wp-content\/uploads\/2024\/02\/fashion-show-1024x1024.jpeg 1024w, https:\/\/idyllic.app\/wp-content\/uploads\/2024\/02\/fashion-show-150x150.jpeg 150w, https:\/\/idyllic.app\/wp-content\/uploads\/2024\/02\/fashion-show-768x768.jpeg 768w, https:\/\/idyllic.app\/wp-content\/uploads\/2024\/02\/fashion-show.jpeg 800w\" \/><\/noscript><\/figure>\n<figure class=\"wp-block-image size-large\"><\/figure>\n<\/div>\n<\/div>\n<\/div>\n<div class=\"wp-block-column is-vertically-aligned-center has-neutral-0-background-color has-background-background-color has-background is-layout-flow wp-block-column-is-layout-flow has-position-relative\" style=\"padding: 0;\">\n<div class=\"wp-block-group has-filter has-transform has-primary-light-gradient-background has-background is-layout-constrained wp-block-group-is-layout-constrained has-position-absolute has-top has-right has-bottom has-left has-z-index\" style=\"filter: blur(60px); transform: scale(1); --top: 0px; --right: 0px; --bottom: 0px; --left: 0px; margin: 0;\"><\/div>\n<div class=\"wp-block-columns is-stacked-on-mobile is-stacked-on-mobile is-not-stacked-on-mobile is-layout-flex wp-container-core-columns-layout-5 wp-block-columns-is-layout-flex has-position-relative has-z-index\" style=\"--z-index: 1; margin-top: 0; margin-bottom: 0;\" data-columns=\"2\">\n<div class=\"wp-block-column is-style-default is-layout-flow wp-block-column-is-layout-flow\" style=\"padding-top: var(--wp--preset--spacing--md);\">\n<figure class=\"wp-block-image size-large\"><img loading=\"lazy\" decoding=\"async\" class=\"alignnone wp-image-16246 size-medium lazyload\" data-src=\"https:\/\/idyllic.app\/wp-content\/uploads\/2024\/02\/garter-300x265.jpeg\" data-sizes=\"auto, (max-width: 1024px) 100vw, 1024px\" alt=\"Generador AI Hot Girl\" width=\"300\" height=\"265\" data-srcset=\"https:\/\/idyllic.app\/wp-content\/uploads\/2024\/02\/garter-300x265.jpeg 300w, https:\/\/idyllic.app\/wp-content\/uploads\/2024\/02\/garter-1024x904.jpeg 1024w, https:\/\/idyllic.app\/wp-content\/uploads\/2024\/02\/garter-768x678.jpeg 768w, https:\/\/idyllic.app\/wp-content\/uploads\/2024\/02\/garter.jpeg 1088w\" src=\"data:image\/gif;base64,R0lGODlhAQABAAAAACH5BAEKAAEALAAAAAABAAEAAAICTAEAOw==\" style=\"--smush-placeholder-width: 300px; --smush-placeholder-aspect-ratio: 300\/265;\" \/><noscript><img loading=\"lazy\" decoding=\"async\" class=\"alignnone wp-image-16246 size-medium\" src=\"https:\/\/idyllic.app\/wp-content\/uploads\/2024\/02\/garter-300x265.jpeg\" sizes=\"auto, (max-width: 1024px) 100vw, 1024px\" alt=\"Generador AI Hot Girl\" width=\"300\" height=\"265\" srcset=\"https:\/\/idyllic.app\/wp-content\/uploads\/2024\/02\/garter-300x265.jpeg 300w, https:\/\/idyllic.app\/wp-content\/uploads\/2024\/02\/garter-1024x904.jpeg 1024w, https:\/\/idyllic.app\/wp-content\/uploads\/2024\/02\/garter-768x678.jpeg 768w, https:\/\/idyllic.app\/wp-content\/uploads\/2024\/02\/garter.jpeg 1088w\" \/><\/noscript><\/figure>\n<figure class=\"wp-block-image size-full\"><\/figure>\n<\/div>\n<div class=\"wp-block-column is-style-default is-layout-flow wp-block-column-is-layout-flow\" style=\"padding-top: 0;\">\n<figure class=\"wp-block-image size-full\"><img loading=\"lazy\" decoding=\"async\" class=\"alignnone wp-image-16240 size-medium lazyload\" data-src=\"https:\/\/idyllic.app\/wp-content\/uploads\/2024\/02\/underpants-300x300.jpeg\" data-sizes=\"auto, (max-width: 1024px) 100vw, 1024px\" alt=\"Generador AI Hot Girl\" width=\"300\" height=\"300\" data-srcset=\"https:\/\/idyllic.app\/wp-content\/uploads\/2024\/02\/underpants-300x300.jpeg 300w, https:\/\/idyllic.app\/wp-content\/uploads\/2024\/02\/underpants-150x150.jpeg 150w, https:\/\/idyllic.app\/wp-content\/uploads\/2024\/02\/underpants-768x768.jpeg 768w, https:\/\/idyllic.app\/wp-content\/uploads\/2024\/02\/underpants.jpeg 1024w\" src=\"data:image\/gif;base64,R0lGODlhAQABAAAAACH5BAEKAAEALAAAAAABAAEAAAICTAEAOw==\" style=\"--smush-placeholder-width: 300px; --smush-placeholder-aspect-ratio: 300\/300;\" \/><noscript><img loading=\"lazy\" decoding=\"async\" class=\"alignnone wp-image-16240 size-medium\" src=\"https:\/\/idyllic.app\/wp-content\/uploads\/2024\/02\/underpants-300x300.jpeg\" sizes=\"auto, (max-width: 1024px) 100vw, 1024px\" alt=\"Generador AI Hot Girl\" width=\"300\" height=\"300\" srcset=\"https:\/\/idyllic.app\/wp-content\/uploads\/2024\/02\/underpants-300x300.jpeg 300w, https:\/\/idyllic.app\/wp-content\/uploads\/2024\/02\/underpants-150x150.jpeg 150w, https:\/\/idyllic.app\/wp-content\/uploads\/2024\/02\/underpants-768x768.jpeg 768w, https:\/\/idyllic.app\/wp-content\/uploads\/2024\/02\/underpants.jpeg 1024w\" \/><\/noscript><\/figure>\n<figure class=\"wp-block-image size-large\"><\/figure>\n<\/div>\n<\/div>\n<\/div>\n<\/div>\n<section>\n<h2>Crea impresionantes Im\u00e1genes femeninas generadas con nuestro Generador de Chicas Calientes AI<\/h2>\n<p class=\"whitespace-pre-wrap break-words\">Desbloquea un reino de cautivadora belleza femenina con el innovador Generador de Chicas Picantes de Idyllic. Aprovecha el poder de la inteligencia artificial de vanguardia para conjurar retratos visualmente asombrosos de mujeres seductoras que traspasan los l\u00edmites del arte convencional.<\/p>\n<p class=\"whitespace-pre-wrap break-words\">Tanto si quieres evocar una sensaci\u00f3n de seductora elegancia, de juvenil vitalidad o de hirviente confianza, nuestros avanzados algoritmos traducir\u00e1n tus indicaciones descriptivas en obras maestras digitales que exudan la esencia misma de la forma femenina. Sum\u00e9rgete en un mundo donde tus palabras dan vida a hipnotizantes retratos generados por la IA, cada uno de ellos una obra de arte \u00fanica.<\/p>\n<p class=\"whitespace-pre-wrap break-words\">Profundiza en los detalles matizados que definen la belleza femenina: la mirada cautivadora, la exuberante plenitud de los labios, la tez suave e impecable. Nuestro Generador AI Hot Girl te permite esculpir estos rasgos con una precisi\u00f3n sin igual, imbuyendo a tus creaciones de un nivel de realismo que difumina la l\u00ednea entre lo digital y lo f\u00edsico.<\/p>\n<p class=\"whitespace-pre-wrap break-words\">Trasciende los l\u00edmites del arte tradicional del retrato y abre nuevas fronteras a la expresi\u00f3n creativa. Idyllic te invita a explorar la cautivadora interacci\u00f3n de texto y tecnolog\u00eda, en la que tu lenguaje descriptivo se convierte en el catalizador para la aparici\u00f3n de retratos femeninos de impresionante realismo.<\/p>\n<p class=\"whitespace-pre-wrap break-words\">Abraza la emoci\u00f3n del descubrimiento art\u00edstico y s\u00e9 testigo de la transformaci\u00f3n de tu imaginaci\u00f3n en realidad visual. Prep\u00e1rate para dejarte cautivar mientras descubres un mundo de seductores retratos femeninos generados por la IA, cada uno de ellos un testimonio del ilimitado potencial de la creatividad humana y la innovaci\u00f3n tecnol\u00f3gica.<\/p>\n<h2>Im\u00e1genes personalizadas de alta resoluci\u00f3n<\/h2>\n<p>Seleccione entre varias resoluciones de imagen para adaptarse a sus necesidades. Tanto si necesitas una impresionante foto de perfil como un p\u00f3ster de gran tama\u00f1o para tu pared, nuestro generador de chicas calientes ofrece una calidad de primera en todos los tama\u00f1os.<\/p>\n<h2>Mezcla y remezcla tus creaciones<\/h2>\n<p>\u00bfAlguna vez has querido ver a tu ni\u00f1a generada en el estilo art\u00edstico de Van Gogh? Con la funci\u00f3n \u00abRemix\u00bb, puedes mezclar tus resultados con tus estilos art\u00edsticos favoritos. Mezclar y combinar nunca hab\u00eda sido tan innovador y divertido.<\/p>\n<h2>Comunidad y compartir<\/h2>\n<p>Mant\u00e9n la creatividad navegando por las creaciones de otros usuarios. Participe en una comunidad con una pasi\u00f3n com\u00fan por el arte y la belleza: siga, comente y comparta hilos art\u00edsticos que muestren el proceso de creaci\u00f3n.<\/p>\n<\/section>\n<div class=\"wp-block-group alignfull is-layout-constrained wp-block-group-is-layout-constrained\" style=\"padding-top: var(--wp--preset--spacing--xs); padding-bottom: var(--wp--preset--spacing--xs); margin-top: 0;\">\n<div class=\"wp-block-group is-layout-constrained wp-container-core-group-layout-42 wp-block-group-is-layout-constrained\">\n<div class=\"wp-block-group is-content-justification-center is-nowrap is-layout-flex wp-container-core-group-layout-41 wp-block-group-is-layout-flex\"><\/div>\n<h3 id=\"frequently-asked-questions\" class=\"wp-block-heading has-text-align-center\">Preguntas frecuentes<\/h3>\n<\/div>\n<\/div>\n<section>\n<h3><strong>\u00bfPuedo utilizar los retratos femeninos generados con fines comerciales?<\/strong><\/h3>\n<p>Absolutamente. Los retratos femeninos, generados por IA, creados con el Generador AI Hot Girl de Idyllic son adecuados para una amplia gama de aplicaciones profesionales y comerciales, siempre que cumplas nuestras condiciones de servicio. Desde seductores envases de productos y cautivadores materiales de marketing hasta encargos art\u00edsticos y proyectos creativos que exigen un toque de elegancia, estos retratos visualmente impactantes poseen el poder de elevar tu trabajo y cautivar a tu p\u00fablico. Por supuesto, te pedimos que respetes cualquier consideraci\u00f3n pertinente en materia de propiedad intelectual o derechos de autor cuando incorpores las im\u00e1genes generadas a tus iniciativas comerciales.<\/p>\n<h3><strong>\u00bfHay alg\u00fan l\u00edmite en el n\u00famero de retratos femeninos que puedo crear?<\/strong><\/h3>\n<p>En absoluto. El Generador AI de Chicas Picantes de Idyllic ofrece un lienzo creativo ilimitado, que te permite explorar las profundidades de tu imaginaci\u00f3n y crear un sinf\u00edn de atractivos retratos femeninos. Tanto si eres un artista que busca construir una cartera diversa de obras de arte digitales cautivadoras, un dise\u00f1ador en busca de inspiraci\u00f3n fresca o simplemente alguien que aprecia la belleza femenina y cruda que yace en el coraz\u00f3n de la forma humana, puedes aprovechar nuestra potente tecnolog\u00eda de IA sin ninguna restricci\u00f3n, dando rienda suelta a tus deseos m\u00e1s profundos sobre el lienzo digital.<\/p>\n<\/section>\n<div class=\"wp-block-group alignfull is-layout-constrained wp-block-group-is-layout-constrained\">\n<div class=\"wp-block-group alignwide is-style-default is-layout-flow wp-block-group-is-layout-flow has-position-relative\" style=\"border-radius: 12px;\">\n<div class=\"wp-block-group is-style-default has-surface-background-color has-background is-layout-constrained wp-container-core-group-layout-51 wp-block-group-is-layout-constrained has-position-relative has-z-index\" style=\"border-radius: 30px; --z-index: 1; margin-top: 0; margin-bottom: 0; padding: var(--wp--preset--spacing--xl) var(--wp--preset--spacing--sm) var(--wp--preset--spacing--xl) var(--wp--preset--spacing--sm);\">\n<h2 id=\"ready-to-get-started\" class=\"wp-block-heading has-text-align-center\">\u00bfListo para empezar?<\/h2>\n<p class=\"wp-block-paragraph aligncenter has-text-align-center aligncenter\" style=\"margin-top: var(--wp--preset--spacing--xs);\">\u00danete a la comunidad de m\u00e1s de 70.000 artistas que ya utilizan Idyllic<\/p>\n<div class=\"wp-block-buttons is-content-justification-center is-layout-flex wp-container-core-buttons-layout-7 wp-block-buttons-is-layout-flex\">\n<div class=\"wp-block-button has-box-shadow is-style-fill is-style-large\"><a class=\"wp-block-button__link has-surface-color has-contrast-background-color has-text-color has-background wp-element-button\" href=\"https:\/\/create.idyllic.app\/?origin=ai-hot-girl-generator\" target=\"_blank\" rel=\"noopener\">Comenzar<\/a><\/div>\n<\/div>\n<\/div>\n<\/div>\n<\/div>\n","protected":false},"excerpt":{"rendered":"<p>Descubra nuestras novedades AI Hot Girl Generator &#8211; Hermosas im\u00e1genes HD en segundos Da vida a la chica de tus sue\u00f1os con nuestro generador de im\u00e1genes AI. No se requieren habilidades art\u00edsticas, simplemente describe a la chica en tu mente y deja que nuestra IA haga el resto en segundos. \u00a1Explora nuestra enorme colecci\u00f3n de &hellip;<\/p>\n","protected":false},"author":2,"featured_media":0,"parent":0,"menu_order":0,"comment_status":"closed","ping_status":"closed","template":"full-width","meta":{"footnotes":""},"class_list":["post-23718","page","type-page","status-publish","hentry"],"_links":{"self":[{"href":"https:\/\/idyllic.app\/es\/wp-json\/wp\/v2\/pages\/23718","targetHints":{"allow":["GET"]}}],"collection":[{"href":"https:\/\/idyllic.app\/es\/wp-json\/wp\/v2\/pages"}],"about":[{"href":"https:\/\/idyllic.app\/es\/wp-json\/wp\/v2\/types\/page"}],"author":[{"embeddable":true,"href":"https:\/\/idyllic.app\/es\/wp-json\/wp\/v2\/users\/2"}],"replies":[{"embeddable":true,"href":"https:\/\/idyllic.app\/es\/wp-json\/wp\/v2\/comments?post=23718"}],"version-history":[{"count":4,"href":"https:\/\/idyllic.app\/es\/wp-json\/wp\/v2\/pages\/23718\/revisions"}],"predecessor-version":[{"id":62360,"href":"https:\/\/idyllic.app\/es\/wp-json\/wp\/v2\/pages\/23718\/revisions\/62360"}],"wp:attachment":[{"href":"https:\/\/idyllic.app\/es\/wp-json\/wp\/v2\/media?parent=23718"}],"curies":[{"name":"wp","href":"https:\/\/api.w.org\/{rel}","templated":true}]}}