{"id":23819,"date":"2024-02-16T05:48:36","date_gmt":"2024-02-16T05:48:36","guid":{"rendered":"https:\/\/idyllic.app\/la-ultima-generacion-de-pixel-art-de-spider-man\/"},"modified":"2024-02-19T09:43:01","modified_gmt":"2024-02-19T09:43:01","slug":"la-ultima-generacion-de-pixel-art-de-spider-man","status":"publish","type":"page","link":"https:\/\/idyllic.app\/es\/la-ultima-generacion-de-pixel-art-de-spider-man\/","title":{"rendered":"La \u00faltima generaci\u00f3n de pixel art de Spider Man"},"content":{"rendered":"<div class=\"wp-block-columns is-stacked-on-mobile alignwide are-vertically-aligned-center is-layout-flex wp-container-core-columns-layout-1 wp-block-columns-is-layout-flex\" style=\"margin-top: 0; margin-bottom: 0;\" data-columns=\"2\">\n<div class=\"wp-block-column is-vertically-aligned-center is-layout-flow wp-block-column-is-layout-flow\" style=\"padding-top: 0; padding-bottom: 0; margin: 0;\">\n<div class=\"wp-block-group is-layout-flow wp-block-group-is-layout-flow\" style=\"padding-top: 0; padding-bottom: 0;\">\n<div class=\"wp-block-group is-nowrap is-layout-flex wp-container-core-group-layout-7 wp-block-group-is-layout-flex\" style=\"margin-top: 0;\">\n<div class=\"wp-block-group has-primary-100-gradient-background has-background is-nowrap is-layout-flex wp-container-core-group-layout-6 wp-block-group-is-layout-flex has-position-relative\" style=\"border-radius: 99px; font-style: normal; font-weight: 500;\">\n<p class=\"wp-block-paragraph aligncenter has-text-align-center is-style-default has-background has-12-font-size aligncenter has-position-relative has-z-index\" style=\"border-style: none; border-width: 0px; border-radius: 99px; background: linear-gradient(135deg,#fecda5 0%,#f7555d 100%); line-height: 1; --z-index: 1; padding: 6px var(--wp--preset--spacing--xxs) 6px var(--wp--preset--spacing--xxs);\">Descubra nuestras novedades<\/p>\n<\/div>\n<\/div>\n<h1 id=\"design-system-and-ui-kit-for-modern-websites\" class=\"wp-block-heading has-52-font-size\" style=\"margin-top: var(--wp--preset--spacing--sm); line-height: 1.1;\">La \u00faltima generaci\u00f3n de pixel art de Spider Man<\/h1>\n<div class=\"wp-block-group is-layout-constrained wp-container-core-group-layout-8 wp-block-group-is-layout-constrained\">\n<p class=\"wp-block-paragraph \">Aprovecha el poder de Idyllic para crear sin esfuerzo impresionantes obras de Pixel Art de Spider Man para tus proyectos personales o comunitarios. No se necesitan conocimientos de programaci\u00f3n ni de dise\u00f1o gr\u00e1fico.<\/p>\n<\/div>\n<div class=\"wp-block-group is-nowrap is-layout-flex wp-container-core-group-layout-10 wp-block-group-is-layout-flex\" style=\"padding-top: var(--wp--preset--spacing--sm); padding-bottom: var(--wp--preset--spacing--sm); margin-top: 0; margin-bottom: 0;\">\n<div class=\"wp-block-buttons has-neutral-800-background-color has-background is-layout-flex wp-block-buttons-is-layout-flex\" style=\"margin: 0; padding: 1px;\">\n<div class=\"wp-block-button has-box-shadow\"><a class=\"wp-block-button__link wp-element-button\" href=\"https:\/\/create.idyllic.app\">Comenzar<\/a><\/div>\n<\/div>\n<div class=\"wp-block-group is-layout-flow wp-block-group-is-layout-flow has-position-relative\" style=\"margin-top: 0; margin-bottom: 0;\">\n<div class=\"wp-block-spacer has-primary-100-gradient-background has-background has-position-absolute has-z-index\" style=\"height: 100px; filter: blur(30px); margin: 0;\" aria-hidden=\"true\"><\/div>\n<div class=\"wp-block-buttons has-primary-gradient-background has-background is-layout-flex wp-container-core-buttons-layout-3 wp-block-buttons-is-layout-flex has-position-relative has-z-index\" style=\"--z-index: 1; margin: 0; padding: 1px;\">\n<div class=\"wp-block-button has-box-shadow is-style-fill has-display-none-mobile\" style=\"border-radius: 7px; margin-top: 0; margin-bottom: 0;\"><a class=\"wp-block-button__link has-neutral-800-color has-neutral-0-background-color has-text-color has-background wp-element-button\" style=\"border-radius: 7px; margin-top: 0; margin-bottom: 0;\" href=\"#\">M\u00e1s informaci\u00f3n<\/a><\/div>\n<\/div>\n<\/div>\n<\/div>\n<div class=\"wp-block-group is-nowrap is-layout-flex wp-container-core-group-layout-11 wp-block-group-is-layout-flex\" style=\"margin-top: 0; margin-bottom: 0;\">\n<p class=\"wp-block-paragraph is-style-default has-14-font-size\" style=\"margin-top: 0; margin-bottom: 0; letter-spacing: 4px; line-height: 1;\">\u2605\u2605\u2605\u2605\u2605<\/p>\n<p class=\"wp-block-paragraph has-14-font-size\" style=\"margin-top: var(--wp--preset--spacing--xxs); margin-bottom: var(--wp--preset--spacing--xxs);\">M\u00e1s de 30.000 usuarios<\/p>\n<\/div>\n<\/div>\n<\/div>\n<div class=\"wp-block-column is-vertically-aligned-center is-layout-flow wp-block-column-is-layout-flow\">\n<div class=\"wp-block-group is-style-default has-neutral-0-background-color has-background is-layout-flow wp-container-core-group-layout-14 wp-block-group-is-layout-flow has-position-relative has-z-index\" style=\"border-radius: 8px; transform: scale(1.1) translateX(1.5em); --z-index: 1; margin-top: 0; margin-bottom: 0;\">\n<div class=\"wp-block-spacer margin-auto has-background has-position-absolute has-top has-right has-bottom has-left has-z-index has-width\" style=\"border-radius: 99px; background: linear-gradient(135deg,#fecda5 0%,#f7555d 100%); height: 400px; filter: blur(80px) opacity(20%); transform: rotate(30deg); --top: 0px; --right: 0px; --bottom: 0px; --left: 0px; --width: 400px; margin: 0;\" aria-hidden=\"true\"><\/div>\n<div class=\"wp-block-group has-neutral-0-background-color has-background is-layout-flow wp-container-core-group-layout-13 wp-block-group-is-layout-flow has-position-relative has-z-index\" style=\"border-radius: 8px; --z-index: 1; margin-top: 0; margin-bottom: 0; padding: 0 var(--wp--preset--spacing--xxs) var(--wp--preset--spacing--xxs) var(--wp--preset--spacing--xxs);\">\n<figure class=\"wp-block-image size-large is-resized has-display-none-mobile\"><img loading=\"lazy\" decoding=\"async\" class=\"wp-image-15919 lazyload\" style=\"--smush-placeholder-width: 1024px; --smush-placeholder-aspect-ratio: 1024\/1024;width: 467px; height: auto;\" data-src=\"https:\/\/idyllic.app\/wp-content\/uploads\/2024\/02\/309316.jpeg\" data-sizes=\"auto, (max-width: 1024px) 100vw, 1024px\" alt=\"\" width=\"1024\" height=\"1024\" src=\"data:image\/gif;base64,R0lGODlhAQABAAAAACH5BAEKAAEALAAAAAABAAEAAAICTAEAOw==\"><noscript><img loading=\"lazy\" decoding=\"async\" class=\"wp-image-15919\" style=\"width: 467px; height: auto;\" src=\"https:\/\/idyllic.app\/wp-content\/uploads\/2024\/02\/309316.jpeg\" sizes=\"auto, (max-width: 1024px) 100vw, 1024px\" alt=\"\" width=\"1024\" height=\"1024\"><\/noscript><\/figure>\n<\/div>\n<\/div>\n<\/div>\n<\/div>\n<div class=\"wp-block-columns is-stacked-on-mobile alignwide are-vertically-aligned-center is-layout-flex wp-container-core-columns-layout-7 wp-block-columns-is-layout-flex\" data-columns=\"2\">\n<div class=\"wp-block-column is-vertically-aligned-center has-neutral-0-background-color has-background-background-color has-background is-layout-flow wp-block-column-is-layout-flow has-position-relative\" style=\"padding: 0;\">\n<div class=\"wp-block-group has-filter has-transform has-primary-light-gradient-background has-background is-layout-constrained wp-block-group-is-layout-constrained has-position-absolute has-top has-right has-bottom has-left has-z-index\" style=\"filter: blur(60px); transform: scale(1); --top: 0px; --right: 0px; --bottom: 0px; --left: 0px; margin: 0;\"><\/div>\n<div class=\"wp-block-columns is-stacked-on-mobile is-stacked-on-mobile is-not-stacked-on-mobile is-layout-flex wp-container-core-columns-layout-5 wp-block-columns-is-layout-flex has-position-relative has-z-index\" style=\"--z-index: 1; margin-top: 0; margin-bottom: 0;\" data-columns=\"2\">\n<div class=\"wp-block-column is-style-default is-layout-flow wp-block-column-is-layout-flow\" style=\"padding-top: var(--wp--preset--spacing--md);\">\n<figure class=\"wp-block-image size-large\"><img loading=\"lazy\" decoding=\"async\" class=\"wp-image-15920 lazyload\" data-src=\"https:\/\/idyllic.app\/wp-content\/uploads\/2024\/02\/309316.jpeg\" data-sizes=\"auto, (max-width: 1024px) 100vw, 1024px\" alt=\"\" width=\"1024\" height=\"1024\" src=\"data:image\/gif;base64,R0lGODlhAQABAAAAACH5BAEKAAEALAAAAAABAAEAAAICTAEAOw==\" style=\"--smush-placeholder-width: 1024px; --smush-placeholder-aspect-ratio: 1024\/1024;\"><noscript><img loading=\"lazy\" decoding=\"async\" class=\"wp-image-15920\" src=\"https:\/\/idyllic.app\/wp-content\/uploads\/2024\/02\/309316.jpeg\" sizes=\"auto, (max-width: 1024px) 100vw, 1024px\" alt=\"\" width=\"1024\" height=\"1024\"><\/noscript><\/figure>\n<figure class=\"wp-block-image size-full\"><img loading=\"lazy\" decoding=\"async\" class=\"wp-image-15812 lazyload\" data-src=\"https:\/\/idyllic.app\/wp-content\/uploads\/2024\/02\/309317.jpeg\" data-sizes=\"auto, (max-width: 1024px) 100vw, 1024px\" alt=\"\" width=\"1024\" height=\"1024\" src=\"data:image\/gif;base64,R0lGODlhAQABAAAAACH5BAEKAAEALAAAAAABAAEAAAICTAEAOw==\" style=\"--smush-placeholder-width: 1024px; --smush-placeholder-aspect-ratio: 1024\/1024;\"><noscript><img loading=\"lazy\" decoding=\"async\" class=\"wp-image-15812\" src=\"https:\/\/idyllic.app\/wp-content\/uploads\/2024\/02\/309317.jpeg\" sizes=\"auto, (max-width: 1024px) 100vw, 1024px\" alt=\"\" width=\"1024\" height=\"1024\"><\/noscript><\/figure>\n<\/div>\n<div class=\"wp-block-column is-style-default is-layout-flow wp-block-column-is-layout-flow\" style=\"padding-top: 0;\">\n<figure class=\"wp-block-image size-full\"><img loading=\"lazy\" decoding=\"async\" class=\"wp-image-15921 lazyload\" data-src=\"https:\/\/idyllic.app\/wp-content\/uploads\/2024\/02\/309307.jpeg\" data-sizes=\"auto, (max-width: 1024px) 100vw, 1024px\" alt=\"\" width=\"1024\" height=\"1024\" src=\"data:image\/gif;base64,R0lGODlhAQABAAAAACH5BAEKAAEALAAAAAABAAEAAAICTAEAOw==\" style=\"--smush-placeholder-width: 1024px; --smush-placeholder-aspect-ratio: 1024\/1024;\"><noscript><img loading=\"lazy\" decoding=\"async\" class=\"wp-image-15921\" src=\"https:\/\/idyllic.app\/wp-content\/uploads\/2024\/02\/309307.jpeg\" sizes=\"auto, (max-width: 1024px) 100vw, 1024px\" alt=\"\" width=\"1024\" height=\"1024\"><\/noscript><\/figure>\n<figure class=\"wp-block-image size-large\"><img loading=\"lazy\" decoding=\"async\" class=\"wp-image-15919 lazyload\" data-src=\"https:\/\/idyllic.app\/wp-content\/uploads\/2024\/02\/309312.jpeg\" data-sizes=\"auto, (max-width: 1024px) 100vw, 1024px\" alt=\"\" width=\"1024\" height=\"1024\" src=\"data:image\/gif;base64,R0lGODlhAQABAAAAACH5BAEKAAEALAAAAAABAAEAAAICTAEAOw==\" style=\"--smush-placeholder-width: 1024px; --smush-placeholder-aspect-ratio: 1024\/1024;\"><noscript><img loading=\"lazy\" decoding=\"async\" class=\"wp-image-15919\" src=\"https:\/\/idyllic.app\/wp-content\/uploads\/2024\/02\/309312.jpeg\" sizes=\"auto, (max-width: 1024px) 100vw, 1024px\" alt=\"\" width=\"1024\" height=\"1024\"><\/noscript><\/figure>\n<\/div>\n<\/div>\n<\/div>\n<div class=\"wp-block-column is-vertically-aligned-center has-neutral-0-background-color has-background-background-color has-background is-layout-flow wp-block-column-is-layout-flow has-position-relative\" style=\"padding: 0;\">\n<div class=\"wp-block-group has-filter has-transform has-primary-light-gradient-background has-background is-layout-constrained wp-block-group-is-layout-constrained has-position-absolute has-top has-right has-bottom has-left has-z-index\" style=\"filter: blur(60px); transform: scale(1); --top: 0px; --right: 0px; --bottom: 0px; --left: 0px; margin: 0;\"><\/div>\n<div class=\"wp-block-columns is-stacked-on-mobile is-stacked-on-mobile is-not-stacked-on-mobile is-layout-flex wp-container-core-columns-layout-5 wp-block-columns-is-layout-flex has-position-relative has-z-index\" style=\"--z-index: 1; margin-top: 0; margin-bottom: 0;\" data-columns=\"2\">\n<div class=\"wp-block-column is-style-default is-layout-flow wp-block-column-is-layout-flow\" style=\"padding-top: var(--wp--preset--spacing--md);\">\n<figure class=\"wp-block-image size-large\"><img loading=\"lazy\" decoding=\"async\" class=\"wp-image-15920 lazyload\" data-src=\"https:\/\/idyllic.app\/wp-content\/uploads\/2024\/02\/309311.jpeg\" data-sizes=\"auto, (max-width: 1024px) 100vw, 1024px\" alt=\"\" width=\"1024\" height=\"1024\" src=\"data:image\/gif;base64,R0lGODlhAQABAAAAACH5BAEKAAEALAAAAAABAAEAAAICTAEAOw==\" style=\"--smush-placeholder-width: 1024px; --smush-placeholder-aspect-ratio: 1024\/1024;\"><noscript><img loading=\"lazy\" decoding=\"async\" class=\"wp-image-15920\" src=\"https:\/\/idyllic.app\/wp-content\/uploads\/2024\/02\/309311.jpeg\" sizes=\"auto, (max-width: 1024px) 100vw, 1024px\" alt=\"\" width=\"1024\" height=\"1024\"><\/noscript><\/figure>\n<figure class=\"wp-block-image size-full\"><img loading=\"lazy\" decoding=\"async\" class=\"wp-image-15812 lazyload\" data-src=\"https:\/\/idyllic.app\/wp-content\/uploads\/2024\/02\/309310.jpeg\" data-sizes=\"auto, (max-width: 1024px) 100vw, 1024px\" alt=\"\" width=\"1024\" height=\"1024\" src=\"data:image\/gif;base64,R0lGODlhAQABAAAAACH5BAEKAAEALAAAAAABAAEAAAICTAEAOw==\" style=\"--smush-placeholder-width: 1024px; --smush-placeholder-aspect-ratio: 1024\/1024;\"><noscript><img loading=\"lazy\" decoding=\"async\" class=\"wp-image-15812\" src=\"https:\/\/idyllic.app\/wp-content\/uploads\/2024\/02\/309310.jpeg\" sizes=\"auto, (max-width: 1024px) 100vw, 1024px\" alt=\"\" width=\"1024\" height=\"1024\"><\/noscript><\/figure>\n<\/div>\n<div class=\"wp-block-column is-style-default is-layout-flow wp-block-column-is-layout-flow\" style=\"padding-top: 0;\">\n<figure class=\"wp-block-image size-full\"><img loading=\"lazy\" decoding=\"async\" class=\"wp-image-15921 lazyload\" data-src=\"https:\/\/idyllic.app\/wp-content\/uploads\/2024\/02\/309318.jpeg\" data-sizes=\"auto, (max-width: 1024px) 100vw, 1024px\" alt=\"\" width=\"1024\" height=\"1024\" src=\"data:image\/gif;base64,R0lGODlhAQABAAAAACH5BAEKAAEALAAAAAABAAEAAAICTAEAOw==\" style=\"--smush-placeholder-width: 1024px; --smush-placeholder-aspect-ratio: 1024\/1024;\"><noscript><img loading=\"lazy\" decoding=\"async\" class=\"wp-image-15921\" src=\"https:\/\/idyllic.app\/wp-content\/uploads\/2024\/02\/309318.jpeg\" sizes=\"auto, (max-width: 1024px) 100vw, 1024px\" alt=\"\" width=\"1024\" height=\"1024\"><\/noscript><\/figure>\n<figure class=\"wp-block-image size-large\"><img loading=\"lazy\" decoding=\"async\" class=\"wp-image-15919 lazyload\" data-src=\"https:\/\/idyllic.app\/wp-content\/uploads\/2024\/02\/309309.jpeg\" data-sizes=\"auto, (max-width: 1024px) 100vw, 1024px\" alt=\"\" width=\"1024\" height=\"1024\" src=\"data:image\/gif;base64,R0lGODlhAQABAAAAACH5BAEKAAEALAAAAAABAAEAAAICTAEAOw==\" style=\"--smush-placeholder-width: 1024px; --smush-placeholder-aspect-ratio: 1024\/1024;\"><noscript><img loading=\"lazy\" decoding=\"async\" class=\"wp-image-15919\" src=\"https:\/\/idyllic.app\/wp-content\/uploads\/2024\/02\/309309.jpeg\" sizes=\"auto, (max-width: 1024px) 100vw, 1024px\" alt=\"\" width=\"1024\" height=\"1024\"><\/noscript><\/figure>\n<\/div>\n<\/div>\n<\/div>\n<\/div>\n<section>\n<div>\n<h2>Crea f\u00e1cilmente tu propio Spiderman Pixel Art<\/h2>\n<p>Con la exclusiva funci\u00f3n de generaci\u00f3n de texto a imagen de Idyllic, crear tus propias im\u00e1genes pixel art del hombre ara\u00f1a nunca hab\u00eda sido tan f\u00e1cil. S\u00f3lo tienes que introducir tu descripci\u00f3n, especificar el estilo de p\u00edxel que necesitas y dejar que la aplicaci\u00f3n genere tu imagen perfecta. Elige la resoluci\u00f3n ideal para tu proyecto, desde baja hasta pixel art de alta calidad.<\/p>\n<h2>Iterar hasta la perfecci\u00f3n<\/h2>\n<p>Idyllic ofrece m\u00faltiples iteraciones que te permiten refinar tu pixel art de Spiderman. Puede solicitar cambios espec\u00edficos en la generaci\u00f3n de su imagen hasta que se ajuste exactamente a su visi\u00f3n. Una soluci\u00f3n sin esfuerzo para quienes buscan crear dise\u00f1os pixel art detallados y personalizados.<\/p>\n<h2>Experimente la funci\u00f3n Remix<\/h2>\n<p>Da rienda suelta a tu creatividad con la funci\u00f3n Remix de Idyllic. Mezcla hasta nueve im\u00e1genes diferentes de Spider Man o utiliza una imagen inspiradora como gu\u00eda para crear un pixel art de Spider Man \u00fanico.<\/p>\n<h2>Comparte tus creaciones<\/h2>\n<p>Una vez creada tu obra maestra, los flujos de trabajo de publicaci\u00f3n y compartici\u00f3n de Idyllic te permiten presumir de tu creaci\u00f3n dentro de la comunidad. Recibe comentarios, interact\u00faa con otros fans e insp\u00edrate para tu pr\u00f3ximo proyecto de pixel art de Spider Man.<\/p>\n<\/div>\n<\/section>\n<div class=\"wp-block-group alignfull is-layout-constrained wp-block-group-is-layout-constrained\" style=\"padding-top: var(--wp--preset--spacing--xs); padding-bottom: var(--wp--preset--spacing--xs); margin-top: 0;\">\n<div class=\"wp-block-group is-layout-constrained wp-container-core-group-layout-42 wp-block-group-is-layout-constrained\">\n<div class=\"wp-block-group is-content-justification-center is-nowrap is-layout-flex wp-container-core-group-layout-41 wp-block-group-is-layout-flex\"><\/div>\n<h3 id=\"frequently-asked-questions\" class=\"wp-block-heading has-text-align-center\">Preguntas frecuentes<\/h3>\n<\/div>\n<\/div>\n<section>\n<div>\n<h3>\u00bfPuedo generar el pixel art de cualquier personaje de Spiderman?<\/h3>\n<p>Por supuesto que s\u00ed. S\u00f3lo tienes que dar a Idyllic una descripci\u00f3n detallada del personaje que quieres generar al estilo del pixel art.<\/p>\n<h3>\u00bfPuedo utilizar mi pixel art de Spiderman con fines comerciales?<\/h3>\n<p>Las creaciones de Idyllic pueden utilizarse tanto para uso personal como comercial. Sin embargo, debido a restricciones de licencia, las im\u00e1genes generadas que contienen caracteres protegidos por derechos de autor pueden tener limitaciones de uso.<\/p>\n<\/div>\n<\/section>\n<div class=\"wp-block-group alignfull is-layout-constrained wp-block-group-is-layout-constrained\">\n<div class=\"wp-block-group alignwide is-style-default is-layout-flow wp-block-group-is-layout-flow has-position-relative\" style=\"border-radius: 12px;\">\n<div class=\"wp-block-spacer has-background has-position-absolute has-top has-right has-bottom has-left has-z-index has-width\" style=\"background: linear-gradient(135deg,#fecda5 0%,#f7555d 100%); height: 400px; filter: blur(120px) opacity(20%); transform: rotate(23deg); --top: -100px; --right: -200px; --width: 800px;\" aria-hidden=\"true\"><\/div>\n<div class=\"wp-block-group is-style-default has-surface-background-color has-background is-layout-constrained wp-container-core-group-layout-51 wp-block-group-is-layout-constrained has-position-relative has-z-index\" style=\"border-radius: 30px; --z-index: 1; margin-top: 0; margin-bottom: 0; padding: var(--wp--preset--spacing--xl) var(--wp--preset--spacing--sm) var(--wp--preset--spacing--xl) var(--wp--preset--spacing--sm);\">\n<h2 id=\"ready-to-get-started\" class=\"wp-block-heading has-text-align-center\">\u00bfListo para empezar?<\/h2>\n<p class=\"wp-block-paragraph aligncenter has-text-align-center aligncenter\" style=\"margin-top: var(--wp--preset--spacing--xs);\">\u00danete a la comunidad de m\u00e1s de 30.000 artistas que ya utilizan Idyllic<\/p>\n<div class=\"wp-block-buttons is-content-justification-center is-layout-flex wp-container-core-buttons-layout-7 wp-block-buttons-is-layout-flex\">\n<div class=\"wp-block-button has-box-shadow is-style-fill is-style-large\"><a class=\"wp-block-button__link has-surface-color has-contrast-background-color has-text-color has-background wp-element-button\" href=\"https:\/\/create.idyllic.app\" target=\"_blank\" rel=\"noreferrer noopener\">Comenzar<\/a><\/div>\n<\/div>\n<\/div>\n<\/div>\n<\/div>\n","protected":false},"excerpt":{"rendered":"<p>Descubra nuestras novedades La \u00faltima generaci\u00f3n de pixel art de Spider Man Aprovecha el poder de Idyllic para crear sin esfuerzo impresionantes obras de Pixel Art de Spider Man para tus proyectos personales o comunitarios. No se necesitan conocimientos de programaci\u00f3n ni de dise\u00f1o gr\u00e1fico. Comenzar M\u00e1s informaci\u00f3n \u2605\u2605\u2605\u2605\u2605 M\u00e1s de 30.000 usuarios Crea f\u00e1cilmente &hellip;<\/p>\n","protected":false},"author":2,"featured_media":0,"parent":0,"menu_order":0,"comment_status":"closed","ping_status":"closed","template":"","meta":{"footnotes":""},"class_list":["post-23819","page","type-page","status-publish","hentry"],"_links":{"self":[{"href":"https:\/\/idyllic.app\/es\/wp-json\/wp\/v2\/pages\/23819","targetHints":{"allow":["GET"]}}],"collection":[{"href":"https:\/\/idyllic.app\/es\/wp-json\/wp\/v2\/pages"}],"about":[{"href":"https:\/\/idyllic.app\/es\/wp-json\/wp\/v2\/types\/page"}],"author":[{"embeddable":true,"href":"https:\/\/idyllic.app\/es\/wp-json\/wp\/v2\/users\/2"}],"replies":[{"embeddable":true,"href":"https:\/\/idyllic.app\/es\/wp-json\/wp\/v2\/comments?post=23819"}],"version-history":[{"count":1,"href":"https:\/\/idyllic.app\/es\/wp-json\/wp\/v2\/pages\/23819\/revisions"}],"predecessor-version":[{"id":23820,"href":"https:\/\/idyllic.app\/es\/wp-json\/wp\/v2\/pages\/23819\/revisions\/23820"}],"wp:attachment":[{"href":"https:\/\/idyllic.app\/es\/wp-json\/wp\/v2\/media?parent=23819"}],"curies":[{"name":"wp","href":"https:\/\/api.w.org\/{rel}","templated":true}]}}