{"id":23879,"date":"2024-02-06T07:24:12","date_gmt":"2024-02-06T07:24:12","guid":{"rendered":"https:\/\/idyllic.app\/impresionante-generador-de-fondos-de-pantalla-de-pulpos\/"},"modified":"2024-02-06T07:24:12","modified_gmt":"2024-02-06T07:24:12","slug":"impresionante-generador-de-fondos-de-pantalla-de-pulpos","status":"publish","type":"page","link":"https:\/\/idyllic.app\/es\/impresionante-generador-de-fondos-de-pantalla-de-pulpos\/","title":{"rendered":"Impresionante generador de fondos de pantalla de pulpos"},"content":{"rendered":"<div class=\"wp-block-columns is-stacked-on-mobile alignwide are-vertically-aligned-center is-layout-flex wp-container-core-columns-layout-1 wp-block-columns-is-layout-flex\" style=\"margin-top: 0; margin-bottom: 0;\" data-columns=\"2\">\n<div class=\"wp-block-column is-vertically-aligned-center is-layout-flow wp-block-column-is-layout-flow\" style=\"padding-top: 0; padding-bottom: 0; margin: 0;\">\n<div class=\"wp-block-group is-layout-flow wp-block-group-is-layout-flow\" style=\"padding-top: 0; padding-bottom: 0;\">\n<div class=\"wp-block-group is-nowrap is-layout-flex wp-container-core-group-layout-7 wp-block-group-is-layout-flex\" style=\"margin-top: 0;\">\n<div class=\"wp-block-group has-primary-100-gradient-background has-background is-nowrap is-layout-flex wp-container-core-group-layout-6 wp-block-group-is-layout-flex has-position-relative\" style=\"border-radius: 99px; font-style: normal; font-weight: 500;\">\n<p class=\"wp-block-paragraph aligncenter has-text-align-center is-style-default has-background has-12-font-size aligncenter has-position-relative has-z-index\" style=\"border-style: none; border-width: 0px; border-radius: 99px; background: linear-gradient(135deg,#fecda5 0%,#f7555d 100%); line-height: 1; --z-index: 1; padding: 6px var(--wp--preset--spacing--xxs) 6px var(--wp--preset--spacing--xxs);\">Descubra nuestras novedades<\/p>\n<\/div>\n<\/div>\n<h1 id=\"design-system-and-ui-kit-for-modern-websites\" class=\"wp-block-heading has-52-font-size\" style=\"margin-top: var(--wp--preset--spacing--sm); line-height: 1.1;\">Impresionante generador de fondos de pantalla de pulpos<\/h1>\n<div class=\"wp-block-group is-layout-constrained wp-container-core-group-layout-8 wp-block-group-is-layout-constrained\">\n<p class=\"wp-block-paragraph \">Sum\u00e9rgete en tu creatividad y deja que tus pantallas destaquen con cautivadores fondos de pantalla de pulpos. Da vida a tu imaginaci\u00f3n con el poder de la generaci\u00f3n de texto a imagen para crear fondos tem\u00e1ticos de pulpo personalizados e impresionantes.<\/p>\n<\/div>\n<div class=\"wp-block-group is-nowrap is-layout-flex wp-container-core-group-layout-10 wp-block-group-is-layout-flex\" style=\"padding-top: var(--wp--preset--spacing--sm); padding-bottom: var(--wp--preset--spacing--sm); margin-top: 0; margin-bottom: 0;\">\n<div class=\"wp-block-buttons has-neutral-800-background-color has-background is-layout-flex wp-block-buttons-is-layout-flex\" style=\"margin: 0; padding: 1px;\">\n<div class=\"wp-block-button has-box-shadow\"><a class=\"wp-block-button__link wp-element-button\" href=\"https:\/\/create.idyllic.app\">Comenzar<\/a><\/div>\n<\/div>\n<div class=\"wp-block-group is-layout-flow wp-block-group-is-layout-flow has-position-relative\" style=\"margin-top: 0; margin-bottom: 0;\">\n<div class=\"wp-block-spacer has-primary-100-gradient-background has-background has-position-absolute has-z-index\" style=\"height: 100px; filter: blur(30px); margin: 0;\" aria-hidden=\"true\"><\/div>\n<div class=\"wp-block-buttons has-primary-gradient-background has-background is-layout-flex wp-container-core-buttons-layout-3 wp-block-buttons-is-layout-flex has-position-relative has-z-index\" style=\"--z-index: 1; margin: 0; padding: 1px;\">\n<div class=\"wp-block-button has-box-shadow is-style-fill has-display-none-mobile\" style=\"border-radius: 7px; margin-top: 0; margin-bottom: 0;\"><a class=\"wp-block-button__link has-neutral-800-color has-neutral-0-background-color has-text-color has-background wp-element-button\" style=\"border-radius: 7px; margin-top: 0; margin-bottom: 0;\" href=\"#\">M\u00e1s informaci\u00f3n<\/a><\/div>\n<\/div>\n<\/div>\n<\/div>\n<div class=\"wp-block-group is-nowrap is-layout-flex wp-container-core-group-layout-11 wp-block-group-is-layout-flex\" style=\"margin-top: 0; margin-bottom: 0;\">\n<p class=\"wp-block-paragraph is-style-default has-14-font-size\" style=\"margin-top: 0; margin-bottom: 0; letter-spacing: 4px; line-height: 1;\">\u2605\u2605\u2605\u2605\u2605<\/p>\n<p class=\"wp-block-paragraph has-14-font-size\" style=\"margin-top: var(--wp--preset--spacing--xxs); margin-bottom: var(--wp--preset--spacing--xxs);\">M\u00e1s de 30.000 usuarios<\/p>\n<\/div>\n<\/div>\n<\/div>\n<div class=\"wp-block-column is-vertically-aligned-center is-layout-flow wp-block-column-is-layout-flow\">\n<div class=\"wp-block-group is-style-default has-neutral-0-background-color has-background is-layout-flow wp-container-core-group-layout-14 wp-block-group-is-layout-flow has-position-relative has-z-index\" style=\"border-radius: 8px; transform: scale(1.1) translateX(1.5em); --z-index: 1; margin-top: 0; margin-bottom: 0;\">\n<div class=\"wp-block-spacer margin-auto has-background has-position-absolute has-top has-right has-bottom has-left has-z-index has-width\" style=\"border-radius: 99px; background: linear-gradient(135deg,#fecda5 0%,#f7555d 100%); height: 400px; filter: blur(80px) opacity(20%); transform: rotate(30deg); --top: 0px; --right: 0px; --bottom: 0px; --left: 0px; --width: 400px; margin: 0;\" aria-hidden=\"true\"><\/div>\n<div class=\"wp-block-group has-neutral-0-background-color has-background is-layout-flow wp-container-core-group-layout-13 wp-block-group-is-layout-flow has-position-relative has-z-index\" style=\"border-radius: 8px; --z-index: 1; margin-top: 0; margin-bottom: 0; padding: 0 var(--wp--preset--spacing--xxs) var(--wp--preset--spacing--xxs) var(--wp--preset--spacing--xxs);\">\n<figure class=\"wp-block-image size-large is-resized has-display-none-mobile\"><img loading=\"lazy\" decoding=\"async\" class=\"alignnone wp-image-16289 size-medium lazyload\" data-src=\"https:\/\/idyllic.app\/wp-content\/uploads\/2024\/02\/fractal-art-300x180.jpeg\" data-sizes=\"auto, (max-width: 1024px) 100vw, 1024px\" alt=\"Pulpo - Cefal\u00f3podos\" width=\"300\" height=\"180\" data-srcset=\"https:\/\/idyllic.app\/wp-content\/uploads\/2024\/02\/fractal-art-300x180.jpeg 300w, https:\/\/idyllic.app\/wp-content\/uploads\/2024\/02\/fractal-art-1024x614.jpeg 1024w, https:\/\/idyllic.app\/wp-content\/uploads\/2024\/02\/fractal-art-768x461.jpeg 768w, https:\/\/idyllic.app\/wp-content\/uploads\/2024\/02\/fractal-art-1536x922.jpeg 1536w, https:\/\/idyllic.app\/wp-content\/uploads\/2024\/02\/fractal-art.jpeg 800w\" src=\"data:image\/gif;base64,R0lGODlhAQABAAAAACH5BAEKAAEALAAAAAABAAEAAAICTAEAOw==\" style=\"--smush-placeholder-width: 300px; --smush-placeholder-aspect-ratio: 300\/180;\" \/><noscript><img loading=\"lazy\" decoding=\"async\" class=\"alignnone wp-image-16289 size-medium\" src=\"https:\/\/idyllic.app\/wp-content\/uploads\/2024\/02\/fractal-art-300x180.jpeg\" sizes=\"auto, (max-width: 1024px) 100vw, 1024px\" alt=\"Pulpo - Cefal\u00f3podos\" width=\"300\" height=\"180\" srcset=\"https:\/\/idyllic.app\/wp-content\/uploads\/2024\/02\/fractal-art-300x180.jpeg 300w, https:\/\/idyllic.app\/wp-content\/uploads\/2024\/02\/fractal-art-1024x614.jpeg 1024w, https:\/\/idyllic.app\/wp-content\/uploads\/2024\/02\/fractal-art-768x461.jpeg 768w, https:\/\/idyllic.app\/wp-content\/uploads\/2024\/02\/fractal-art-1536x922.jpeg 1536w, https:\/\/idyllic.app\/wp-content\/uploads\/2024\/02\/fractal-art.jpeg 800w\" \/><\/noscript><\/figure>\n<\/div>\n<\/div>\n<\/div>\n<\/div>\n<div class=\"wp-block-columns is-stacked-on-mobile alignwide are-vertically-aligned-center is-layout-flex wp-container-core-columns-layout-7 wp-block-columns-is-layout-flex\" data-columns=\"2\">\n<div class=\"wp-block-column is-vertically-aligned-center has-neutral-0-background-color has-background-background-color has-background is-layout-flow wp-block-column-is-layout-flow has-position-relative\" style=\"padding: 0;\">\n<div class=\"wp-block-group has-filter has-transform has-primary-light-gradient-background has-background is-layout-constrained wp-block-group-is-layout-constrained has-position-absolute has-top has-right has-bottom has-left has-z-index\" style=\"filter: blur(60px); transform: scale(1); --top: 0px; --right: 0px; --bottom: 0px; --left: 0px; margin: 0;\"><\/div>\n<div class=\"wp-block-columns is-stacked-on-mobile is-stacked-on-mobile is-not-stacked-on-mobile is-layout-flex wp-container-core-columns-layout-5 wp-block-columns-is-layout-flex has-position-relative has-z-index\" style=\"--z-index: 1; margin-top: 0; margin-bottom: 0;\" data-columns=\"2\">\n<div class=\"wp-block-column is-style-default is-layout-flow wp-block-column-is-layout-flow\" style=\"padding-top: var(--wp--preset--spacing--md);\">\n<figure class=\"wp-block-image size-large\"><img loading=\"lazy\" decoding=\"async\" class=\"alignnone wp-image-16284 size-medium lazyload\" data-src=\"https:\/\/idyllic.app\/wp-content\/uploads\/2024\/02\/cephalopods-173x300.jpeg\" data-sizes=\"auto, (max-width: 1024px) 100vw, 1024px\" alt=\"Pulpo - Cefal\u00f3podos\" width=\"173\" height=\"300\" data-srcset=\"https:\/\/idyllic.app\/wp-content\/uploads\/2024\/02\/cephalopods-173x300.jpeg 173w, https:\/\/idyllic.app\/wp-content\/uploads\/2024\/02\/cephalopods-592x1024.jpeg 592w, https:\/\/idyllic.app\/wp-content\/uploads\/2024\/02\/cephalopods-768x1328.jpeg 768w, https:\/\/idyllic.app\/wp-content\/uploads\/2024\/02\/cephalopods-888x1536.jpeg 888w, https:\/\/idyllic.app\/wp-content\/uploads\/2024\/02\/cephalopods.jpeg 463w\" src=\"data:image\/gif;base64,R0lGODlhAQABAAAAACH5BAEKAAEALAAAAAABAAEAAAICTAEAOw==\" style=\"--smush-placeholder-width: 173px; --smush-placeholder-aspect-ratio: 173\/300;\" \/><noscript><img loading=\"lazy\" decoding=\"async\" class=\"alignnone wp-image-16284 size-medium\" src=\"https:\/\/idyllic.app\/wp-content\/uploads\/2024\/02\/cephalopods-173x300.jpeg\" sizes=\"auto, (max-width: 1024px) 100vw, 1024px\" alt=\"Pulpo - Cefal\u00f3podos\" width=\"173\" height=\"300\" srcset=\"https:\/\/idyllic.app\/wp-content\/uploads\/2024\/02\/cephalopods-173x300.jpeg 173w, https:\/\/idyllic.app\/wp-content\/uploads\/2024\/02\/cephalopods-592x1024.jpeg 592w, https:\/\/idyllic.app\/wp-content\/uploads\/2024\/02\/cephalopods-768x1328.jpeg 768w, https:\/\/idyllic.app\/wp-content\/uploads\/2024\/02\/cephalopods-888x1536.jpeg 888w, https:\/\/idyllic.app\/wp-content\/uploads\/2024\/02\/cephalopods.jpeg 463w\" \/><\/noscript><\/figure>\n<figure class=\"wp-block-image size-full\"><img loading=\"lazy\" decoding=\"async\" class=\"wp-image-15812 lazyload\" data-src=\"https:\/\/idyllic.app\/wp-content\/uploads\/2024\/02\/marine-biology.jpeg\" data-sizes=\"auto, (max-width: 1024px) 100vw, 1024px\" alt=\"\" width=\"1024\" height=\"1024\" src=\"data:image\/gif;base64,R0lGODlhAQABAAAAACH5BAEKAAEALAAAAAABAAEAAAICTAEAOw==\" style=\"--smush-placeholder-width: 1024px; --smush-placeholder-aspect-ratio: 1024\/1024;\"><noscript><img loading=\"lazy\" decoding=\"async\" class=\"wp-image-15812\" src=\"https:\/\/idyllic.app\/wp-content\/uploads\/2024\/02\/marine-biology.jpeg\" sizes=\"auto, (max-width: 1024px) 100vw, 1024px\" alt=\"\" width=\"1024\" height=\"1024\"><\/noscript><\/figure>\n<\/div>\n<div class=\"wp-block-column is-style-default is-layout-flow wp-block-column-is-layout-flow\" style=\"padding-top: 0;\">\n<figure class=\"wp-block-image size-full\"><img loading=\"lazy\" decoding=\"async\" class=\"alignnone wp-image-16287 size-medium lazyload\" data-src=\"https:\/\/idyllic.app\/wp-content\/uploads\/2024\/02\/psychedelic-art-173x300.jpeg\" data-sizes=\"auto, (max-width: 1024px) 100vw, 1024px\" alt=\"Artes visuales - Octopus\" width=\"173\" height=\"300\" data-srcset=\"https:\/\/idyllic.app\/wp-content\/uploads\/2024\/02\/psychedelic-art-173x300.jpeg 173w, https:\/\/idyllic.app\/wp-content\/uploads\/2024\/02\/psychedelic-art-592x1024.jpeg 592w, https:\/\/idyllic.app\/wp-content\/uploads\/2024\/02\/psychedelic-art-768x1328.jpeg 768w, https:\/\/idyllic.app\/wp-content\/uploads\/2024\/02\/psychedelic-art-888x1536.jpeg 888w, https:\/\/idyllic.app\/wp-content\/uploads\/2024\/02\/psychedelic-art.jpeg 463w\" src=\"data:image\/gif;base64,R0lGODlhAQABAAAAACH5BAEKAAEALAAAAAABAAEAAAICTAEAOw==\" style=\"--smush-placeholder-width: 173px; --smush-placeholder-aspect-ratio: 173\/300;\" \/><noscript><img loading=\"lazy\" decoding=\"async\" class=\"alignnone wp-image-16287 size-medium\" src=\"https:\/\/idyllic.app\/wp-content\/uploads\/2024\/02\/psychedelic-art-173x300.jpeg\" sizes=\"auto, (max-width: 1024px) 100vw, 1024px\" alt=\"Artes visuales - Octopus\" width=\"173\" height=\"300\" srcset=\"https:\/\/idyllic.app\/wp-content\/uploads\/2024\/02\/psychedelic-art-173x300.jpeg 173w, https:\/\/idyllic.app\/wp-content\/uploads\/2024\/02\/psychedelic-art-592x1024.jpeg 592w, https:\/\/idyllic.app\/wp-content\/uploads\/2024\/02\/psychedelic-art-768x1328.jpeg 768w, https:\/\/idyllic.app\/wp-content\/uploads\/2024\/02\/psychedelic-art-888x1536.jpeg 888w, https:\/\/idyllic.app\/wp-content\/uploads\/2024\/02\/psychedelic-art.jpeg 463w\" \/><\/noscript><\/figure>\n<figure class=\"wp-block-image size-large\"><img loading=\"lazy\" decoding=\"async\" class=\"wp-image-15919 lazyload\" data-src=\"https:\/\/idyllic.app\/wp-content\/uploads\/2024\/02\/sky-m.jpeg\" data-sizes=\"auto, (max-width: 1024px) 100vw, 1024px\" alt=\"\" width=\"1024\" height=\"1024\" src=\"data:image\/gif;base64,R0lGODlhAQABAAAAACH5BAEKAAEALAAAAAABAAEAAAICTAEAOw==\" style=\"--smush-placeholder-width: 1024px; --smush-placeholder-aspect-ratio: 1024\/1024;\"><noscript><img loading=\"lazy\" decoding=\"async\" class=\"wp-image-15919\" src=\"https:\/\/idyllic.app\/wp-content\/uploads\/2024\/02\/sky-m.jpeg\" sizes=\"auto, (max-width: 1024px) 100vw, 1024px\" alt=\"\" width=\"1024\" height=\"1024\"><\/noscript><\/figure>\n<\/div>\n<\/div>\n<\/div>\n<div class=\"wp-block-column is-vertically-aligned-center has-neutral-0-background-color has-background-background-color has-background is-layout-flow wp-block-column-is-layout-flow has-position-relative\" style=\"padding: 0;\">\n<div class=\"wp-block-group has-filter has-transform has-primary-light-gradient-background has-background is-layout-constrained wp-block-group-is-layout-constrained has-position-absolute has-top has-right has-bottom has-left has-z-index\" style=\"filter: blur(60px); transform: scale(1); --top: 0px; --right: 0px; --bottom: 0px; --left: 0px; margin: 0;\"><\/div>\n<div class=\"wp-block-columns is-stacked-on-mobile is-stacked-on-mobile is-not-stacked-on-mobile is-layout-flex wp-container-core-columns-layout-5 wp-block-columns-is-layout-flex has-position-relative has-z-index\" style=\"--z-index: 1; margin-top: 0; margin-bottom: 0;\" data-columns=\"2\">\n<div class=\"wp-block-column is-style-default is-layout-flow wp-block-column-is-layout-flow\" style=\"padding-top: var(--wp--preset--spacing--md);\">\n<figure class=\"wp-block-image size-large\"><img loading=\"lazy\" decoding=\"async\" class=\"alignnone wp-image-16285 size-medium lazyload\" data-src=\"https:\/\/idyllic.app\/wp-content\/uploads\/2024\/02\/sky-m-173x300.jpeg\" data-sizes=\"auto, (max-width: 1024px) 100vw, 1024px\" alt=\"Pulpo - Papel pintado\" width=\"173\" height=\"300\" data-srcset=\"https:\/\/idyllic.app\/wp-content\/uploads\/2024\/02\/sky-m-173x300.jpeg 173w, https:\/\/idyllic.app\/wp-content\/uploads\/2024\/02\/sky-m-592x1024.jpeg 592w, https:\/\/idyllic.app\/wp-content\/uploads\/2024\/02\/sky-m-768x1328.jpeg 768w, https:\/\/idyllic.app\/wp-content\/uploads\/2024\/02\/sky-m-888x1536.jpeg 888w, https:\/\/idyllic.app\/wp-content\/uploads\/2024\/02\/sky-m.jpeg 463w\" src=\"data:image\/gif;base64,R0lGODlhAQABAAAAACH5BAEKAAEALAAAAAABAAEAAAICTAEAOw==\" style=\"--smush-placeholder-width: 173px; --smush-placeholder-aspect-ratio: 173\/300;\" \/><noscript><img loading=\"lazy\" decoding=\"async\" class=\"alignnone wp-image-16285 size-medium\" src=\"https:\/\/idyllic.app\/wp-content\/uploads\/2024\/02\/sky-m-173x300.jpeg\" sizes=\"auto, (max-width: 1024px) 100vw, 1024px\" alt=\"Pulpo - Papel pintado\" width=\"173\" height=\"300\" srcset=\"https:\/\/idyllic.app\/wp-content\/uploads\/2024\/02\/sky-m-173x300.jpeg 173w, https:\/\/idyllic.app\/wp-content\/uploads\/2024\/02\/sky-m-592x1024.jpeg 592w, https:\/\/idyllic.app\/wp-content\/uploads\/2024\/02\/sky-m-768x1328.jpeg 768w, https:\/\/idyllic.app\/wp-content\/uploads\/2024\/02\/sky-m-888x1536.jpeg 888w, https:\/\/idyllic.app\/wp-content\/uploads\/2024\/02\/sky-m.jpeg 463w\" \/><\/noscript><\/figure>\n<figure class=\"wp-block-image size-full\"><img loading=\"lazy\" decoding=\"async\" class=\"wp-image-15812 lazyload\" data-src=\"https:\/\/idyllic.app\/wp-content\/uploads\/2024\/02\/psychedelic-art.jpeg\" data-sizes=\"auto, (max-width: 1024px) 100vw, 1024px\" alt=\"\" width=\"1024\" height=\"1024\" src=\"data:image\/gif;base64,R0lGODlhAQABAAAAACH5BAEKAAEALAAAAAABAAEAAAICTAEAOw==\" style=\"--smush-placeholder-width: 1024px; --smush-placeholder-aspect-ratio: 1024\/1024;\"><noscript><img loading=\"lazy\" decoding=\"async\" class=\"wp-image-15812\" src=\"https:\/\/idyllic.app\/wp-content\/uploads\/2024\/02\/psychedelic-art.jpeg\" sizes=\"auto, (max-width: 1024px) 100vw, 1024px\" alt=\"\" width=\"1024\" height=\"1024\"><\/noscript><\/figure>\n<\/div>\n<div class=\"wp-block-column is-style-default is-layout-flow wp-block-column-is-layout-flow\" style=\"padding-top: 0;\">\n<figure class=\"wp-block-image size-full\"><img loading=\"lazy\" decoding=\"async\" class=\"alignnone wp-image-16282 size-medium lazyload\" data-src=\"https:\/\/idyllic.app\/wp-content\/uploads\/2024\/02\/octopus-171x300.jpeg\" data-sizes=\"auto, (max-width: 1024px) 100vw, 1024px\" alt=\"Pulpo - Cefal\u00f3podos\" width=\"171\" height=\"300\" data-srcset=\"https:\/\/idyllic.app\/wp-content\/uploads\/2024\/02\/octopus-171x300.jpeg 171w, https:\/\/idyllic.app\/wp-content\/uploads\/2024\/02\/octopus-585x1024.jpeg 585w, https:\/\/idyllic.app\/wp-content\/uploads\/2024\/02\/octopus.jpeg 457w\" src=\"data:image\/gif;base64,R0lGODlhAQABAAAAACH5BAEKAAEALAAAAAABAAEAAAICTAEAOw==\" style=\"--smush-placeholder-width: 171px; --smush-placeholder-aspect-ratio: 171\/300;\" \/><noscript><img loading=\"lazy\" decoding=\"async\" class=\"alignnone wp-image-16282 size-medium\" src=\"https:\/\/idyllic.app\/wp-content\/uploads\/2024\/02\/octopus-171x300.jpeg\" sizes=\"auto, (max-width: 1024px) 100vw, 1024px\" alt=\"Pulpo - Cefal\u00f3podos\" width=\"171\" height=\"300\" srcset=\"https:\/\/idyllic.app\/wp-content\/uploads\/2024\/02\/octopus-171x300.jpeg 171w, https:\/\/idyllic.app\/wp-content\/uploads\/2024\/02\/octopus-585x1024.jpeg 585w, https:\/\/idyllic.app\/wp-content\/uploads\/2024\/02\/octopus.jpeg 457w\" \/><\/noscript><\/figure>\n<figure class=\"wp-block-image size-large\"><img loading=\"lazy\" decoding=\"async\" class=\"wp-image-15919 lazyload\" data-src=\"https:\/\/idyllic.app\/wp-content\/uploads\/2024\/02\/fractal-art.jpeg\" data-sizes=\"auto, (max-width: 1024px) 100vw, 1024px\" alt=\"\" width=\"1024\" height=\"1024\" src=\"data:image\/gif;base64,R0lGODlhAQABAAAAACH5BAEKAAEALAAAAAABAAEAAAICTAEAOw==\" style=\"--smush-placeholder-width: 1024px; --smush-placeholder-aspect-ratio: 1024\/1024;\"><noscript><img loading=\"lazy\" decoding=\"async\" class=\"wp-image-15919\" src=\"https:\/\/idyllic.app\/wp-content\/uploads\/2024\/02\/fractal-art.jpeg\" sizes=\"auto, (max-width: 1024px) 100vw, 1024px\" alt=\"\" width=\"1024\" height=\"1024\"><\/noscript><\/figure>\n<\/div>\n<\/div>\n<\/div>\n<\/div>\n<section>\n<div>\n<h2>Imaginaci\u00f3n v\u00edvida al alcance de su mano<\/h2>\n<p>Con Idyllic, sum\u00e9rgete en la creaci\u00f3n de cautivadores fondos de pantalla de pulpos. La intuitiva tecnolog\u00eda de conversi\u00f3n de texto en imagen le permite describir el fondo de sus sue\u00f1os, desde el enigm\u00e1tico pulpo de las profundidades marinas hasta un juguet\u00f3n y caprichoso pulpo flotando en el espacio, y ver c\u00f3mo cobra vida. Elige la resoluci\u00f3n \u00f3ptima para adaptarla a tus dispositivos preferidos. Escribe cualquier estilo, instrucci\u00f3n o cualquier cosa que puedas imaginar y ver\u00e1s c\u00f3mo cobra vida en cuesti\u00f3n de segundos, o si\u00e9ntete libre de utilizar uno de los que hemos creado con la aplicaci\u00f3n anterior.<\/p>\n<h2>Posibilidades infinitas<\/h2>\n<p>Explore los modelos generativos especializados de Idyllic para conjurar im\u00e1genes de pulpo asombrosas y de alta calidad. Utilice el proceso de creaci\u00f3n iterativo para refinar y perfeccionar sus im\u00e1genes generadas, aportando una personalizaci\u00f3n sin precedentes a su espacio de trabajo.<\/p>\n<h2>Colabora con la creciente comunidad de Idyllic<\/h2>\n<p>Publica tus hilos de ideaci\u00f3n y tu fondo de pantalla de pulpo final en tu feed y sum\u00e9rgete en la inspiraci\u00f3n que surge al navegar por las creaciones de otros usuarios. \u00bfQui\u00e9n iba a decir que tu pantalla pod\u00eda ser tan id\u00edlica?<\/p>\n<\/div>\n<\/section>\n<div class=\"wp-block-group alignfull is-layout-constrained wp-block-group-is-layout-constrained\" style=\"padding-top: var(--wp--preset--spacing--xs); padding-bottom: var(--wp--preset--spacing--xs); margin-top: 0;\">\n<div class=\"wp-block-group is-layout-constrained wp-container-core-group-layout-42 wp-block-group-is-layout-constrained\">\n<div class=\"wp-block-group is-content-justification-center is-nowrap is-layout-flex wp-container-core-group-layout-41 wp-block-group-is-layout-flex\"><\/div>\n<h3 id=\"frequently-asked-questions\" class=\"wp-block-heading has-text-align-center\">Preguntas m\u00e1s frecuentes<\/h3>\n<\/div>\n<\/div>\n<section>\n<div>\n<h3>\u00bfC\u00f3mo puedo crear un fondo de pantalla con tem\u00e1tica de pulpo?<\/h3>\n<p>S\u00f3lo tiene que introducir la descripci\u00f3n de la imagen tem\u00e1tica del pulpo que desee. Cuanto m\u00e1s claras sean las instrucciones, mejor ser\u00e1 el resultado. Puedes ajustar los colores, los motivos, el ambiente y el estilo a tu gusto.<\/p>\n<h3>\u00bfPuedo personalizar el tama\u00f1o y la resoluci\u00f3n de mi fondo de pantalla?<\/h3>\n<p>S\u00ed, Idyllic permite a los usuarios elegir la resoluci\u00f3n de sus im\u00e1genes para que se adapten perfectamente a las pantallas deseadas.<\/p>\n<\/div>\n<\/section>\n<div class=\"wp-block-group alignfull is-layout-constrained wp-block-group-is-layout-constrained\">\n<div class=\"wp-block-group alignwide is-style-default is-layout-flow wp-block-group-is-layout-flow has-position-relative\" style=\"border-radius: 12px;\">\n<div class=\"wp-block-spacer has-background has-position-absolute has-top has-right has-bottom has-left has-z-index has-width\" style=\"background: linear-gradient(135deg,#fecda5 0%,#f7555d 100%); height: 400px; filter: blur(120px) opacity(20%); transform: rotate(23deg); --top: -100px; --right: -200px; --width: 800px;\" aria-hidden=\"true\"><\/div>\n<div class=\"wp-block-group is-style-default has-surface-background-color has-background is-layout-constrained wp-container-core-group-layout-51 wp-block-group-is-layout-constrained has-position-relative has-z-index\" style=\"border-radius: 30px; --z-index: 1; margin-top: 0; margin-bottom: 0; padding: var(--wp--preset--spacing--xl) var(--wp--preset--spacing--sm) var(--wp--preset--spacing--xl) var(--wp--preset--spacing--sm);\">\n<h2 id=\"ready-to-get-started\" class=\"wp-block-heading has-text-align-center\">\u00bfListo para empezar?<\/h2>\n<p class=\"wp-block-paragraph aligncenter has-text-align-center aligncenter\" style=\"margin-top: var(--wp--preset--spacing--xs);\">\u00danete a la comunidad de m\u00e1s de 30.000 artistas que ya utilizan Idyllic<\/p>\n<div class=\"wp-block-buttons is-content-justification-center is-layout-flex wp-container-core-buttons-layout-7 wp-block-buttons-is-layout-flex\">\n<div class=\"wp-block-button has-box-shadow is-style-fill is-style-large\"><a class=\"wp-block-button__link has-surface-color has-contrast-background-color has-text-color has-background wp-element-button\" href=\"https:\/\/create.idyllic.app\" target=\"_blank\" rel=\"noreferrer noopener\">Comenzar<\/a><\/div>\n<\/div>\n<\/div>\n<\/div>\n<\/div>\n","protected":false},"excerpt":{"rendered":"<p>Descubra nuestras novedades Impresionante generador de fondos de pantalla de pulpos Sum\u00e9rgete en tu creatividad y deja que tus pantallas destaquen con cautivadores fondos de pantalla de pulpos. Da vida a tu imaginaci\u00f3n con el poder de la generaci\u00f3n de texto a imagen para crear fondos tem\u00e1ticos de pulpo personalizados e impresionantes. Comenzar M\u00e1s informaci\u00f3n &hellip;<\/p>\n","protected":false},"author":2,"featured_media":0,"parent":0,"menu_order":0,"comment_status":"closed","ping_status":"closed","template":"","meta":{"footnotes":""},"class_list":["post-23879","page","type-page","status-publish","hentry"],"_links":{"self":[{"href":"https:\/\/idyllic.app\/es\/wp-json\/wp\/v2\/pages\/23879","targetHints":{"allow":["GET"]}}],"collection":[{"href":"https:\/\/idyllic.app\/es\/wp-json\/wp\/v2\/pages"}],"about":[{"href":"https:\/\/idyllic.app\/es\/wp-json\/wp\/v2\/types\/page"}],"author":[{"embeddable":true,"href":"https:\/\/idyllic.app\/es\/wp-json\/wp\/v2\/users\/2"}],"replies":[{"embeddable":true,"href":"https:\/\/idyllic.app\/es\/wp-json\/wp\/v2\/comments?post=23879"}],"version-history":[{"count":0,"href":"https:\/\/idyllic.app\/es\/wp-json\/wp\/v2\/pages\/23879\/revisions"}],"wp:attachment":[{"href":"https:\/\/idyllic.app\/es\/wp-json\/wp\/v2\/media?parent=23879"}],"curies":[{"name":"wp","href":"https:\/\/api.w.org\/{rel}","templated":true}]}}