{"id":29326,"date":"2024-03-01T05:49:56","date_gmt":"2024-03-01T05:49:56","guid":{"rendered":"https:\/\/idyllic.app\/conejito-para-colorear\/"},"modified":"2024-03-01T05:49:56","modified_gmt":"2024-03-01T05:49:56","slug":"conejito-para-colorear","status":"publish","type":"page","link":"https:\/\/idyllic.app\/es\/conejito-para-colorear\/","title":{"rendered":"Conejito para colorear"},"content":{"rendered":"<div class=\"wp-block-columns is-stacked-on-mobile alignwide are-vertically-aligned-center is-layout-flex wp-container-core-columns-layout-1 wp-block-columns-is-layout-flex\" style=\"margin-top: 0; margin-bottom: 0;\" data-columns=\"2\">\n<div class=\"wp-block-column is-vertically-aligned-center is-layout-flow wp-block-column-is-layout-flow\" style=\"padding-top: 0; padding-bottom: 0; margin: 0;\">\n<div class=\"wp-block-group is-layout-flow wp-block-group-is-layout-flow\" style=\"padding-top: 0; padding-bottom: 0;\">\n<div class=\"wp-block-group is-nowrap is-layout-flex wp-container-core-group-layout-7 wp-block-group-is-layout-flex\" style=\"margin-top: 0;\">\n<div class=\"wp-block-group has-primary-100-gradient-background has-background is-nowrap is-layout-flex wp-container-core-group-layout-6 wp-block-group-is-layout-flex has-position-relative\" style=\"border-radius: 99px; font-style: normal; font-weight: 500;\">\n<p class=\"wp-block-paragraph aligncenter has-text-align-center is-style-default has-background has-12-font-size aligncenter has-position-relative has-z-index\" style=\"border-style: none; border-width: 0px; border-radius: 99px; background: linear-gradient(135deg,#fecda5 0%,#f7555d 100%); line-height: 1; --z-index: 1; padding: 6px var(--wp--preset--spacing--xxs) 6px var(--wp--preset--spacing--xxs);\">Descubra nuestras novedades<\/p>\n<\/div>\n<\/div>\n<h1 id=\"design-system-and-ui-kit-for-modern-websites\" class=\"wp-block-heading has-52-font-size\" style=\"margin-top: var(--wp--preset--spacing--sm); line-height: 1.1;\">Conejito para colorear<\/h1>\n<div class=\"wp-block-group is-layout-constrained wp-container-core-group-layout-8 wp-block-group-is-layout-constrained\">\n<p class=\"wp-block-paragraph \">Da vida a tus caprichosas ilustraciones de conejitos con nuestra avanzada herramienta de generaci\u00f3n de im\u00e1genes. Convierte sencillas descripciones de texto en encantadoras p\u00e1ginas para colorear de conejitos aptas para todas las edades.<\/p>\n<\/div>\n<div class=\"wp-block-group is-nowrap is-layout-flex wp-container-core-group-layout-10 wp-block-group-is-layout-flex\" style=\"padding-top: var(--wp--preset--spacing--sm); padding-bottom: var(--wp--preset--spacing--sm); margin-top: 0; margin-bottom: 0;\">\n<div class=\"wp-block-buttons has-neutral-800-background-color has-background is-layout-flex wp-block-buttons-is-layout-flex\" style=\"margin: 0; padding: 1px;\">\n<div class=\"wp-block-button has-box-shadow\"><a class=\"wp-block-button__link wp-element-button\" href=\"https:\/\/create.idyllic.app\">Comenzar<\/a><\/div>\n<\/div>\n<div class=\"wp-block-group is-layout-flow wp-block-group-is-layout-flow has-position-relative\" style=\"margin-top: 0; margin-bottom: 0;\">\n<div class=\"wp-block-spacer has-primary-100-gradient-background has-background has-position-absolute has-z-index\" style=\"height: 100px; filter: blur(30px); margin: 0;\" aria-hidden=\"true\"><\/div>\n<div class=\"wp-block-buttons has-primary-gradient-background has-background is-layout-flex wp-container-core-buttons-layout-3 wp-block-buttons-is-layout-flex has-position-relative has-z-index\" style=\"--z-index: 1; margin: 0; padding: 1px;\">\n<div class=\"wp-block-button has-box-shadow is-style-fill has-display-none-mobile\" style=\"border-radius: 7px; margin-top: 0; margin-bottom: 0;\"><a class=\"wp-block-button__link has-neutral-800-color has-neutral-0-background-color has-text-color has-background wp-element-button\" style=\"border-radius: 7px; margin-top: 0; margin-bottom: 0;\" href=\"#\">M\u00e1s informaci\u00f3n<\/a><\/div>\n<\/div>\n<\/div>\n<\/div>\n<div class=\"wp-block-group is-nowrap is-layout-flex wp-container-core-group-layout-11 wp-block-group-is-layout-flex\" style=\"margin-top: 0; margin-bottom: 0;\">\n<p class=\"wp-block-paragraph is-style-default has-14-font-size\" style=\"margin-top: 0; margin-bottom: 0; letter-spacing: 4px; line-height: 1;\">\u2605\u2605\u2605\u2605\u2605<\/p>\n<p class=\"wp-block-paragraph has-14-font-size\" style=\"margin-top: var(--wp--preset--spacing--xxs); margin-bottom: var(--wp--preset--spacing--xxs);\">M\u00e1s de 30.000 usuarios<\/p>\n<\/div>\n<\/div>\n<\/div>\n<div class=\"wp-block-column is-vertically-aligned-center is-layout-flow wp-block-column-is-layout-flow\">\n<div class=\"wp-block-group is-style-default has-neutral-0-background-color has-background is-layout-flow wp-container-core-group-layout-14 wp-block-group-is-layout-flow has-position-relative has-z-index\" style=\"border-radius: 8px; transform: scale(1.1) translateX(1.5em); --z-index: 1; margin-top: 0; margin-bottom: 0;\">\n<div class=\"wp-block-spacer margin-auto has-background has-position-absolute has-top has-right has-bottom has-left has-z-index has-width\" style=\"border-radius: 99px; background: linear-gradient(135deg,#fecda5 0%,#f7555d 100%); height: 400px; filter: blur(80px) opacity(20%); transform: rotate(30deg); --top: 0px; --right: 0px; --bottom: 0px; --left: 0px; --width: 400px; margin: 0;\" aria-hidden=\"true\"><\/div>\n<div class=\"wp-block-group has-neutral-0-background-color has-background is-layout-flow wp-container-core-group-layout-13 wp-block-group-is-layout-flow has-position-relative has-z-index\" style=\"border-radius: 8px; --z-index: 1; margin-top: 0; margin-bottom: 0; padding: 0 var(--wp--preset--spacing--xxs) var(--wp--preset--spacing--xxs) var(--wp--preset--spacing--xxs);\">\n<figure class=\"wp-block-image size-large is-resized has-display-none-mobile\"><img loading=\"lazy\" decoding=\"async\" class=\"alignnone wp-image-15919 lazyload\" style=\"--smush-placeholder-width: 1024px; --smush-placeholder-aspect-ratio: 1024\/1024;width: 467px; height: auto;\" data-src=\"https:\/\/idyllic.app\/wp-content\/uploads\/2024\/03\/327786-3.jpeg\" data-sizes=\"auto, (max-width: 1024px) 100vw, 1024px\" alt=\"creador de p\u00e1ginas para colorear de conejitos\" width=\"1024\" height=\"1024\" src=\"data:image\/gif;base64,R0lGODlhAQABAAAAACH5BAEKAAEALAAAAAABAAEAAAICTAEAOw==\"><noscript><img loading=\"lazy\" decoding=\"async\" class=\"alignnone wp-image-15919\" style=\"width: 467px; height: auto;\" src=\"https:\/\/idyllic.app\/wp-content\/uploads\/2024\/03\/327786-3.jpeg\" sizes=\"auto, (max-width: 1024px) 100vw, 1024px\" alt=\"creador de p\u00e1ginas para colorear de conejitos\" width=\"1024\" height=\"1024\"><\/noscript><\/figure>\n<\/div>\n<\/div>\n<\/div>\n<\/div>\n<div class=\"wp-block-columns is-stacked-on-mobile alignwide are-vertically-aligned-center is-layout-flex wp-container-core-columns-layout-7 wp-block-columns-is-layout-flex\" data-columns=\"2\">\n<div class=\"wp-block-column is-vertically-aligned-center has-neutral-0-background-color has-background-background-color has-background is-layout-flow wp-block-column-is-layout-flow has-position-relative\" style=\"padding: 0;\">\n<div class=\"wp-block-group has-filter has-transform has-primary-light-gradient-background has-background is-layout-constrained wp-block-group-is-layout-constrained has-position-absolute has-top has-right has-bottom has-left has-z-index\" style=\"filter: blur(60px); transform: scale(1); --top: 0px; --right: 0px; --bottom: 0px; --left: 0px; margin: 0;\"><\/div>\n<div class=\"wp-block-columns is-stacked-on-mobile is-stacked-on-mobile is-not-stacked-on-mobile is-layout-flex wp-container-core-columns-layout-5 wp-block-columns-is-layout-flex has-position-relative has-z-index\" style=\"--z-index: 1; margin-top: 0; margin-bottom: 0;\" data-columns=\"2\">\n<div class=\"wp-block-column is-style-default is-layout-flow wp-block-column-is-layout-flow\" style=\"padding-top: var(--wp--preset--spacing--md);\">\n<figure class=\"wp-block-image size-large\"><img loading=\"lazy\" decoding=\"async\" class=\"wp-image-15920 lazyload\" data-src=\"https:\/\/idyllic.app\/wp-content\/uploads\/2024\/03\/327786-3.jpeg\" data-sizes=\"auto, (max-width: 1024px) 100vw, 1024px\" alt=\"\" width=\"1024\" height=\"1024\" src=\"data:image\/gif;base64,R0lGODlhAQABAAAAACH5BAEKAAEALAAAAAABAAEAAAICTAEAOw==\" style=\"--smush-placeholder-width: 1024px; --smush-placeholder-aspect-ratio: 1024\/1024;\"><noscript><img loading=\"lazy\" decoding=\"async\" class=\"wp-image-15920\" src=\"https:\/\/idyllic.app\/wp-content\/uploads\/2024\/03\/327786-3.jpeg\" sizes=\"auto, (max-width: 1024px) 100vw, 1024px\" alt=\"\" width=\"1024\" height=\"1024\"><\/noscript><\/figure>\n<figure class=\"wp-block-image size-full\"><img loading=\"lazy\" decoding=\"async\" class=\"wp-image-15812 lazyload\" data-src=\"https:\/\/idyllic.app\/wp-content\/uploads\/2024\/03\/327789-3.jpeg\" data-sizes=\"auto, (max-width: 1024px) 100vw, 1024px\" alt=\"\" width=\"1024\" height=\"1024\" src=\"data:image\/gif;base64,R0lGODlhAQABAAAAACH5BAEKAAEALAAAAAABAAEAAAICTAEAOw==\" style=\"--smush-placeholder-width: 1024px; --smush-placeholder-aspect-ratio: 1024\/1024;\"><noscript><img loading=\"lazy\" decoding=\"async\" class=\"wp-image-15812\" src=\"https:\/\/idyllic.app\/wp-content\/uploads\/2024\/03\/327789-3.jpeg\" sizes=\"auto, (max-width: 1024px) 100vw, 1024px\" alt=\"\" width=\"1024\" height=\"1024\"><\/noscript><\/figure>\n<\/div>\n<div class=\"wp-block-column is-style-default is-layout-flow wp-block-column-is-layout-flow\" style=\"padding-top: 0;\">\n<figure class=\"wp-block-image size-full\"><img loading=\"lazy\" decoding=\"async\" class=\"wp-image-15921 lazyload\" data-src=\"https:\/\/idyllic.app\/wp-content\/uploads\/2024\/03\/327787-3.jpeg\" data-sizes=\"auto, (max-width: 1024px) 100vw, 1024px\" alt=\"\" width=\"1024\" height=\"1024\" src=\"data:image\/gif;base64,R0lGODlhAQABAAAAACH5BAEKAAEALAAAAAABAAEAAAICTAEAOw==\" style=\"--smush-placeholder-width: 1024px; --smush-placeholder-aspect-ratio: 1024\/1024;\"><noscript><img loading=\"lazy\" decoding=\"async\" class=\"wp-image-15921\" src=\"https:\/\/idyllic.app\/wp-content\/uploads\/2024\/03\/327787-3.jpeg\" sizes=\"auto, (max-width: 1024px) 100vw, 1024px\" alt=\"\" width=\"1024\" height=\"1024\"><\/noscript><\/figure>\n<figure class=\"wp-block-image size-large\"><img loading=\"lazy\" decoding=\"async\" class=\"wp-image-15919 lazyload\" data-src=\"https:\/\/idyllic.app\/wp-content\/uploads\/2024\/03\/327794-3.jpeg\" data-sizes=\"auto, (max-width: 1024px) 100vw, 1024px\" alt=\"\" width=\"1024\" height=\"1024\" src=\"data:image\/gif;base64,R0lGODlhAQABAAAAACH5BAEKAAEALAAAAAABAAEAAAICTAEAOw==\" style=\"--smush-placeholder-width: 1024px; --smush-placeholder-aspect-ratio: 1024\/1024;\"><noscript><img loading=\"lazy\" decoding=\"async\" class=\"wp-image-15919\" src=\"https:\/\/idyllic.app\/wp-content\/uploads\/2024\/03\/327794-3.jpeg\" sizes=\"auto, (max-width: 1024px) 100vw, 1024px\" alt=\"\" width=\"1024\" height=\"1024\"><\/noscript><\/figure>\n<\/div>\n<\/div>\n<\/div>\n<div class=\"wp-block-column is-vertically-aligned-center has-neutral-0-background-color has-background-background-color has-background is-layout-flow wp-block-column-is-layout-flow has-position-relative\" style=\"padding: 0;\">\n<div class=\"wp-block-group has-filter has-transform has-primary-light-gradient-background has-background is-layout-constrained wp-block-group-is-layout-constrained has-position-absolute has-top has-right has-bottom has-left has-z-index\" style=\"filter: blur(60px); transform: scale(1); --top: 0px; --right: 0px; --bottom: 0px; --left: 0px; margin: 0;\"><\/div>\n<div class=\"wp-block-columns is-stacked-on-mobile is-stacked-on-mobile is-not-stacked-on-mobile is-layout-flex wp-container-core-columns-layout-5 wp-block-columns-is-layout-flex has-position-relative has-z-index\" style=\"--z-index: 1; margin-top: 0; margin-bottom: 0;\" data-columns=\"2\">\n<div class=\"wp-block-column is-style-default is-layout-flow wp-block-column-is-layout-flow\" style=\"padding-top: var(--wp--preset--spacing--md);\">\n<figure class=\"wp-block-image size-large\"><img loading=\"lazy\" decoding=\"async\" class=\"wp-image-15920 lazyload\" data-src=\"https:\/\/idyllic.app\/wp-content\/uploads\/2024\/03\/327788-3.jpeg\" data-sizes=\"auto, (max-width: 1024px) 100vw, 1024px\" alt=\"\" width=\"1024\" height=\"1024\" src=\"data:image\/gif;base64,R0lGODlhAQABAAAAACH5BAEKAAEALAAAAAABAAEAAAICTAEAOw==\" style=\"--smush-placeholder-width: 1024px; --smush-placeholder-aspect-ratio: 1024\/1024;\"><noscript><img loading=\"lazy\" decoding=\"async\" class=\"wp-image-15920\" src=\"https:\/\/idyllic.app\/wp-content\/uploads\/2024\/03\/327788-3.jpeg\" sizes=\"auto, (max-width: 1024px) 100vw, 1024px\" alt=\"\" width=\"1024\" height=\"1024\"><\/noscript><\/figure>\n<figure class=\"wp-block-image size-full\"><img loading=\"lazy\" decoding=\"async\" class=\"wp-image-15812 lazyload\" data-src=\"https:\/\/idyllic.app\/wp-content\/uploads\/2024\/03\/327796-3.jpeg\" data-sizes=\"auto, (max-width: 1024px) 100vw, 1024px\" alt=\"\" width=\"1024\" height=\"1024\" src=\"data:image\/gif;base64,R0lGODlhAQABAAAAACH5BAEKAAEALAAAAAABAAEAAAICTAEAOw==\" style=\"--smush-placeholder-width: 1024px; --smush-placeholder-aspect-ratio: 1024\/1024;\"><noscript><img loading=\"lazy\" decoding=\"async\" class=\"wp-image-15812\" src=\"https:\/\/idyllic.app\/wp-content\/uploads\/2024\/03\/327796-3.jpeg\" sizes=\"auto, (max-width: 1024px) 100vw, 1024px\" alt=\"\" width=\"1024\" height=\"1024\"><\/noscript><\/figure>\n<\/div>\n<div class=\"wp-block-column is-style-default is-layout-flow wp-block-column-is-layout-flow\" style=\"padding-top: 0;\">\n<figure class=\"wp-block-image size-full\"><img loading=\"lazy\" decoding=\"async\" class=\"wp-image-15921 lazyload\" data-src=\"https:\/\/idyllic.app\/wp-content\/uploads\/2024\/03\/327793-3.jpeg\" data-sizes=\"auto, (max-width: 1024px) 100vw, 1024px\" alt=\"\" width=\"1024\" height=\"1024\" src=\"data:image\/gif;base64,R0lGODlhAQABAAAAACH5BAEKAAEALAAAAAABAAEAAAICTAEAOw==\" style=\"--smush-placeholder-width: 1024px; --smush-placeholder-aspect-ratio: 1024\/1024;\"><noscript><img loading=\"lazy\" decoding=\"async\" class=\"wp-image-15921\" src=\"https:\/\/idyllic.app\/wp-content\/uploads\/2024\/03\/327793-3.jpeg\" sizes=\"auto, (max-width: 1024px) 100vw, 1024px\" alt=\"\" width=\"1024\" height=\"1024\"><\/noscript><\/figure>\n<figure class=\"wp-block-image size-large\"><img loading=\"lazy\" decoding=\"async\" class=\"wp-image-15919 lazyload\" data-src=\"https:\/\/idyllic.app\/wp-content\/uploads\/2024\/03\/327792-3.jpeg\" data-sizes=\"auto, (max-width: 1024px) 100vw, 1024px\" alt=\"\" width=\"1024\" height=\"1024\" src=\"data:image\/gif;base64,R0lGODlhAQABAAAAACH5BAEKAAEALAAAAAABAAEAAAICTAEAOw==\" style=\"--smush-placeholder-width: 1024px; --smush-placeholder-aspect-ratio: 1024\/1024;\"><noscript><img loading=\"lazy\" decoding=\"async\" class=\"wp-image-15919\" src=\"https:\/\/idyllic.app\/wp-content\/uploads\/2024\/03\/327792-3.jpeg\" sizes=\"auto, (max-width: 1024px) 100vw, 1024px\" alt=\"\" width=\"1024\" height=\"1024\"><\/noscript><\/figure>\n<\/div>\n<\/div>\n<\/div>\n<\/div>\n<section>\n<div>\n<h2>Prueba el creador de p\u00e1ginas para colorear de conejitos n\u00ba 1<\/h2>\n<p>El creador de p\u00e1ginas para colorear de conejitos de Idyllic puede crear <a href=\"https:\/\/create.idyllic.app\/collection\/bunny\">im\u00e1genes de conejitos<\/a> de alta calidad bas\u00e1ndose en tus descripciones. Estas im\u00e1genes pueden transformarse en p\u00e1ginas para colorear. Puede que sea un conejito saltando en un prado, o una familia de conejitos en su madriguera, tu imaginaci\u00f3n es tu \u00fanico l\u00edmite. Opciones de alta calidad o m\u00e1s r\u00e1pidas y de baja calidad disponibles para satisfacer sus necesidades.<\/p>\n<h2>Creaci\u00f3n iterativa y posibilidades de remezcla<\/h2>\n<p>Con el<a href=\"https:\/\/www.producthunt.com\/products\/idyllic\" target=\"_blank\" rel=\"noopener\">Proceso de creaci\u00f3n iterativo de Idyllic<\/a>, puedes refinar y perfeccionar tus p\u00e1ginas para colorear con tem\u00e1tica de conejitos. Pida cambios espec\u00edficos, a\u00f1ada elementos o modifique estilos hasta que est\u00e9 completamente satisfecho con el resultado. La funci\u00f3n Remix te permite mezclar hasta nueve im\u00e1genes: crea una obra maestra con un precioso conejito entre nueve elementos distintos.<\/p>\n<h2>Compartir y participar<\/h2>\n<p>Publica tus flujos de trabajo e hilos de creaci\u00f3n de p\u00e1ginas para colorear de conejitos en Idyllic. Participa en una comunidad de usuarios creativos, aprende de sus experiencias e insp\u00edrate con sus creaciones.<\/p>\n<\/div>\n<\/section>\n<div class=\"wp-block-group alignfull is-layout-constrained wp-block-group-is-layout-constrained\" style=\"padding-top: var(--wp--preset--spacing--xs); padding-bottom: var(--wp--preset--spacing--xs); margin-top: 0;\">\n<div class=\"wp-block-group is-layout-constrained wp-container-core-group-layout-42 wp-block-group-is-layout-constrained\">\n<div class=\"wp-block-group is-content-justification-center is-nowrap is-layout-flex wp-container-core-group-layout-41 wp-block-group-is-layout-flex\"><\/div>\n<h3 id=\"frequently-asked-questions\" class=\"wp-block-heading has-text-align-center\">Preguntas frecuentes<\/h3>\n<\/div>\n<\/div>\n<section>\n<div>\n<h3>\u00bfQu\u00e9 resoluci\u00f3n debo elegir?<\/h3>\n<p>La selecci\u00f3n de la resoluci\u00f3n depende de d\u00f3nde o c\u00f3mo de grande quieras imprimir tu p\u00e1gina para colorear. Recuerde que una mayor resoluci\u00f3n le proporcionar\u00e1 detalles m\u00e1s n\u00edtidos y precisos, pero puede tardar m\u00e1s tiempo en renderizarse.<\/p>\n<h3>\u00bfC\u00f3mo puedo hacer m\u00e1s interesantes las p\u00e1ginas para colorear?<\/h3>\n<p>Puedes utilizar la funci\u00f3n Remix para mezclar distintas im\u00e1genes y crear una intrincada escena para tus conejitos. Por ejemplo, puedes crear un bonito fondo floral para las im\u00e1genes de tus conejitos.<\/p>\n<\/div>\n<\/section>\n<div class=\"wp-block-group alignfull is-layout-constrained wp-block-group-is-layout-constrained\">\n<div class=\"wp-block-group alignwide is-style-default is-layout-flow wp-block-group-is-layout-flow has-position-relative\" style=\"border-radius: 12px;\">\n<div class=\"wp-block-spacer has-background has-position-absolute has-top has-right has-bottom has-left has-z-index has-width\" style=\"background: linear-gradient(135deg,#fecda5 0%,#f7555d 100%); height: 400px; filter: blur(120px) opacity(20%); transform: rotate(23deg); --top: -100px; --right: -200px; --width: 800px;\" aria-hidden=\"true\"><\/div>\n<div class=\"wp-block-group is-style-default has-surface-background-color has-background is-layout-constrained wp-container-core-group-layout-51 wp-block-group-is-layout-constrained has-position-relative has-z-index\" style=\"border-radius: 30px; --z-index: 1; margin-top: 0; margin-bottom: 0; padding: var(--wp--preset--spacing--xl) var(--wp--preset--spacing--sm) var(--wp--preset--spacing--xl) var(--wp--preset--spacing--sm);\">\n<h2 id=\"ready-to-get-started\" class=\"wp-block-heading has-text-align-center\">\u00bfListo para empezar?<\/h2>\n<p class=\"wp-block-paragraph aligncenter has-text-align-center aligncenter\" style=\"margin-top: var(--wp--preset--spacing--xs);\">\u00danete a la comunidad de m\u00e1s de 30.000 artistas que ya utilizan Idyllic<\/p>\n<div class=\"wp-block-buttons is-content-justification-center is-layout-flex wp-container-core-buttons-layout-7 wp-block-buttons-is-layout-flex\">\n<div class=\"wp-block-button has-box-shadow is-style-fill is-style-large\"><a class=\"wp-block-button__link has-surface-color has-contrast-background-color has-text-color has-background wp-element-button\" href=\"https:\/\/create.idyllic.app\" target=\"_blank\" rel=\"noreferrer noopener\">Comenzar<\/a><\/div>\n<\/div>\n<\/div>\n<\/div>\n<\/div>\n","protected":false},"excerpt":{"rendered":"<p>Descubra nuestras novedades Conejito para colorear Da vida a tus caprichosas ilustraciones de conejitos con nuestra avanzada herramienta de generaci\u00f3n de im\u00e1genes. Convierte sencillas descripciones de texto en encantadoras p\u00e1ginas para colorear de conejitos aptas para todas las edades. Comenzar M\u00e1s informaci\u00f3n \u2605\u2605\u2605\u2605\u2605 M\u00e1s de 30.000 usuarios Prueba el creador de p\u00e1ginas para colorear de &hellip;<\/p>\n","protected":false},"author":2,"featured_media":0,"parent":0,"menu_order":0,"comment_status":"closed","ping_status":"closed","template":"full-width","meta":{"footnotes":""},"class_list":["post-29326","page","type-page","status-publish","hentry"],"_links":{"self":[{"href":"https:\/\/idyllic.app\/es\/wp-json\/wp\/v2\/pages\/29326","targetHints":{"allow":["GET"]}}],"collection":[{"href":"https:\/\/idyllic.app\/es\/wp-json\/wp\/v2\/pages"}],"about":[{"href":"https:\/\/idyllic.app\/es\/wp-json\/wp\/v2\/types\/page"}],"author":[{"embeddable":true,"href":"https:\/\/idyllic.app\/es\/wp-json\/wp\/v2\/users\/2"}],"replies":[{"embeddable":true,"href":"https:\/\/idyllic.app\/es\/wp-json\/wp\/v2\/comments?post=29326"}],"version-history":[{"count":0,"href":"https:\/\/idyllic.app\/es\/wp-json\/wp\/v2\/pages\/29326\/revisions"}],"wp:attachment":[{"href":"https:\/\/idyllic.app\/es\/wp-json\/wp\/v2\/media?parent=29326"}],"curies":[{"name":"wp","href":"https:\/\/api.w.org\/{rel}","templated":true}]}}