{"id":31762,"date":"2024-03-12T23:08:00","date_gmt":"2024-03-12T23:08:00","guid":{"rendered":"https:\/\/idyllic.app\/disenador-de-camisetas-de-anime\/"},"modified":"2024-03-12T23:08:00","modified_gmt":"2024-03-12T23:08:00","slug":"disenador-de-camisetas-de-anime","status":"publish","type":"page","link":"https:\/\/idyllic.app\/es\/disenador-de-camisetas-de-anime\/","title":{"rendered":"Dise\u00f1ador de camisetas de anime"},"content":{"rendered":"<div class=\"wp-block-columns is-stacked-on-mobile alignwide are-vertically-aligned-center is-layout-flex wp-container-core-columns-layout-1 wp-block-columns-is-layout-flex\" style=\"margin-top: 0; margin-bottom: 0;\" data-columns=\"2\">\n<div class=\"wp-block-column is-vertically-aligned-center is-layout-flow wp-block-column-is-layout-flow\" style=\"padding-top: 0; padding-bottom: 0; margin: 0;\">\n<div class=\"wp-block-group is-layout-flow wp-block-group-is-layout-flow\" style=\"padding-top: 0; padding-bottom: 0;\">\n<div class=\"wp-block-group is-nowrap is-layout-flex wp-container-core-group-layout-7 wp-block-group-is-layout-flex\" style=\"margin-top: 0;\">\n<div class=\"wp-block-group has-primary-100-gradient-background has-background is-nowrap is-layout-flex wp-container-core-group-layout-6 wp-block-group-is-layout-flex has-position-relative\" style=\"border-radius: 99px; font-style: normal; font-weight: 500;\">\n<p class=\"wp-block-paragraph aligncenter has-text-align-center is-style-default has-background has-12-font-size aligncenter has-position-relative has-z-index\" style=\"border-style: none; border-width: 0px; border-radius: 99px; background: linear-gradient(135deg,#fecda5 0%,#f7555d 100%); line-height: 1; --z-index: 1; padding: 6px var(--wp--preset--spacing--xxs) 6px var(--wp--preset--spacing--xxs);\">Descubra nuestras novedades<\/p>\n<\/div>\n<\/div>\n<h1 id=\"design-system-and-ui-kit-for-modern-websites\" class=\"wp-block-heading has-52-font-size\" style=\"margin-top: var(--wp--preset--spacing--sm); line-height: 1.1;\">Dise\u00f1ador de camisetas de anime<\/h1>\n<div class=\"wp-block-group is-layout-constrained wp-container-core-group-layout-8 wp-block-group-is-layout-constrained\">\n<p class=\"wp-block-paragraph \">Produzca cautivadores dise\u00f1os anime para sus camisetas gr\u00e1ficas. Con la potente funci\u00f3n de generaci\u00f3n de texto a imagen de Idyllic, podr\u00e1s dar vida a tu concepto \u00fanico de camiseta anime sin esfuerzo. No se necesita experiencia en dise\u00f1o.<\/p>\n<\/div>\n<div class=\"wp-block-group is-nowrap is-layout-flex wp-container-core-group-layout-10 wp-block-group-is-layout-flex\" style=\"padding-top: var(--wp--preset--spacing--sm); padding-bottom: var(--wp--preset--spacing--sm); margin-top: 0; margin-bottom: 0;\">\n<div class=\"wp-block-buttons has-neutral-800-background-color has-background is-layout-flex wp-block-buttons-is-layout-flex\" style=\"margin: 0; padding: 1px;\">\n<div class=\"wp-block-button has-box-shadow\"><a class=\"wp-block-button__link wp-element-button\" href=\"https:\/\/create.idyllic.app\">Comenzar<\/a><\/div>\n<\/div>\n<div class=\"wp-block-group is-layout-flow wp-block-group-is-layout-flow has-position-relative\" style=\"margin-top: 0; margin-bottom: 0;\">\n<div class=\"wp-block-spacer has-primary-100-gradient-background has-background has-position-absolute has-z-index\" style=\"height: 100px; filter: blur(30px); margin: 0;\" aria-hidden=\"true\"><\/div>\n<div class=\"wp-block-buttons has-primary-gradient-background has-background is-layout-flex wp-container-core-buttons-layout-3 wp-block-buttons-is-layout-flex has-position-relative has-z-index\" style=\"--z-index: 1; margin: 0; padding: 1px;\">\n<div class=\"wp-block-button has-box-shadow is-style-fill has-display-none-mobile\" style=\"border-radius: 7px; margin-top: 0; margin-bottom: 0;\"><a class=\"wp-block-button__link has-neutral-800-color has-neutral-0-background-color has-text-color has-background wp-element-button\" style=\"border-radius: 7px; margin-top: 0; margin-bottom: 0;\" href=\"https:\/\/create.idyllic.app\/collection\/anime\">M\u00e1s informaci\u00f3n<\/a><\/div>\n<\/div>\n<\/div>\n<\/div>\n<div class=\"wp-block-group is-nowrap is-layout-flex wp-container-core-group-layout-11 wp-block-group-is-layout-flex\" style=\"margin-top: 0; margin-bottom: 0;\">\n<p class=\"wp-block-paragraph is-style-default has-14-font-size\" style=\"margin-top: 0; margin-bottom: 0; letter-spacing: 4px; line-height: 1;\">\u2605\u2605\u2605\u2605\u2605<\/p>\n<p class=\"wp-block-paragraph has-14-font-size\" style=\"margin-top: var(--wp--preset--spacing--xxs); margin-bottom: var(--wp--preset--spacing--xxs);\">M\u00e1s de 30.000 usuarios<\/p>\n<\/div>\n<\/div>\n<\/div>\n<div class=\"wp-block-column is-vertically-aligned-center is-layout-flow wp-block-column-is-layout-flow\">\n<div class=\"wp-block-group is-style-default has-neutral-0-background-color has-background is-layout-flow wp-container-core-group-layout-14 wp-block-group-is-layout-flow has-position-relative has-z-index\" style=\"border-radius: 8px; transform: scale(1.1) translateX(1.5em); --z-index: 1; margin-top: 0; margin-bottom: 0;\">\n<div class=\"wp-block-spacer margin-auto has-background has-position-absolute has-top has-right has-bottom has-left has-z-index has-width\" style=\"border-radius: 99px; background: linear-gradient(135deg,#fecda5 0%,#f7555d 100%); height: 400px; filter: blur(80px) opacity(20%); transform: rotate(30deg); --top: 0px; --right: 0px; --bottom: 0px; --left: 0px; --width: 400px; margin: 0;\" aria-hidden=\"true\"><\/div>\n<div class=\"wp-block-group has-neutral-0-background-color has-background is-layout-flow wp-container-core-group-layout-13 wp-block-group-is-layout-flow has-position-relative has-z-index\" style=\"border-radius: 8px; --z-index: 1; margin-top: 0; margin-bottom: 0; padding: 0 var(--wp--preset--spacing--xxs) var(--wp--preset--spacing--xxs) var(--wp--preset--spacing--xxs);\">\n<figure class=\"wp-block-image size-large is-resized has-display-none-mobile\"><img loading=\"lazy\" decoding=\"async\" class=\"alignnone wp-image-15812 lazyload\" data-src=\"https:\/\/idyllic.app\/wp-content\/uploads\/2024\/03\/339793.jpeg\" data-sizes=\"auto, (max-width: 1024px) 100vw, 1024px\" alt=\"Dise\u00f1ador de camisetas de anime\" width=\"1024\" height=\"1024\" src=\"data:image\/gif;base64,R0lGODlhAQABAAAAACH5BAEKAAEALAAAAAABAAEAAAICTAEAOw==\" style=\"--smush-placeholder-width: 1024px; --smush-placeholder-aspect-ratio: 1024\/1024;\"><noscript><img loading=\"lazy\" decoding=\"async\" class=\"alignnone wp-image-15812\" src=\"https:\/\/idyllic.app\/wp-content\/uploads\/2024\/03\/339793.jpeg\" sizes=\"auto, (max-width: 1024px) 100vw, 1024px\" alt=\"Dise\u00f1ador de camisetas de anime\" width=\"1024\" height=\"1024\"><\/noscript><\/figure>\n<\/div>\n<\/div>\n<\/div>\n<\/div>\n<div class=\"wp-block-columns is-stacked-on-mobile alignwide are-vertically-aligned-center is-layout-flex wp-container-core-columns-layout-7 wp-block-columns-is-layout-flex\" data-columns=\"2\">\n<div class=\"wp-block-column is-vertically-aligned-center has-neutral-0-background-color has-background-background-color has-background is-layout-flow wp-block-column-is-layout-flow has-position-relative\" style=\"padding: 0;\">\n<div class=\"wp-block-group has-filter has-transform has-primary-light-gradient-background has-background is-layout-constrained wp-block-group-is-layout-constrained has-position-absolute has-top has-right has-bottom has-left has-z-index\" style=\"filter: blur(60px); transform: scale(1); --top: 0px; --right: 0px; --bottom: 0px; --left: 0px; margin: 0;\"><\/div>\n<div class=\"wp-block-columns is-stacked-on-mobile is-stacked-on-mobile is-not-stacked-on-mobile is-layout-flex wp-container-core-columns-layout-5 wp-block-columns-is-layout-flex has-position-relative has-z-index\" style=\"--z-index: 1; margin-top: 0; margin-bottom: 0;\" data-columns=\"2\">\n<div class=\"wp-block-column is-style-default is-layout-flow wp-block-column-is-layout-flow\" style=\"padding-top: var(--wp--preset--spacing--md);\">\n<figure class=\"wp-block-image size-large\"><img loading=\"lazy\" decoding=\"async\" class=\"wp-image-15920 lazyload\" data-src=\"https:\/\/idyllic.app\/wp-content\/uploads\/2024\/03\/339716.jpeg\" data-sizes=\"auto, (max-width: 1024px) 100vw, 1024px\" alt=\"\" width=\"1024\" height=\"1024\" src=\"data:image\/gif;base64,R0lGODlhAQABAAAAACH5BAEKAAEALAAAAAABAAEAAAICTAEAOw==\" style=\"--smush-placeholder-width: 1024px; --smush-placeholder-aspect-ratio: 1024\/1024;\"><noscript><img loading=\"lazy\" decoding=\"async\" class=\"wp-image-15920\" src=\"https:\/\/idyllic.app\/wp-content\/uploads\/2024\/03\/339716.jpeg\" sizes=\"auto, (max-width: 1024px) 100vw, 1024px\" alt=\"\" width=\"1024\" height=\"1024\"><\/noscript><\/figure>\n<figure class=\"wp-block-image size-full\"><img loading=\"lazy\" decoding=\"async\" class=\"wp-image-15812 lazyload\" data-src=\"https:\/\/idyllic.app\/wp-content\/uploads\/2024\/03\/339805.jpeg\" data-sizes=\"auto, (max-width: 1024px) 100vw, 1024px\" alt=\"\" width=\"1024\" height=\"1024\" src=\"data:image\/gif;base64,R0lGODlhAQABAAAAACH5BAEKAAEALAAAAAABAAEAAAICTAEAOw==\" style=\"--smush-placeholder-width: 1024px; --smush-placeholder-aspect-ratio: 1024\/1024;\"><noscript><img loading=\"lazy\" decoding=\"async\" class=\"wp-image-15812\" src=\"https:\/\/idyllic.app\/wp-content\/uploads\/2024\/03\/339805.jpeg\" sizes=\"auto, (max-width: 1024px) 100vw, 1024px\" alt=\"\" width=\"1024\" height=\"1024\"><\/noscript><\/figure>\n<\/div>\n<div class=\"wp-block-column is-style-default is-layout-flow wp-block-column-is-layout-flow\" style=\"padding-top: 0;\">\n<figure class=\"wp-block-image size-full\"><img loading=\"lazy\" decoding=\"async\" class=\"wp-image-15921 lazyload\" data-src=\"https:\/\/idyllic.app\/wp-content\/uploads\/2024\/03\/339780.jpeg\" data-sizes=\"auto, (max-width: 1024px) 100vw, 1024px\" alt=\"\" width=\"1024\" height=\"1024\" src=\"data:image\/gif;base64,R0lGODlhAQABAAAAACH5BAEKAAEALAAAAAABAAEAAAICTAEAOw==\" style=\"--smush-placeholder-width: 1024px; --smush-placeholder-aspect-ratio: 1024\/1024;\"><noscript><img loading=\"lazy\" decoding=\"async\" class=\"wp-image-15921\" src=\"https:\/\/idyllic.app\/wp-content\/uploads\/2024\/03\/339780.jpeg\" sizes=\"auto, (max-width: 1024px) 100vw, 1024px\" alt=\"\" width=\"1024\" height=\"1024\"><\/noscript><\/figure>\n<figure class=\"wp-block-image size-large\"><img loading=\"lazy\" decoding=\"async\" class=\"wp-image-15919 lazyload\" data-src=\"https:\/\/idyllic.app\/wp-content\/uploads\/2024\/03\/339706.jpeg\" data-sizes=\"auto, (max-width: 1024px) 100vw, 1024px\" alt=\"\" width=\"1024\" height=\"1024\" src=\"data:image\/gif;base64,R0lGODlhAQABAAAAACH5BAEKAAEALAAAAAABAAEAAAICTAEAOw==\" style=\"--smush-placeholder-width: 1024px; --smush-placeholder-aspect-ratio: 1024\/1024;\"><noscript><img loading=\"lazy\" decoding=\"async\" class=\"wp-image-15919\" src=\"https:\/\/idyllic.app\/wp-content\/uploads\/2024\/03\/339706.jpeg\" sizes=\"auto, (max-width: 1024px) 100vw, 1024px\" alt=\"\" width=\"1024\" height=\"1024\"><\/noscript><\/figure>\n<\/div>\n<\/div>\n<\/div>\n<div class=\"wp-block-column is-vertically-aligned-center has-neutral-0-background-color has-background-background-color has-background is-layout-flow wp-block-column-is-layout-flow has-position-relative\" style=\"padding: 0;\">\n<div class=\"wp-block-group has-filter has-transform has-primary-light-gradient-background has-background is-layout-constrained wp-block-group-is-layout-constrained has-position-absolute has-top has-right has-bottom has-left has-z-index\" style=\"filter: blur(60px); transform: scale(1); --top: 0px; --right: 0px; --bottom: 0px; --left: 0px; margin: 0;\"><\/div>\n<div class=\"wp-block-columns is-stacked-on-mobile is-stacked-on-mobile is-not-stacked-on-mobile is-layout-flex wp-container-core-columns-layout-5 wp-block-columns-is-layout-flex has-position-relative has-z-index\" style=\"--z-index: 1; margin-top: 0; margin-bottom: 0;\" data-columns=\"2\">\n<div class=\"wp-block-column is-style-default is-layout-flow wp-block-column-is-layout-flow\" style=\"padding-top: var(--wp--preset--spacing--md);\">\n<figure class=\"wp-block-image size-large\"><img loading=\"lazy\" decoding=\"async\" class=\"wp-image-15920 lazyload\" data-src=\"https:\/\/idyllic.app\/wp-content\/uploads\/2024\/03\/339771.jpeg\" data-sizes=\"auto, (max-width: 1024px) 100vw, 1024px\" alt=\"\" width=\"1024\" height=\"1024\" src=\"data:image\/gif;base64,R0lGODlhAQABAAAAACH5BAEKAAEALAAAAAABAAEAAAICTAEAOw==\" style=\"--smush-placeholder-width: 1024px; --smush-placeholder-aspect-ratio: 1024\/1024;\"><noscript><img loading=\"lazy\" decoding=\"async\" class=\"wp-image-15920\" src=\"https:\/\/idyllic.app\/wp-content\/uploads\/2024\/03\/339771.jpeg\" sizes=\"auto, (max-width: 1024px) 100vw, 1024px\" alt=\"\" width=\"1024\" height=\"1024\"><\/noscript><\/figure>\n<figure class=\"wp-block-image size-full\"><img loading=\"lazy\" decoding=\"async\" class=\"wp-image-15812 lazyload\" data-src=\"https:\/\/idyllic.app\/wp-content\/uploads\/2024\/03\/339793.jpeg\" data-sizes=\"auto, (max-width: 1024px) 100vw, 1024px\" alt=\"\" width=\"1024\" height=\"1024\" src=\"data:image\/gif;base64,R0lGODlhAQABAAAAACH5BAEKAAEALAAAAAABAAEAAAICTAEAOw==\" style=\"--smush-placeholder-width: 1024px; --smush-placeholder-aspect-ratio: 1024\/1024;\"><noscript><img loading=\"lazy\" decoding=\"async\" class=\"wp-image-15812\" src=\"https:\/\/idyllic.app\/wp-content\/uploads\/2024\/03\/339793.jpeg\" sizes=\"auto, (max-width: 1024px) 100vw, 1024px\" alt=\"\" width=\"1024\" height=\"1024\"><\/noscript><\/figure>\n<\/div>\n<div class=\"wp-block-column is-style-default is-layout-flow wp-block-column-is-layout-flow\" style=\"padding-top: 0;\">\n<figure class=\"wp-block-image size-full\"><img loading=\"lazy\" decoding=\"async\" class=\"wp-image-15921 lazyload\" data-src=\"https:\/\/idyllic.app\/wp-content\/uploads\/2024\/03\/339787.jpeg\" data-sizes=\"auto, (max-width: 1024px) 100vw, 1024px\" alt=\"\" width=\"1024\" height=\"1024\" src=\"data:image\/gif;base64,R0lGODlhAQABAAAAACH5BAEKAAEALAAAAAABAAEAAAICTAEAOw==\" style=\"--smush-placeholder-width: 1024px; --smush-placeholder-aspect-ratio: 1024\/1024;\"><noscript><img loading=\"lazy\" decoding=\"async\" class=\"wp-image-15921\" src=\"https:\/\/idyllic.app\/wp-content\/uploads\/2024\/03\/339787.jpeg\" sizes=\"auto, (max-width: 1024px) 100vw, 1024px\" alt=\"\" width=\"1024\" height=\"1024\"><\/noscript><\/figure>\n<figure class=\"wp-block-image size-large\"><img loading=\"lazy\" decoding=\"async\" class=\"wp-image-15919 lazyload\" data-src=\"https:\/\/idyllic.app\/wp-content\/uploads\/2024\/03\/339797.jpeg\" data-sizes=\"auto, (max-width: 1024px) 100vw, 1024px\" alt=\"\" width=\"1024\" height=\"1024\" src=\"data:image\/gif;base64,R0lGODlhAQABAAAAACH5BAEKAAEALAAAAAABAAEAAAICTAEAOw==\" style=\"--smush-placeholder-width: 1024px; --smush-placeholder-aspect-ratio: 1024\/1024;\"><noscript><img loading=\"lazy\" decoding=\"async\" class=\"wp-image-15919\" src=\"https:\/\/idyllic.app\/wp-content\/uploads\/2024\/03\/339797.jpeg\" sizes=\"auto, (max-width: 1024px) 100vw, 1024px\" alt=\"\" width=\"1024\" height=\"1024\"><\/noscript><\/figure>\n<\/div>\n<\/div>\n<\/div>\n<\/div>\n<section>\n<div>\n<h2>Crea tu propia obra de arte anime con el dise\u00f1ador de camisetas anime de Idyllic<\/h2>\n<p>Prueba el dise\u00f1ador de camisetas de <a href=\"https:\/\/en.wikipedia.org\/wiki\/Anime\" target=\"_blank\" rel=\"noopener\">anime<\/a> n\u00ba 1 de Idyllic. Convierte los temas de anime y las descripciones de los personajes que desees en asombrosas im\u00e1genes perfectas para una camiseta gr\u00e1fica. Selecciona la resoluci\u00f3n de imagen que prefieras, retoca tu dise\u00f1o de forma iterativa hasta que quede perfecto. Deje volar su imaginaci\u00f3n anime con nuestra funci\u00f3n de conversi\u00f3n de texto en imagen, perfecta para crear dise\u00f1os que llamen la atenci\u00f3n.<\/p>\n<h2>Remezcla y mezcla estilos de anime \u00fanicos<\/h2>\n<p>Combina hasta nueve im\u00e1genes con nuestra funci\u00f3n Remix para crear un collage de tus elementos de anime favoritos y crear tu propio dise\u00f1o de camiseta de anime. Utilice im\u00e1genes de inspiraci\u00f3n para guiar el proceso de generaci\u00f3n y fusionar estilos distintos. Crear arte anime personalizado para tus camisetas gr\u00e1ficas nunca hab\u00eda sido tan f\u00e1cil.<\/p>\n<h2>\u00danase a una pr\u00f3spera comunidad de anime<\/h2>\n<p>Navega e interact\u00faa en un feed donde otros usuarios comparten sus dise\u00f1os de camisetas de anime, gana likes, sigue a otros entusiastas del anime y comparte tu trabajo con la comunidad. Haz part\u00edcipes a otros de tu proceso creativo y tus dise\u00f1os finales, e insp\u00edrate en otros artistas del anime. Idyllic no es s\u00f3lo una aplicaci\u00f3n, es un espacio para la creatividad inspirada en el anime.<\/p>\n<\/div>\n<\/section>\n<div class=\"wp-block-group alignfull is-layout-constrained wp-block-group-is-layout-constrained\" style=\"padding-top: var(--wp--preset--spacing--xs); padding-bottom: var(--wp--preset--spacing--xs); margin-top: 0;\">\n<div class=\"wp-block-group is-layout-constrained wp-container-core-group-layout-42 wp-block-group-is-layout-constrained\">\n<div class=\"wp-block-group is-content-justification-center is-nowrap is-layout-flex wp-container-core-group-layout-41 wp-block-group-is-layout-flex\"><\/div>\n<h3 id=\"frequently-asked-questions\" class=\"wp-block-heading has-text-align-center\">Preguntas m\u00e1s frecuentes<\/h3>\n<\/div>\n<\/div>\n<section>\n<h3>\u00bfEn qu\u00e9 me puede ayudar el dise\u00f1ador de camisetas anime de Idyllic?<\/h3>\n<p>Las potentes funciones de conversi\u00f3n de texto a imagen de Idyllic abren un mundo de posibilidades tanto para los aficionados al anime como para los dise\u00f1adores. Con nuestro vanguardista dise\u00f1ador de camisetas de anime, podr\u00e1s hacer realidad tus visiones m\u00e1s alocadas inspiradas en el anime, abriendo un mundo de dise\u00f1os personalizados y \u00fanicos.<\/p>\n<p>Tanto si est\u00e1s imaginando un cautivador dise\u00f1o de personaje, un intrincado logotipo o toda una escena de tem\u00e1tica anime, el dise\u00f1ador de camisetas de anime de Idyllic puede dar vida a tus descripciones textuales con impresionantes efectos visuales. S\u00f3lo tiene que proporcionarnos una descripci\u00f3n detallada del dise\u00f1o que desea y nuestro sistema crear\u00e1 una imagen inspirada en el anime que capte la esencia de su imaginaci\u00f3n.<\/p>\n<p>Esta funci\u00f3n es especialmente valiosa para quienes desean crear dise\u00f1os de ropa personalizados, como camisetas de anime, sudaderas con capucha o incluso fundas para el m\u00f3vil. Con Idyllic, puedes dise\u00f1ar obras de arte anime \u00fanicas que reflejen realmente tu estilo personal y tus intereses, diferenciando tu mercanc\u00eda de las ofertas producidas en masa.<\/p>\n<h3>\u00bfPuedo mezclar diferentes estilos de anime?<\/h3>\n<p class=\"whitespace-pre-wrap\">\u00a1Claro que s\u00ed! Una de las caracter\u00edsticas m\u00e1s interesantes del Dise\u00f1ador de camisetas de anime de Idyllic es la posibilidad de mezclar y fusionar diferentes estilos de anime, creando dise\u00f1os realmente \u00fanicos y cautivadores. Nuestra funci\u00f3n Remix te permite combinar hasta nueve im\u00e1genes o estilos distintos en una \u00fanica composici\u00f3n cohesionada.<\/p>\n<p class=\"whitespace-pre-wrap\">Para utilizar nuestro Dise\u00f1ador de camisetas de anime, s\u00f3lo tienes que cargar o generar las im\u00e1genes o estilos que desees inspirados en el anime y, a continuaci\u00f3n, utilizar la funci\u00f3n Remix para combinarlos a la perfecci\u00f3n. Puedes ajustar la posici\u00f3n, la escala y la superposici\u00f3n de cada elemento individual mediante indicaciones de texto (por ejemplo, camisetas japonesas de anime), asegur\u00e1ndote de que el dise\u00f1o final sea una fusi\u00f3n armoniosa de los estilos que elijas.<\/p>\n<p class=\"whitespace-pre-wrap\">Esta funci\u00f3n es especialmente \u00fatil para quienes deseen crear dise\u00f1os que rindan homenaje a varias series o g\u00e9neros de anime, o para quienes quieran experimentar combinando diferentes estilos art\u00edsticos y est\u00e9ticas. Tanto si buscas una mezcla nost\u00e1lgica de estilos de anime cl\u00e1sicos y modernos como una fusi\u00f3n de influencias orientales y occidentales, la funci\u00f3n Remix te permite superar los l\u00edmites de la creatividad.<\/p>\n<h3>\u00bfC\u00f3mo puedo compartir mis dise\u00f1os?<\/h3>\n<p class=\"whitespace-pre-wrap\">En Idyllic, creemos en el fomento de una vibrante comunidad de artistas, dise\u00f1adores y entusiastas del anime. Por eso ofrecemos una plataforma perfecta para que publiques y compartas tu flujo de trabajo de dise\u00f1o y los resultados finales con otros miembros de la comunidad.<\/p>\n<p class=\"whitespace-pre-wrap\">Una vez que hayas creado tus dise\u00f1os inspirados en el anime, ya sean dibujos de personajes, logotipos o escenas completas, puedes compartirlos con la comunidad Idyllic. Esto no s\u00f3lo le permite mostrar su trabajo a un p\u00fablico apasionado, sino que tambi\u00e9n le brinda la oportunidad de relacionarse con personas de ideas afines que comparten su amor por el anime y el dise\u00f1o.<\/p>\n<p class=\"whitespace-pre-wrap\">Dentro de nuestra comunidad, puede participar en debates, recibir comentarios e incluso colaborar con otros en nuevos proyectos. Este entorno de colaboraci\u00f3n fomenta la creatividad, favorece el intercambio de ideas y te ayuda a crecer como dise\u00f1ador o artista.<\/p>\n<p class=\"whitespace-pre-wrap\">Adem\u00e1s, compartir tus dise\u00f1os con la comunidad Idyllic puede inspirar a otros y, potencialmente, dar lugar a interesantes oportunidades, como encargos, colaboraciones o incluso obtener reconocimiento dentro de las comunidades del anime y el dise\u00f1o.<\/p>\n<\/section>\n<div class=\"wp-block-group alignfull is-layout-constrained wp-block-group-is-layout-constrained\">\n<div class=\"wp-block-group alignwide is-style-default is-layout-flow wp-block-group-is-layout-flow has-position-relative\" style=\"border-radius: 12px;\">\n<div class=\"wp-block-spacer has-background has-position-absolute has-top has-right has-bottom has-left has-z-index has-width\" style=\"background: linear-gradient(135deg,#fecda5 0%,#f7555d 100%); height: 400px; filter: blur(120px) opacity(20%); transform: rotate(23deg); --top: -100px; --right: -200px; --width: 800px;\" aria-hidden=\"true\"><\/div>\n<div class=\"wp-block-group is-style-default has-surface-background-color has-background is-layout-constrained wp-container-core-group-layout-51 wp-block-group-is-layout-constrained has-position-relative has-z-index\" style=\"border-radius: 30px; --z-index: 1; margin-top: 0; margin-bottom: 0; padding: var(--wp--preset--spacing--xl) var(--wp--preset--spacing--sm) var(--wp--preset--spacing--xl) var(--wp--preset--spacing--sm);\">\n<h2 id=\"ready-to-get-started\" class=\"wp-block-heading has-text-align-center\">\u00bfListo para empezar?<\/h2>\n<p class=\"wp-block-paragraph aligncenter has-text-align-center aligncenter\" style=\"margin-top: var(--wp--preset--spacing--xs);\">\u00danete a la comunidad de m\u00e1s de 30.000 artistas que ya utilizan Idyllic<\/p>\n<div class=\"wp-block-buttons is-content-justification-center is-layout-flex wp-container-core-buttons-layout-7 wp-block-buttons-is-layout-flex\">\n<div class=\"wp-block-button has-box-shadow is-style-fill is-style-large\"><a class=\"wp-block-button__link has-surface-color has-contrast-background-color has-text-color has-background wp-element-button\" href=\"https:\/\/create.idyllic.app\" target=\"_blank\" rel=\"noreferrer noopener\">Comenzar<\/a><\/div>\n<\/div>\n<\/div>\n<\/div>\n<\/div>\n","protected":false},"excerpt":{"rendered":"<p>Descubra nuestras novedades Dise\u00f1ador de camisetas de anime Produzca cautivadores dise\u00f1os anime para sus camisetas gr\u00e1ficas. Con la potente funci\u00f3n de generaci\u00f3n de texto a imagen de Idyllic, podr\u00e1s dar vida a tu concepto \u00fanico de camiseta anime sin esfuerzo. No se necesita experiencia en dise\u00f1o. Comenzar M\u00e1s informaci\u00f3n \u2605\u2605\u2605\u2605\u2605 M\u00e1s de 30.000 usuarios Crea &hellip;<\/p>\n","protected":false},"author":2,"featured_media":0,"parent":0,"menu_order":0,"comment_status":"closed","ping_status":"closed","template":"full-width","meta":{"footnotes":""},"class_list":["post-31762","page","type-page","status-publish","hentry"],"_links":{"self":[{"href":"https:\/\/idyllic.app\/es\/wp-json\/wp\/v2\/pages\/31762","targetHints":{"allow":["GET"]}}],"collection":[{"href":"https:\/\/idyllic.app\/es\/wp-json\/wp\/v2\/pages"}],"about":[{"href":"https:\/\/idyllic.app\/es\/wp-json\/wp\/v2\/types\/page"}],"author":[{"embeddable":true,"href":"https:\/\/idyllic.app\/es\/wp-json\/wp\/v2\/users\/2"}],"replies":[{"embeddable":true,"href":"https:\/\/idyllic.app\/es\/wp-json\/wp\/v2\/comments?post=31762"}],"version-history":[{"count":0,"href":"https:\/\/idyllic.app\/es\/wp-json\/wp\/v2\/pages\/31762\/revisions"}],"wp:attachment":[{"href":"https:\/\/idyllic.app\/es\/wp-json\/wp\/v2\/media?parent=31762"}],"curies":[{"name":"wp","href":"https:\/\/api.w.org\/{rel}","templated":true}]}}