{"id":42249,"date":"2024-04-04T02:10:57","date_gmt":"2024-04-04T02:10:57","guid":{"rendered":"https:\/\/idyllic.app\/generador-de-dibujos-de-cocodrilo\/"},"modified":"2024-04-04T02:10:57","modified_gmt":"2024-04-04T02:10:57","slug":"generador-de-dibujos-de-cocodrilo","status":"publish","type":"page","link":"https:\/\/idyllic.app\/es\/generador-de-dibujos-de-cocodrilo\/","title":{"rendered":"Generador de dibujos de cocodrilo"},"content":{"rendered":"<div class=\"wp-block-columns is-stacked-on-mobile alignwide are-vertically-aligned-center is-layout-flex wp-container-core-columns-layout-1 wp-block-columns-is-layout-flex\" style=\"margin-top: 0; margin-bottom: 0;\" data-columns=\"2\">\n<div class=\"wp-block-column is-vertically-aligned-center is-layout-flow wp-block-column-is-layout-flow\" style=\"padding-top: 0; padding-bottom: 0; margin: 0;\">\n<div class=\"wp-block-group is-layout-flow wp-block-group-is-layout-flow\" style=\"padding-top: 0; padding-bottom: 0;\">\n<div class=\"wp-block-group is-nowrap is-layout-flex wp-container-core-group-layout-7 wp-block-group-is-layout-flex\" style=\"margin-top: 0;\">\n<div class=\"wp-block-group has-primary-100-gradient-background has-background is-nowrap is-layout-flex wp-container-core-group-layout-6 wp-block-group-is-layout-flex has-position-relative\" style=\"border-radius: 99px; font-style: normal; font-weight: 500;\">\n<p class=\"wp-block-paragraph aligncenter has-text-align-center is-style-default has-background has-12-font-size aligncenter has-position-relative has-z-index\" style=\"border-style: none; border-width: 0px; border-radius: 99px; background: linear-gradient(135deg,#fecda5 0%,#f7555d 100%); line-height: 1; --z-index: 1; padding: 6px var(--wp--preset--spacing--xxs) 6px var(--wp--preset--spacing--xxs);\">Descubra nuestras novedades<\/p>\n<\/div>\n<\/div>\n<h1 id=\"design-system-and-ui-kit-for-modern-websites\" class=\"wp-block-heading has-52-font-size\" style=\"margin-top: var(--wp--preset--spacing--sm); line-height: 1.1;\">Generador de dibujos de cocodrilo<\/h1>\n<div class=\"wp-block-group is-layout-constrained wp-container-core-group-layout-8 wp-block-group-is-layout-constrained\">\n<p class=\"wp-block-paragraph \">Da rienda suelta a tu genio creativo con dibujos de caimanes r\u00e1pidos y realistas. Genera un dibujo de caim\u00e1n realista o inspirado en el arte con facilidad utilizando la innovadora y vers\u00e1til herramienta de conversi\u00f3n de texto a imagen de Idyllic, dise\u00f1ada para artistas, dise\u00f1adores y garabateadores aficionados por igual.<\/p>\n<\/div>\n<div class=\"wp-block-group is-nowrap is-layout-flex wp-container-core-group-layout-10 wp-block-group-is-layout-flex\" style=\"padding-top: var(--wp--preset--spacing--sm); padding-bottom: var(--wp--preset--spacing--sm); margin-top: 0; margin-bottom: 0;\">\n<div class=\"wp-block-buttons has-neutral-800-background-color has-background is-layout-flex wp-block-buttons-is-layout-flex\" style=\"margin: 0; padding: 1px;\">\n<div class=\"wp-block-button has-box-shadow\"><a class=\"wp-block-button__link wp-element-button\" href=\"https:\/\/create.idyllic.app\/?origin=alligator-drawing\">Comenzar<\/a><\/div>\n<\/div>\n<div class=\"wp-block-group is-layout-flow wp-block-group-is-layout-flow has-position-relative\" style=\"margin-top: 0; margin-bottom: 0;\">\n<div class=\"wp-block-spacer has-primary-100-gradient-background has-background has-position-absolute has-z-index\" style=\"height: 100px; filter: blur(30px); margin: 0;\" aria-hidden=\"true\"><\/div>\n<div class=\"wp-block-buttons has-primary-gradient-background has-background is-layout-flex wp-container-core-buttons-layout-3 wp-block-buttons-is-layout-flex has-position-relative has-z-index\" style=\"--z-index: 1; margin: 0; padding: 1px;\">\n<div class=\"wp-block-button has-box-shadow is-style-fill has-display-none-mobile\" style=\"border-radius: 7px; margin-top: 0; margin-bottom: 0;\"><a class=\"wp-block-button__link has-neutral-800-color has-neutral-0-background-color has-text-color has-background wp-element-button\" style=\"border-radius: 7px; margin-top: 0; margin-bottom: 0;\" href=\"#\">M\u00e1s informaci\u00f3n<\/a><\/div>\n<\/div>\n<\/div>\n<\/div>\n<div class=\"wp-block-group is-nowrap is-layout-flex wp-container-core-group-layout-11 wp-block-group-is-layout-flex\" style=\"margin-top: 0; margin-bottom: 0;\">\n<p class=\"wp-block-paragraph is-style-default has-14-font-size\" style=\"margin-top: 0; margin-bottom: 0; letter-spacing: 4px; line-height: 1;\">\u2605\u2605\u2605\u2605\u2605<\/p>\n<p class=\"wp-block-paragraph has-14-font-size\" style=\"margin-top: var(--wp--preset--spacing--xxs); margin-bottom: var(--wp--preset--spacing--xxs);\">M\u00e1s de 30.000 usuarios<\/p>\n<\/div>\n<\/div>\n<\/div>\n<div class=\"wp-block-column is-vertically-aligned-center is-layout-flow wp-block-column-is-layout-flow\">\n<div class=\"wp-block-group is-style-default has-neutral-0-background-color has-background is-layout-flow wp-container-core-group-layout-14 wp-block-group-is-layout-flow has-position-relative has-z-index\" style=\"border-radius: 8px; transform: scale(1.1) translateX(1.5em); --z-index: 1; margin-top: 0; margin-bottom: 0;\">\n<div class=\"wp-block-spacer margin-auto has-background has-position-absolute has-top has-right has-bottom has-left has-z-index has-width\" style=\"border-radius: 99px; background: linear-gradient(135deg,#fecda5 0%,#f7555d 100%); height: 400px; filter: blur(80px) opacity(20%); transform: rotate(30deg); --top: 0px; --right: 0px; --bottom: 0px; --left: 0px; --width: 400px; margin: 0;\" aria-hidden=\"true\"><\/div>\n<div class=\"wp-block-group has-neutral-0-background-color has-background is-layout-flow wp-container-core-group-layout-13 wp-block-group-is-layout-flow has-position-relative has-z-index\" style=\"border-radius: 8px; --z-index: 1; margin-top: 0; margin-bottom: 0; padding: 0 var(--wp--preset--spacing--xxs) var(--wp--preset--spacing--xxs) var(--wp--preset--spacing--xxs);\">\n<figure class=\"wp-block-image size-large is-resized has-display-none-mobile\"><img loading=\"lazy\" decoding=\"async\" class=\"wp-image-15920 lazyload\" data-src=\"https:\/\/idyllic.app\/wp-content\/uploads\/2024\/04\/369260.jpeg\" data-sizes=\"auto, (max-width: 1024px) 100vw, 1024px\" alt=\"\" width=\"1024\" height=\"1024\" src=\"data:image\/gif;base64,R0lGODlhAQABAAAAACH5BAEKAAEALAAAAAABAAEAAAICTAEAOw==\" style=\"--smush-placeholder-width: 1024px; --smush-placeholder-aspect-ratio: 1024\/1024;\"><noscript><img loading=\"lazy\" decoding=\"async\" class=\"wp-image-15920 lazyload\" data-src=\"https:\/\/idyllic.app\/wp-content\/uploads\/2024\/04\/369260.jpeg\" data-sizes=\"auto, (max-width: 1024px) 100vw, 1024px\" alt=\"\" width=\"1024\" height=\"1024\" src=\"data:image\/gif;base64,R0lGODlhAQABAAAAACH5BAEKAAEALAAAAAABAAEAAAICTAEAOw==\" style=\"--smush-placeholder-width: 1024px; --smush-placeholder-aspect-ratio: 1024\/1024;\"><noscript><img loading=\"lazy\" decoding=\"async\" class=\"wp-image-15920\" src=\"https:\/\/idyllic.app\/wp-content\/uploads\/2024\/04\/369260.jpeg\" sizes=\"auto, (max-width: 1024px) 100vw, 1024px\" alt=\"\" width=\"1024\" height=\"1024\"><\/noscript><\/noscript><\/figure>\n<\/div>\n<\/div>\n<\/div>\n<\/div>\n<div class=\"wp-block-columns is-stacked-on-mobile alignwide are-vertically-aligned-center is-layout-flex wp-container-core-columns-layout-7 wp-block-columns-is-layout-flex\" data-columns=\"2\">\n<div class=\"wp-block-column is-vertically-aligned-center has-neutral-0-background-color has-background-background-color has-background is-layout-flow wp-block-column-is-layout-flow has-position-relative\" style=\"padding: 0;\">\n<div class=\"wp-block-group has-filter has-transform has-primary-light-gradient-background has-background is-layout-constrained wp-block-group-is-layout-constrained has-position-absolute has-top has-right has-bottom has-left has-z-index\" style=\"filter: blur(60px); transform: scale(1); --top: 0px; --right: 0px; --bottom: 0px; --left: 0px; margin: 0;\"><\/div>\n<div class=\"wp-block-columns is-stacked-on-mobile is-stacked-on-mobile is-not-stacked-on-mobile is-layout-flex wp-container-core-columns-layout-5 wp-block-columns-is-layout-flex has-position-relative has-z-index\" style=\"--z-index: 1; margin-top: 0; margin-bottom: 0;\" data-columns=\"2\">\n<div class=\"wp-block-column is-style-default is-layout-flow wp-block-column-is-layout-flow\" style=\"padding-top: var(--wp--preset--spacing--md);\">\n<figure class=\"wp-block-image size-large\"><img loading=\"lazy\" decoding=\"async\" class=\"wp-image-15920 lazyload\" data-src=\"https:\/\/idyllic.app\/wp-content\/uploads\/2024\/04\/369246.jpeg\" data-sizes=\"auto, (max-width: 1024px) 100vw, 1024px\" alt=\"\" width=\"1024\" height=\"1024\" src=\"data:image\/gif;base64,R0lGODlhAQABAAAAACH5BAEKAAEALAAAAAABAAEAAAICTAEAOw==\" style=\"--smush-placeholder-width: 1024px; --smush-placeholder-aspect-ratio: 1024\/1024;\"><noscript><img loading=\"lazy\" decoding=\"async\" class=\"wp-image-15920\" src=\"https:\/\/idyllic.app\/wp-content\/uploads\/2024\/04\/369246.jpeg\" sizes=\"auto, (max-width: 1024px) 100vw, 1024px\" alt=\"\" width=\"1024\" height=\"1024\"><\/noscript><\/figure>\n<figure class=\"wp-block-image size-full\"><img loading=\"lazy\" decoding=\"async\" class=\"wp-image-15812 lazyload\" data-src=\"https:\/\/idyllic.app\/wp-content\/uploads\/2024\/04\/369238.jpeg\" data-sizes=\"auto, (max-width: 1024px) 100vw, 1024px\" alt=\"\" width=\"1024\" height=\"1024\" src=\"data:image\/gif;base64,R0lGODlhAQABAAAAACH5BAEKAAEALAAAAAABAAEAAAICTAEAOw==\" style=\"--smush-placeholder-width: 1024px; --smush-placeholder-aspect-ratio: 1024\/1024;\"><noscript><img loading=\"lazy\" decoding=\"async\" class=\"wp-image-15812\" src=\"https:\/\/idyllic.app\/wp-content\/uploads\/2024\/04\/369238.jpeg\" sizes=\"auto, (max-width: 1024px) 100vw, 1024px\" alt=\"\" width=\"1024\" height=\"1024\"><\/noscript><\/figure>\n<\/div>\n<div class=\"wp-block-column is-style-default is-layout-flow wp-block-column-is-layout-flow\" style=\"padding-top: 0;\">\n<figure class=\"wp-block-image size-full\"><img loading=\"lazy\" decoding=\"async\" class=\"wp-image-15921 lazyload\" data-src=\"https:\/\/idyllic.app\/wp-content\/uploads\/2024\/04\/369258.jpeg\" data-sizes=\"auto, (max-width: 1024px) 100vw, 1024px\" alt=\"\" width=\"1024\" height=\"1024\" src=\"data:image\/gif;base64,R0lGODlhAQABAAAAACH5BAEKAAEALAAAAAABAAEAAAICTAEAOw==\" style=\"--smush-placeholder-width: 1024px; --smush-placeholder-aspect-ratio: 1024\/1024;\"><noscript><img loading=\"lazy\" decoding=\"async\" class=\"wp-image-15921\" src=\"https:\/\/idyllic.app\/wp-content\/uploads\/2024\/04\/369258.jpeg\" sizes=\"auto, (max-width: 1024px) 100vw, 1024px\" alt=\"\" width=\"1024\" height=\"1024\"><\/noscript><\/figure>\n<figure class=\"wp-block-image size-large\"><img loading=\"lazy\" decoding=\"async\" class=\"wp-image-15919 lazyload\" data-src=\"https:\/\/idyllic.app\/wp-content\/uploads\/2024\/04\/369182.jpeg\" data-sizes=\"auto, (max-width: 1024px) 100vw, 1024px\" alt=\"\" width=\"1024\" height=\"1024\" src=\"data:image\/gif;base64,R0lGODlhAQABAAAAACH5BAEKAAEALAAAAAABAAEAAAICTAEAOw==\" style=\"--smush-placeholder-width: 1024px; --smush-placeholder-aspect-ratio: 1024\/1024;\"><noscript><img loading=\"lazy\" decoding=\"async\" class=\"wp-image-15919\" src=\"https:\/\/idyllic.app\/wp-content\/uploads\/2024\/04\/369182.jpeg\" sizes=\"auto, (max-width: 1024px) 100vw, 1024px\" alt=\"\" width=\"1024\" height=\"1024\"><\/noscript><\/figure>\n<\/div>\n<\/div>\n<\/div>\n<div class=\"wp-block-column is-vertically-aligned-center has-neutral-0-background-color has-background-background-color has-background is-layout-flow wp-block-column-is-layout-flow has-position-relative\" style=\"padding: 0;\">\n<div class=\"wp-block-group has-filter has-transform has-primary-light-gradient-background has-background is-layout-constrained wp-block-group-is-layout-constrained has-position-absolute has-top has-right has-bottom has-left has-z-index\" style=\"filter: blur(60px); transform: scale(1); --top: 0px; --right: 0px; --bottom: 0px; --left: 0px; margin: 0;\"><\/div>\n<div class=\"wp-block-columns is-stacked-on-mobile is-stacked-on-mobile is-not-stacked-on-mobile is-layout-flex wp-container-core-columns-layout-5 wp-block-columns-is-layout-flex has-position-relative has-z-index\" style=\"--z-index: 1; margin-top: 0; margin-bottom: 0;\" data-columns=\"2\">\n<div class=\"wp-block-column is-style-default is-layout-flow wp-block-column-is-layout-flow\" style=\"padding-top: var(--wp--preset--spacing--md);\">\n<figure class=\"wp-block-image size-large\"><img loading=\"lazy\" decoding=\"async\" class=\"wp-image-15920 lazyload\" data-src=\"https:\/\/idyllic.app\/wp-content\/uploads\/2024\/04\/369260.jpeg\" data-sizes=\"auto, (max-width: 1024px) 100vw, 1024px\" alt=\"\" width=\"1024\" height=\"1024\" src=\"data:image\/gif;base64,R0lGODlhAQABAAAAACH5BAEKAAEALAAAAAABAAEAAAICTAEAOw==\" style=\"--smush-placeholder-width: 1024px; --smush-placeholder-aspect-ratio: 1024\/1024;\"><noscript><img loading=\"lazy\" decoding=\"async\" class=\"wp-image-15920 lazyload\" data-src=\"https:\/\/idyllic.app\/wp-content\/uploads\/2024\/04\/369260.jpeg\" data-sizes=\"auto, (max-width: 1024px) 100vw, 1024px\" alt=\"\" width=\"1024\" height=\"1024\" src=\"data:image\/gif;base64,R0lGODlhAQABAAAAACH5BAEKAAEALAAAAAABAAEAAAICTAEAOw==\" style=\"--smush-placeholder-width: 1024px; --smush-placeholder-aspect-ratio: 1024\/1024;\"><noscript><img loading=\"lazy\" decoding=\"async\" class=\"wp-image-15920\" src=\"https:\/\/idyllic.app\/wp-content\/uploads\/2024\/04\/369260.jpeg\" sizes=\"auto, (max-width: 1024px) 100vw, 1024px\" alt=\"\" width=\"1024\" height=\"1024\"><\/noscript><\/noscript><\/figure>\n<figure class=\"wp-block-image size-full\"><img loading=\"lazy\" decoding=\"async\" class=\"wp-image-15812 lazyload\" data-src=\"https:\/\/idyllic.app\/wp-content\/uploads\/2024\/04\/369247.jpeg\" data-sizes=\"auto, (max-width: 1024px) 100vw, 1024px\" alt=\"\" width=\"1024\" height=\"1024\" src=\"data:image\/gif;base64,R0lGODlhAQABAAAAACH5BAEKAAEALAAAAAABAAEAAAICTAEAOw==\" style=\"--smush-placeholder-width: 1024px; --smush-placeholder-aspect-ratio: 1024\/1024;\"><noscript><img loading=\"lazy\" decoding=\"async\" class=\"wp-image-15812\" src=\"https:\/\/idyllic.app\/wp-content\/uploads\/2024\/04\/369247.jpeg\" sizes=\"auto, (max-width: 1024px) 100vw, 1024px\" alt=\"\" width=\"1024\" height=\"1024\"><\/noscript><\/figure>\n<\/div>\n<div class=\"wp-block-column is-style-default is-layout-flow wp-block-column-is-layout-flow\" style=\"padding-top: 0;\">\n<figure class=\"wp-block-image size-full\"><img loading=\"lazy\" decoding=\"async\" class=\"wp-image-15921 lazyload\" data-src=\"https:\/\/idyllic.app\/wp-content\/uploads\/2024\/04\/369259.jpeg\" data-sizes=\"auto, (max-width: 1024px) 100vw, 1024px\" alt=\"\" width=\"1024\" height=\"1024\" src=\"data:image\/gif;base64,R0lGODlhAQABAAAAACH5BAEKAAEALAAAAAABAAEAAAICTAEAOw==\" style=\"--smush-placeholder-width: 1024px; --smush-placeholder-aspect-ratio: 1024\/1024;\"><noscript><img loading=\"lazy\" decoding=\"async\" class=\"wp-image-15921\" src=\"https:\/\/idyllic.app\/wp-content\/uploads\/2024\/04\/369259.jpeg\" sizes=\"auto, (max-width: 1024px) 100vw, 1024px\" alt=\"\" width=\"1024\" height=\"1024\"><\/noscript><\/figure>\n<figure class=\"wp-block-image size-large\"><img loading=\"lazy\" decoding=\"async\" class=\"alignnone wp-image-15919 lazyload\" data-src=\"https:\/\/idyllic.app\/wp-content\/uploads\/2024\/04\/369257.jpeg\" data-sizes=\"auto, (max-width: 1024px) 100vw, 1024px\" alt=\"generador de dibujos de cocodrilo\" width=\"1024\" height=\"1024\" src=\"data:image\/gif;base64,R0lGODlhAQABAAAAACH5BAEKAAEALAAAAAABAAEAAAICTAEAOw==\" style=\"--smush-placeholder-width: 1024px; --smush-placeholder-aspect-ratio: 1024\/1024;\"><noscript><img loading=\"lazy\" decoding=\"async\" class=\"alignnone wp-image-15919\" src=\"https:\/\/idyllic.app\/wp-content\/uploads\/2024\/04\/369257.jpeg\" sizes=\"auto, (max-width: 1024px) 100vw, 1024px\" alt=\"generador de dibujos de cocodrilo\" width=\"1024\" height=\"1024\"><\/noscript><\/figure>\n<\/div>\n<\/div>\n<\/div>\n<\/div>\n<section>\n<h2>Prueba el Generador de Dibujos del Caim\u00e1n N\u00famero 1<\/h2>\n<p class=\"whitespace-pre-wrap break-words\">En Idyllic, creemos que el poder de la creatividad no tiene l\u00edmites, especialmente cuando se trata del asombroso mundo de los caimanes. Nuestro revolucionario generador de dibujos de caimanes te permite dar vida a tus imaginaciones m\u00e1s salvajes, transformando la palabra escrita en cautivadoras representaciones visuales de estos majestuosos reptiles.<\/p>\n<p class=\"whitespace-pre-wrap break-words\">Tanto si te imaginas a un feroz caim\u00e1n acechando a su presa en las turbias profundidades de un pantano, como a un juguet\u00f3n caim\u00e1n tomando el sol en la orilla de un r\u00edo, o a un imponente caim\u00e1n emergiendo de las profundidades para enfrentarse a sus enemigos, nuestra avanzada tecnolog\u00eda de IA traducir\u00e1 tus indicaciones descriptivas en dibujos impresionantemente detallados.<\/p>\n<p class=\"whitespace-pre-wrap break-words\">Aprovecha todo el potencial de tu creatividad y deja que tu mente divague hacia las escenas de caimanes m\u00e1s imaginativas. Describe las texturas de su piel escamosa, la intensidad de sus ojos penetrantes o los poderosos movimientos musculares de su mand\u00edbula, y observa c\u00f3mo nuestro generador de dibujos de caimanes da vida a estos v\u00edvidos detalles en el lienzo digital.<\/p>\n<p class=\"whitespace-pre-wrap break-words\">Da rienda suelta al artista que llevas dentro y experimenta con diversas posturas de caim\u00e1n, entornos y estados de \u00e1nimo. Capta la majestuosidad de estas criaturas prehist\u00f3ricas en acci\u00f3n, o explora los momentos m\u00e1s tranquilos de la vida de un caim\u00e1n, expresando los matices de su comportamiento y personalidad a trav\u00e9s de tus detalladas descripciones.<\/p>\n<p class=\"whitespace-pre-wrap break-words\">Con el generador de dibujos de caimanes de Idyllic, el \u00fanico l\u00edmite es tu imaginaci\u00f3n. Sum\u00e9rgete en un mundo donde la palabra escrita se convierte en el catalizador de asombrosas representaciones visuales, donde tus ideas y visiones se transforman en asombrosas representaciones de caimanes que cautivan e inspiran.<\/p>\n<p class=\"whitespace-pre-wrap break-words\">Disfruta de la emoci\u00f3n de crear tu propia obra de arte de cocodrilo, y descubre una nueva dimensi\u00f3n de expresi\u00f3n creativa. Descubre el poder del generador de dibujos de caimanes de Idyllic y da rienda suelta a tu imaginaci\u00f3n en el cautivador reino de los dibujos de caimanes.<\/p>\n<h2>Calidad y rapidez: siempre tienes el control<\/h2>\n<p>Elige entre crear im\u00e1genes detalladas de alta calidad o decantarte por un estilo m\u00e1s r\u00e1pido y sencillo, seg\u00fan tus necesidades. Perfecciona las im\u00e1genes generadas solicitando cambios espec\u00edficos en mensajes posteriores para conseguir el nivel de detalle que desees. Selecciona entre varias resoluciones de imagen para adaptarlas a las necesidades de tu proyecto, desde gr\u00e1ficos para la web hasta requisitos de impresi\u00f3n de alta resoluci\u00f3n.<\/p>\n<h2>Social y compartible<\/h2>\n<p>\u00danete a la vibrante comunidad global de Idyllic para encontrar inspiraci\u00f3n, compartir tu proceso creativo y mostrar tu incre\u00edble trabajo. Puedes seguir a otros usuarios, hacer \u00abme gusta\u00bb y comentar sus obras, e incluso publicar \u00abhilos\u00bb de tu flujo de trabajo para inspirar a otros y recabar opiniones.<\/p>\n<\/section>\n<div class=\"wp-block-group alignfull is-layout-constrained wp-block-group-is-layout-constrained\" style=\"padding-top: var(--wp--preset--spacing--xs); padding-bottom: var(--wp--preset--spacing--xs); margin-top: 0;\">\n<div class=\"wp-block-group is-layout-constrained wp-container-core-group-layout-42 wp-block-group-is-layout-constrained\">\n<div class=\"wp-block-group is-content-justification-center is-nowrap is-layout-flex wp-container-core-group-layout-41 wp-block-group-is-layout-flex\"><\/div>\n<h3 id=\"frequently-asked-questions\" class=\"wp-block-heading has-text-align-center\">Preguntas frecuentes<\/h3>\n<\/div>\n<\/div>\n<section>\n<h3>\u00bfC\u00f3mo de detallados pueden ser los dibujos del caim\u00e1n?<\/h3>\n<p class=\"whitespace-pre-wrap break-words\">El nivel de detalle de los dibujos de caimanes generados por la IA de Idyllic es realmente notable. Proporcionando descripciones textuales minuciosas y espec\u00edficas, puedes guiar a la IA para que represente a los caimanes con escamas intrincadas, ojos penetrantes, mand\u00edbulas poderosas e incluso las expresiones y poses m\u00e1s matizadas. Nuestros avanzados algoritmos permiten la creaci\u00f3n de dibujos de caimanes hiperrealistas que captan cada sutil textura y movimiento con una precisi\u00f3n asombrosa, haci\u00e9ndolos perfectos para su uso como ilustraciones vectoriales de cabezas de caim\u00e1n o stock de dibujos de caimanes.<\/p>\n<h3><strong>\u00bfPuedo crear caimanes en diferentes entornos y ambientes?<\/strong><\/h3>\n<p class=\"whitespace-pre-wrap break-words\">\u00a1Claro que s\u00ed! La versatilidad del generador de dibujos de caimanes de Idyllic te permite conjurar caimanes en una gran variedad de entornos y contextos. Tanto si te imaginas a un caim\u00e1n acechando a su presa en un pantano turbio, tomando el sol en la orilla de un r\u00edo soleado o enfrent\u00e1ndose a sus enemigos en un escenario m\u00e1s fant\u00e1stico, nuestra herramienta basada en IA puede dar vida a estas diversas escenas. S\u00f3lo tienes que describir el entorno concreto, y nuestro generador de fotos de caim\u00e1n lo integrar\u00e1 perfectamente en el escenario deseado.<\/p>\n<h3><strong>\u00bfHay alg\u00fan l\u00edmite en el n\u00famero de dibujos de caimanes que puedo crear?<\/strong><\/h3>\n<div class=\"grid grid-cols-1 gap-3 font-claude-message pr-9 relative overflow-x-auto leading-[1.65rem]\">\n<p class=\"whitespace-pre-wrap break-words\">No, no hay l\u00edmite en el n\u00famero de dibujos de caimanes que puedes crear con el generador de dibujos de caimanes de Idyllic. Nuestra plataforma est\u00e1 dise\u00f1ada para proporcionarte un lienzo creativo ilimitado, permiti\u00e9ndote explorar tu imaginaci\u00f3n y generar tantos renders de caimanes \u00fanicos como desees. Tanto si eres un artista que busca construir un portafolio, un educador que busca materiales did\u00e1cticos atractivos o un aficionado apasionado por los caimanes, puedes crear una variedad infinita de dibujos de caimanes para satisfacer tus necesidades y ampliar tu colecci\u00f3n de stock de dibujos de caimanes.<\/p>\n<\/div>\n<p>&nbsp;<\/p>\n<\/section>\n<div class=\"wp-block-group alignfull is-layout-constrained wp-block-group-is-layout-constrained\">\n<div class=\"wp-block-group alignwide is-style-default is-layout-flow wp-block-group-is-layout-flow has-position-relative\" style=\"border-radius: 12px;\">\n<div class=\"wp-block-spacer has-background has-position-absolute has-top has-right has-bottom has-left has-z-index has-width\" style=\"background: linear-gradient(135deg,#fecda5 0%,#f7555d 100%); height: 400px; filter: blur(120px) opacity(20%); transform: rotate(23deg); --top: -100px; --right: -200px; --width: 800px;\" aria-hidden=\"true\"><\/div>\n<div class=\"wp-block-group is-style-default has-surface-background-color has-background is-layout-constrained wp-container-core-group-layout-51 wp-block-group-is-layout-constrained has-position-relative has-z-index\" style=\"border-radius: 30px; --z-index: 1; margin-top: 0; margin-bottom: 0; padding: var(--wp--preset--spacing--xl) var(--wp--preset--spacing--sm) var(--wp--preset--spacing--xl) var(--wp--preset--spacing--sm);\">\n<h2 id=\"ready-to-get-started\" class=\"wp-block-heading has-text-align-center\">\u00bfListo para empezar?<\/h2>\n<p class=\"wp-block-paragraph aligncenter has-text-align-center aligncenter\" style=\"margin-top: var(--wp--preset--spacing--xs);\">\u00danete a la comunidad de m\u00e1s de 30.000 artistas que ya utilizan Idyllic<\/p>\n<div class=\"wp-block-buttons is-content-justification-center is-layout-flex wp-container-core-buttons-layout-7 wp-block-buttons-is-layout-flex\">\n<div class=\"wp-block-button has-box-shadow is-style-fill is-style-large\"><a class=\"wp-block-button__link has-surface-color has-contrast-background-color has-text-color has-background wp-element-button\" href=\"https:\/\/create.idyllic.app\/?origin=alligator-drawing\" target=\"_blank\" rel=\"noreferrer noopener\">Comenzar<\/a><\/div>\n<\/div>\n<\/div>\n<\/div>\n<\/div>\n","protected":false},"excerpt":{"rendered":"<p>Descubra nuestras novedades Generador de dibujos de cocodrilo Da rienda suelta a tu genio creativo con dibujos de caimanes r\u00e1pidos y realistas. Genera un dibujo de caim\u00e1n realista o inspirado en el arte con facilidad utilizando la innovadora y vers\u00e1til herramienta de conversi\u00f3n de texto a imagen de Idyllic, dise\u00f1ada para artistas, dise\u00f1adores y garabateadores &hellip;<\/p>\n","protected":false},"author":2,"featured_media":0,"parent":0,"menu_order":0,"comment_status":"closed","ping_status":"closed","template":"full-width","meta":{"footnotes":""},"class_list":["post-42249","page","type-page","status-publish","hentry"],"_links":{"self":[{"href":"https:\/\/idyllic.app\/es\/wp-json\/wp\/v2\/pages\/42249","targetHints":{"allow":["GET"]}}],"collection":[{"href":"https:\/\/idyllic.app\/es\/wp-json\/wp\/v2\/pages"}],"about":[{"href":"https:\/\/idyllic.app\/es\/wp-json\/wp\/v2\/types\/page"}],"author":[{"embeddable":true,"href":"https:\/\/idyllic.app\/es\/wp-json\/wp\/v2\/users\/2"}],"replies":[{"embeddable":true,"href":"https:\/\/idyllic.app\/es\/wp-json\/wp\/v2\/comments?post=42249"}],"version-history":[{"count":0,"href":"https:\/\/idyllic.app\/es\/wp-json\/wp\/v2\/pages\/42249\/revisions"}],"wp:attachment":[{"href":"https:\/\/idyllic.app\/es\/wp-json\/wp\/v2\/media?parent=42249"}],"curies":[{"name":"wp","href":"https:\/\/api.w.org\/{rel}","templated":true}]}}