{"id":50981,"date":"2024-02-07T08:14:38","date_gmt":"2024-02-07T08:14:38","guid":{"rendered":"https:\/\/idyllic.app\/generador-de-dibujos-animados-ai-explora-y-crea\/"},"modified":"2024-02-07T08:14:38","modified_gmt":"2024-02-07T08:14:38","slug":"generador-de-dibujos-animados-ai-explora-y-crea","status":"publish","type":"page","link":"https:\/\/idyllic.app\/es\/generador-de-dibujos-animados-ai-explora-y-crea\/","title":{"rendered":"Generador de dibujos animados AI | Explora y crea"},"content":{"rendered":"<div class=\"wp-block-columns is-stacked-on-mobile alignwide are-vertically-aligned-center is-layout-flex wp-container-core-columns-layout-1 wp-block-columns-is-layout-flex\" style=\"margin-top: 0; margin-bottom: 0;\" data-columns=\"2\">\n<div class=\"wp-block-column is-vertically-aligned-center is-layout-flow wp-block-column-is-layout-flow\" style=\"padding-top: 0; padding-bottom: 0; margin: 0;\">\n<div class=\"wp-block-group is-layout-flow wp-block-group-is-layout-flow\" style=\"padding-top: 0; padding-bottom: 0;\">\n<div class=\"wp-block-group is-nowrap is-layout-flex wp-container-core-group-layout-7 wp-block-group-is-layout-flex\" style=\"margin-top: 0;\">\n<div class=\"wp-block-group has-primary-100-gradient-background has-background is-nowrap is-layout-flex wp-container-core-group-layout-6 wp-block-group-is-layout-flex has-position-relative\" style=\"border-radius: 99px; font-style: normal; font-weight: 500;\">\n<p class=\"wp-block-paragraph aligncenter has-text-align-center is-style-default has-background has-12-font-size aligncenter has-position-relative has-z-index\" style=\"border-style: none; border-width: 0px; border-radius: 99px; background: linear-gradient(135deg,#fecda5 0%,#f7555d 100%); line-height: 1; --z-index: 1; padding: 6px var(--wp--preset--spacing--xxs) 6px var(--wp--preset--spacing--xxs);\">Descubra nuestras novedades<\/p>\n<\/div>\n<\/div>\n<h1 id=\"design-system-and-ui-kit-for-modern-websites\" class=\"wp-block-heading has-52-font-size\" style=\"margin-top: var(--wp--preset--spacing--sm); line-height: 1.1;\">Generador de dibujos animados AI | Explora y crea<\/h1>\n<div class=\"wp-block-group is-layout-constrained wp-container-core-group-layout-8 wp-block-group-is-layout-constrained\">\n<p class=\"wp-block-paragraph \">Transforma tus ideas en simp\u00e1ticos dibujos animados utilizando nuestra aplicaci\u00f3n basada en IA. No necesitas saber dibujar, s\u00f3lo simples descripciones de texto para dar vida a tus fantas\u00edas de dibujos animados.<\/p>\n<\/div>\n<div class=\"wp-block-group is-nowrap is-layout-flex wp-container-core-group-layout-10 wp-block-group-is-layout-flex\" style=\"padding-top: var(--wp--preset--spacing--sm); padding-bottom: var(--wp--preset--spacing--sm); margin-top: 0; margin-bottom: 0;\">\n<div class=\"wp-block-buttons has-neutral-800-background-color has-background is-layout-flex wp-block-buttons-is-layout-flex\" style=\"margin: 0; padding: 1px;\">\n<div class=\"wp-block-button has-box-shadow\"><a class=\"wp-block-button__link wp-element-button\" href=\"https:\/\/create.idyllic.app\/?origin=ai-cartoon-generator\">Comenzar<\/a><\/div>\n<\/div>\n<div class=\"wp-block-group is-layout-flow wp-block-group-is-layout-flow has-position-relative\" style=\"margin-top: 0; margin-bottom: 0;\">\n<div class=\"wp-block-spacer has-primary-100-gradient-background has-background has-position-absolute has-z-index\" style=\"height: 100px; filter: blur(30px); margin: 0;\" aria-hidden=\"true\"><\/div>\n<div class=\"wp-block-buttons has-primary-gradient-background has-background is-layout-flex wp-container-core-buttons-layout-3 wp-block-buttons-is-layout-flex has-position-relative has-z-index\" style=\"--z-index: 1; margin: 0; padding: 1px;\">\n<div class=\"wp-block-button has-box-shadow is-style-fill has-display-none-mobile\" style=\"border-radius: 7px; margin-top: 0; margin-bottom: 0;\"><a class=\"wp-block-button__link has-neutral-800-color has-neutral-0-background-color has-text-color has-background wp-element-button\" style=\"border-radius: 7px; margin-top: 0; margin-bottom: 0;\" href=\"#\">M\u00e1s informaci\u00f3n<\/a><\/div>\n<\/div>\n<\/div>\n<\/div>\n<div class=\"wp-block-group is-nowrap is-layout-flex wp-container-core-group-layout-11 wp-block-group-is-layout-flex\" style=\"margin-top: 0; margin-bottom: 0;\">\n<p class=\"wp-block-paragraph is-style-default has-14-font-size\" style=\"margin-top: 0; margin-bottom: 0; letter-spacing: 4px; line-height: 1;\">\u2605\u2605\u2605\u2605\u2605<\/p>\n<p class=\"wp-block-paragraph has-14-font-size\" style=\"margin-top: var(--wp--preset--spacing--xxs); margin-bottom: var(--wp--preset--spacing--xxs);\">M\u00e1s de 30.000 usuarios<\/p>\n<\/div>\n<\/div>\n<\/div>\n<div class=\"wp-block-column is-vertically-aligned-center is-layout-flow wp-block-column-is-layout-flow\">\n<div class=\"wp-block-group is-style-default has-neutral-0-background-color has-background is-layout-flow wp-container-core-group-layout-14 wp-block-group-is-layout-flow has-position-relative has-z-index\" style=\"border-radius: 8px; transform: scale(1.1) translateX(1.5em); --z-index: 1; margin-top: 0; margin-bottom: 0;\">\n<div class=\"wp-block-spacer margin-auto has-background has-position-absolute has-top has-right has-bottom has-left has-z-index has-width\" style=\"border-radius: 99px; background: linear-gradient(135deg,#fecda5 0%,#f7555d 100%); height: 400px; filter: blur(80px) opacity(20%); transform: rotate(30deg); --top: 0px; --right: 0px; --bottom: 0px; --left: 0px; --width: 400px; margin: 0;\" aria-hidden=\"true\"><\/div>\n<div class=\"wp-block-group has-neutral-0-background-color has-background is-layout-flow wp-container-core-group-layout-13 wp-block-group-is-layout-flow has-position-relative has-z-index\" style=\"border-radius: 8px; --z-index: 1; margin-top: 0; margin-bottom: 0; padding: 0 var(--wp--preset--spacing--xxs) var(--wp--preset--spacing--xxs) var(--wp--preset--spacing--xxs);\">\n<figure class=\"wp-block-image size-large is-resized has-display-none-mobile\"><img loading=\"lazy\" decoding=\"async\" class=\"alignnone wp-image-16337 size-medium lazyload\" style=\"--smush-placeholder-width: 300px; --smush-placeholder-aspect-ratio: 300\/300;width: 467px; height: auto;\" data-src=\"https:\/\/idyllic.app\/wp-content\/uploads\/2024\/02\/smile-300x300.jpeg\" data-sizes=\"auto, (max-width: 1024px) 100vw, 1024px\" alt=\"Mu\u00f1eca - Sonr\u00ede\" width=\"300\" height=\"300\" data-srcset=\"https:\/\/idyllic.app\/wp-content\/uploads\/2024\/02\/smile-300x300.jpeg 300w, https:\/\/idyllic.app\/wp-content\/uploads\/2024\/02\/smile-150x150.jpeg 150w, https:\/\/idyllic.app\/wp-content\/uploads\/2024\/02\/smile-768x768.jpeg 768w, https:\/\/idyllic.app\/wp-content\/uploads\/2024\/02\/smile.jpeg 1024w\" src=\"data:image\/gif;base64,R0lGODlhAQABAAAAACH5BAEKAAEALAAAAAABAAEAAAICTAEAOw==\" \/><noscript><img loading=\"lazy\" decoding=\"async\" class=\"alignnone wp-image-16337 size-medium\" style=\"width: 467px; height: auto;\" src=\"https:\/\/idyllic.app\/wp-content\/uploads\/2024\/02\/smile-300x300.jpeg\" sizes=\"auto, (max-width: 1024px) 100vw, 1024px\" alt=\"Mu\u00f1eca - Sonr\u00ede\" width=\"300\" height=\"300\" srcset=\"https:\/\/idyllic.app\/wp-content\/uploads\/2024\/02\/smile-300x300.jpeg 300w, https:\/\/idyllic.app\/wp-content\/uploads\/2024\/02\/smile-150x150.jpeg 150w, https:\/\/idyllic.app\/wp-content\/uploads\/2024\/02\/smile-768x768.jpeg 768w, https:\/\/idyllic.app\/wp-content\/uploads\/2024\/02\/smile.jpeg 1024w\" \/><\/noscript><\/figure>\n<\/div>\n<\/div>\n<\/div>\n<\/div>\n<div class=\"wp-block-columns is-stacked-on-mobile alignwide are-vertically-aligned-center is-layout-flex wp-container-core-columns-layout-7 wp-block-columns-is-layout-flex\" data-columns=\"2\">\n<div class=\"wp-block-column is-vertically-aligned-center has-neutral-0-background-color has-background-background-color has-background is-layout-flow wp-block-column-is-layout-flow has-position-relative\" style=\"padding: 0;\">\n<div class=\"wp-block-group has-filter has-transform has-primary-light-gradient-background has-background is-layout-constrained wp-block-group-is-layout-constrained has-position-absolute has-top has-right has-bottom has-left has-z-index\" style=\"filter: blur(60px); transform: scale(1); --top: 0px; --right: 0px; --bottom: 0px; --left: 0px; margin: 0;\"><\/div>\n<div class=\"wp-block-columns is-stacked-on-mobile is-stacked-on-mobile is-not-stacked-on-mobile is-layout-flex wp-container-core-columns-layout-5 wp-block-columns-is-layout-flex has-position-relative has-z-index\" style=\"--z-index: 1; margin-top: 0; margin-bottom: 0;\" data-columns=\"2\">\n<div class=\"wp-block-column is-style-default is-layout-flow wp-block-column-is-layout-flow\" style=\"padding-top: var(--wp--preset--spacing--md);\">\n<figure class=\"wp-block-image size-large\"><img loading=\"lazy\" decoding=\"async\" class=\"alignnone wp-image-43865 size-medium lazyload\" data-src=\"https:\/\/idyllic.app\/wp-content\/uploads\/2024\/04\/292057-300x300.jpeg\" data-sizes=\"auto, (max-width: 1024px) 100vw, 1024px\" alt=\"\" width=\"300\" height=\"300\" data-srcset=\"https:\/\/idyllic.app\/wp-content\/uploads\/2024\/04\/292057-300x300.jpeg 300w, https:\/\/idyllic.app\/wp-content\/uploads\/2024\/04\/292057-150x150.jpeg 150w, https:\/\/idyllic.app\/wp-content\/uploads\/2024\/04\/292057-768x768.jpeg 768w, https:\/\/idyllic.app\/wp-content\/uploads\/2024\/04\/292057.jpeg 800w\" src=\"data:image\/gif;base64,R0lGODlhAQABAAAAACH5BAEKAAEALAAAAAABAAEAAAICTAEAOw==\" style=\"--smush-placeholder-width: 300px; --smush-placeholder-aspect-ratio: 300\/300;\" \/><noscript><img loading=\"lazy\" decoding=\"async\" class=\"alignnone wp-image-43865 size-medium\" src=\"https:\/\/idyllic.app\/wp-content\/uploads\/2024\/04\/292057-300x300.jpeg\" sizes=\"auto, (max-width: 1024px) 100vw, 1024px\" alt=\"\" width=\"300\" height=\"300\" srcset=\"https:\/\/idyllic.app\/wp-content\/uploads\/2024\/04\/292057-300x300.jpeg 300w, https:\/\/idyllic.app\/wp-content\/uploads\/2024\/04\/292057-150x150.jpeg 150w, https:\/\/idyllic.app\/wp-content\/uploads\/2024\/04\/292057-768x768.jpeg 768w, https:\/\/idyllic.app\/wp-content\/uploads\/2024\/04\/292057.jpeg 800w\" \/><\/noscript><\/figure>\n<figure class=\"wp-block-image size-full\"><\/figure>\n<\/div>\n<div class=\"wp-block-column is-style-default is-layout-flow wp-block-column-is-layout-flow\" style=\"padding-top: 0;\">\n<figure class=\"wp-block-image size-full\"><img loading=\"lazy\" decoding=\"async\" class=\"alignnone wp-image-43873 size-medium lazyload\" data-src=\"https:\/\/idyllic.app\/wp-content\/uploads\/2024\/04\/292022-1-195x300.jpeg\" data-sizes=\"auto, (max-width: 1024px) 100vw, 1024px\" alt=\"\" width=\"195\" height=\"300\" data-srcset=\"https:\/\/idyllic.app\/wp-content\/uploads\/2024\/04\/292022-1-195x300.jpeg 195w, https:\/\/idyllic.app\/wp-content\/uploads\/2024\/04\/292022-1-666x1024.jpeg 666w, https:\/\/idyllic.app\/wp-content\/uploads\/2024\/04\/292022-1-768x1182.jpeg 768w, https:\/\/idyllic.app\/wp-content\/uploads\/2024\/04\/292022-1.jpeg 520w\" src=\"data:image\/gif;base64,R0lGODlhAQABAAAAACH5BAEKAAEALAAAAAABAAEAAAICTAEAOw==\" style=\"--smush-placeholder-width: 195px; --smush-placeholder-aspect-ratio: 195\/300;\" \/><noscript><img loading=\"lazy\" decoding=\"async\" class=\"alignnone wp-image-43873 size-medium\" src=\"https:\/\/idyllic.app\/wp-content\/uploads\/2024\/04\/292022-1-195x300.jpeg\" sizes=\"auto, (max-width: 1024px) 100vw, 1024px\" alt=\"\" width=\"195\" height=\"300\" srcset=\"https:\/\/idyllic.app\/wp-content\/uploads\/2024\/04\/292022-1-195x300.jpeg 195w, https:\/\/idyllic.app\/wp-content\/uploads\/2024\/04\/292022-1-666x1024.jpeg 666w, https:\/\/idyllic.app\/wp-content\/uploads\/2024\/04\/292022-1-768x1182.jpeg 768w, https:\/\/idyllic.app\/wp-content\/uploads\/2024\/04\/292022-1.jpeg 520w\" \/><\/noscript><\/figure>\n<figure class=\"wp-block-image size-large\"><\/figure>\n<\/div>\n<\/div>\n<\/div>\n<div class=\"wp-block-column is-vertically-aligned-center has-neutral-0-background-color has-background-background-color has-background is-layout-flow wp-block-column-is-layout-flow has-position-relative\" style=\"padding: 0;\">\n<div class=\"wp-block-group has-filter has-transform has-primary-light-gradient-background has-background is-layout-constrained wp-block-group-is-layout-constrained has-position-absolute has-top has-right has-bottom has-left has-z-index\" style=\"filter: blur(60px); transform: scale(1); --top: 0px; --right: 0px; --bottom: 0px; --left: 0px; margin: 0;\"><\/div>\n<div class=\"wp-block-columns is-stacked-on-mobile is-stacked-on-mobile is-not-stacked-on-mobile is-layout-flex wp-container-core-columns-layout-5 wp-block-columns-is-layout-flex has-position-relative has-z-index\" style=\"--z-index: 1; margin-top: 0; margin-bottom: 0;\" data-columns=\"2\">\n<div class=\"wp-block-column is-style-default is-layout-flow wp-block-column-is-layout-flow\" style=\"padding-top: var(--wp--preset--spacing--md);\">\n<figure class=\"wp-block-image size-large\"><img loading=\"lazy\" decoding=\"async\" class=\"alignnone wp-image-43881 size-medium lazyload\" data-src=\"https:\/\/idyllic.app\/wp-content\/uploads\/2024\/04\/291904-300x300.jpeg\" data-sizes=\"auto, (max-width: 1024px) 100vw, 1024px\" alt=\"\" width=\"300\" height=\"300\" data-srcset=\"https:\/\/idyllic.app\/wp-content\/uploads\/2024\/04\/291904-300x300.jpeg 300w, https:\/\/idyllic.app\/wp-content\/uploads\/2024\/04\/291904-1024x1024.jpeg 1024w, https:\/\/idyllic.app\/wp-content\/uploads\/2024\/04\/291904-150x150.jpeg 150w, https:\/\/idyllic.app\/wp-content\/uploads\/2024\/04\/291904-768x768.jpeg 768w, https:\/\/idyllic.app\/wp-content\/uploads\/2024\/04\/291904.jpeg 800w\" src=\"data:image\/gif;base64,R0lGODlhAQABAAAAACH5BAEKAAEALAAAAAABAAEAAAICTAEAOw==\" style=\"--smush-placeholder-width: 300px; --smush-placeholder-aspect-ratio: 300\/300;\" \/><noscript><img loading=\"lazy\" decoding=\"async\" class=\"alignnone wp-image-43881 size-medium\" src=\"https:\/\/idyllic.app\/wp-content\/uploads\/2024\/04\/291904-300x300.jpeg\" sizes=\"auto, (max-width: 1024px) 100vw, 1024px\" alt=\"\" width=\"300\" height=\"300\" srcset=\"https:\/\/idyllic.app\/wp-content\/uploads\/2024\/04\/291904-300x300.jpeg 300w, https:\/\/idyllic.app\/wp-content\/uploads\/2024\/04\/291904-1024x1024.jpeg 1024w, https:\/\/idyllic.app\/wp-content\/uploads\/2024\/04\/291904-150x150.jpeg 150w, https:\/\/idyllic.app\/wp-content\/uploads\/2024\/04\/291904-768x768.jpeg 768w, https:\/\/idyllic.app\/wp-content\/uploads\/2024\/04\/291904.jpeg 800w\" \/><\/noscript><\/figure>\n<figure class=\"wp-block-image size-full\"><\/figure>\n<\/div>\n<div class=\"wp-block-column is-style-default is-layout-flow wp-block-column-is-layout-flow\" style=\"padding-top: 0;\">\n<figure class=\"wp-block-image size-full\"><img loading=\"lazy\" decoding=\"async\" class=\"alignnone wp-image-43889 size-medium lazyload\" data-src=\"https:\/\/idyllic.app\/wp-content\/uploads\/2024\/04\/292424-300x300.jpeg\" data-sizes=\"auto, (max-width: 1024px) 100vw, 1024px\" alt=\"\" width=\"300\" height=\"300\" data-srcset=\"https:\/\/idyllic.app\/wp-content\/uploads\/2024\/04\/292424-300x300.jpeg 300w, https:\/\/idyllic.app\/wp-content\/uploads\/2024\/04\/292424-150x150.jpeg 150w, https:\/\/idyllic.app\/wp-content\/uploads\/2024\/04\/292424-768x768.jpeg 768w, https:\/\/idyllic.app\/wp-content\/uploads\/2024\/04\/292424.jpeg 1024w\" src=\"data:image\/gif;base64,R0lGODlhAQABAAAAACH5BAEKAAEALAAAAAABAAEAAAICTAEAOw==\" style=\"--smush-placeholder-width: 300px; --smush-placeholder-aspect-ratio: 300\/300;\" \/><noscript><img loading=\"lazy\" decoding=\"async\" class=\"alignnone wp-image-43889 size-medium\" src=\"https:\/\/idyllic.app\/wp-content\/uploads\/2024\/04\/292424-300x300.jpeg\" sizes=\"auto, (max-width: 1024px) 100vw, 1024px\" alt=\"\" width=\"300\" height=\"300\" srcset=\"https:\/\/idyllic.app\/wp-content\/uploads\/2024\/04\/292424-300x300.jpeg 300w, https:\/\/idyllic.app\/wp-content\/uploads\/2024\/04\/292424-150x150.jpeg 150w, https:\/\/idyllic.app\/wp-content\/uploads\/2024\/04\/292424-768x768.jpeg 768w, https:\/\/idyllic.app\/wp-content\/uploads\/2024\/04\/292424.jpeg 1024w\" \/><\/noscript><\/figure>\n<figure class=\"wp-block-image size-large\"><\/figure>\n<\/div>\n<\/div>\n<\/div>\n<\/div>\n<section>\n<div>\n<h2>Crea caricaturas \u00fanicas y vivaces<\/h2>\n<p>Experimenta la m\u00e1gica transformaci\u00f3n de descripciones de texto en cautivadoras im\u00e1genes de dibujos animados con nuestra innovadora aplicaci\u00f3n basada en IA. Idyllic ofrece a los entusiastas, artistas y comunidades fandom una nueva oportunidad para crear. Ya no est\u00e1s limitado por tus habilidades de dibujo; s\u00f3lo tienes que escribir una descripci\u00f3n y dejar que la IA haga su trabajo.<\/p>\n<h2>Im\u00e1genes de alta resoluci\u00f3n<\/h2>\n<p>Con nuestra plataforma, tienes la flexibilidad de elegir la resoluci\u00f3n de imagen que desees. Desde im\u00e1genes m\u00e1s peque\u00f1as de tama\u00f1o icono hasta Full HD, Idyllic satisface todas las necesidades \u00fanicas de tu proyecto.<\/p>\n<h2>Funci\u00f3n innovadora de remezcla<\/h2>\n<p>Da rienda suelta a tu imaginaci\u00f3n mezclando hasta nueve im\u00e1genes, creando un \u00abRemix\u00bb \u00fanico. Utiliza im\u00e1genes de inspiraci\u00f3n y descripciones de texto para guiar a la IA, y marav\u00edllate mientras el dibujo animado de tus sue\u00f1os cobra vida con el estilo distintivo que imaginas.<\/p>\n<h2>Interacci\u00f3n amigable con el usuario<\/h2>\n<p>Con\u00e9ctate e interact\u00faa con tus compa\u00f1eros creadores. Navega, sigue, comenta e intercambia \u00abme gusta\u00bb mientras pasas a formar parte de nuestra vibrante y creativa comunidad.<\/p>\n<h2>Mostrar flujos de trabajo<\/h2>\n<p>Merece la pena compartir tu viaje creativo. Publica tus hilos de trabajo en Idyllic, para que otros puedan ver c\u00f3mo se desarrollan tus ideas de dibujos animados de principio a fin.<\/p>\n<\/div>\n<\/section>\n<div class=\"wp-block-group alignfull is-layout-constrained wp-block-group-is-layout-constrained\" style=\"padding-top: var(--wp--preset--spacing--xs); padding-bottom: var(--wp--preset--spacing--xs); margin-top: 0;\">\n<div class=\"wp-block-group is-layout-constrained wp-container-core-group-layout-42 wp-block-group-is-layout-constrained\">\n<div class=\"wp-block-group is-content-justification-center is-nowrap is-layout-flex wp-container-core-group-layout-41 wp-block-group-is-layout-flex\"><\/div>\n<h3 id=\"frequently-asked-questions\" class=\"wp-block-heading has-text-align-center\">Preguntas m\u00e1s frecuentes<\/h3>\n<\/div>\n<\/div>\n<section>\n<div>\n<h3>\u00bfC\u00f3mo funciona la generaci\u00f3n de dibujos animados por IA de Idyllic?<\/h3>\n<p>Los usuarios s\u00f3lo tienen que describir la imagen de dibujos animados deseada, y la IA la produce. Es una mezcla innovadora de modelos de procesamiento del lenguaje y generaci\u00f3n de im\u00e1genes.<\/p>\n<h3>\u00bfPuedo elegir la calidad de las im\u00e1genes de mis dibujos animados?<\/h3>\n<p>S\u00ed. Idyllic ofrece m\u00faltiples opciones de resoluci\u00f3n de imagen. Selecciona la resoluci\u00f3n que mejor se adapte a tus necesidades.<\/p>\n<h3>\u00bfPuedo compartir mi proceso creativo con los dem\u00e1s?<\/h3>\n<p>S\u00ed, Idyllic permite a los usuarios publicar \u00abhilos\u00bb de su flujo de trabajo, mostrando el proceso creativo desde la introducci\u00f3n del texto hasta la imagen final del dibujo animado.<\/p>\n<\/div>\n<\/section>\n<div class=\"wp-block-group alignfull is-layout-constrained wp-block-group-is-layout-constrained\">\n<div class=\"wp-block-group alignwide is-style-default is-layout-flow wp-block-group-is-layout-flow has-position-relative\" style=\"border-radius: 12px;\">\n<div class=\"wp-block-spacer has-background has-position-absolute has-top has-right has-bottom has-left has-z-index has-width\" style=\"background: linear-gradient(135deg,#fecda5 0%,#f7555d 100%); height: 400px; filter: blur(120px) opacity(20%); transform: rotate(23deg); --top: -100px; --right: -200px; --width: 800px;\" aria-hidden=\"true\"><\/div>\n<div class=\"wp-block-group is-style-default has-surface-background-color has-background is-layout-constrained wp-container-core-group-layout-51 wp-block-group-is-layout-constrained has-position-relative has-z-index\" style=\"border-radius: 30px; --z-index: 1; margin-top: 0; margin-bottom: 0; padding: var(--wp--preset--spacing--xl) var(--wp--preset--spacing--sm) var(--wp--preset--spacing--xl) var(--wp--preset--spacing--sm);\">\n<h2 id=\"ready-to-get-started\" class=\"wp-block-heading has-text-align-center\">\u00bfListo para empezar?<\/h2>\n<p class=\"wp-block-paragraph aligncenter has-text-align-center aligncenter\" style=\"margin-top: var(--wp--preset--spacing--xs);\">\u00danete a la comunidad de m\u00e1s de 30.000 artistas que ya utilizan Idyllic<\/p>\n<div class=\"wp-block-buttons is-content-justification-center is-layout-flex wp-container-core-buttons-layout-7 wp-block-buttons-is-layout-flex\">\n<div class=\"wp-block-button has-box-shadow is-style-fill is-style-large\"><a class=\"wp-block-button__link has-surface-color has-contrast-background-color has-text-color has-background wp-element-button\" href=\"https:\/\/create.idyllic.app\/?origin=ai-cartoon-generator\" target=\"_blank\" rel=\"noopener\">Comenzar<\/a><\/div>\n<\/div>\n<\/div>\n<\/div>\n<\/div>\n","protected":false},"excerpt":{"rendered":"<p>Descubra nuestras novedades Generador de dibujos animados AI | Explora y crea Transforma tus ideas en simp\u00e1ticos dibujos animados utilizando nuestra aplicaci\u00f3n basada en IA. No necesitas saber dibujar, s\u00f3lo simples descripciones de texto para dar vida a tus fantas\u00edas de dibujos animados. Comenzar M\u00e1s informaci\u00f3n \u2605\u2605\u2605\u2605\u2605 M\u00e1s de 30.000 usuarios Crea caricaturas \u00fanicas y &hellip;<\/p>\n","protected":false},"author":2,"featured_media":0,"parent":0,"menu_order":0,"comment_status":"closed","ping_status":"closed","template":"full-width","meta":{"footnotes":""},"class_list":["post-50981","page","type-page","status-publish","hentry"],"_links":{"self":[{"href":"https:\/\/idyllic.app\/es\/wp-json\/wp\/v2\/pages\/50981","targetHints":{"allow":["GET"]}}],"collection":[{"href":"https:\/\/idyllic.app\/es\/wp-json\/wp\/v2\/pages"}],"about":[{"href":"https:\/\/idyllic.app\/es\/wp-json\/wp\/v2\/types\/page"}],"author":[{"embeddable":true,"href":"https:\/\/idyllic.app\/es\/wp-json\/wp\/v2\/users\/2"}],"replies":[{"embeddable":true,"href":"https:\/\/idyllic.app\/es\/wp-json\/wp\/v2\/comments?post=50981"}],"version-history":[{"count":0,"href":"https:\/\/idyllic.app\/es\/wp-json\/wp\/v2\/pages\/50981\/revisions"}],"wp:attachment":[{"href":"https:\/\/idyllic.app\/es\/wp-json\/wp\/v2\/media?parent=50981"}],"curies":[{"name":"wp","href":"https:\/\/api.w.org\/{rel}","templated":true}]}}