{"id":43320,"date":"2024-03-30T23:56:23","date_gmt":"2024-03-30T23:56:23","guid":{"rendered":"https:\/\/idyllic.app\/generateur-de-dessins-de-papillons\/"},"modified":"2024-03-30T23:56:23","modified_gmt":"2024-03-30T23:56:23","slug":"generateur-de-dessins-de-papillons","status":"publish","type":"page","link":"https:\/\/idyllic.app\/fr\/generateur-de-dessins-de-papillons\/","title":{"rendered":"G\u00e9n\u00e9rateur de dessins de papillons"},"content":{"rendered":"<div class=\"wp-block-columns is-stacked-on-mobile alignwide are-vertically-aligned-center is-layout-flex wp-container-core-columns-layout-1 wp-block-columns-is-layout-flex\" style=\"margin-top: 0; margin-bottom: 0;\" data-columns=\"2\">\n<div class=\"wp-block-column is-vertically-aligned-center is-layout-flow wp-block-column-is-layout-flow\" style=\"padding-top: 0; padding-bottom: 0; margin: 0;\">\n<div class=\"wp-block-group is-layout-flow wp-block-group-is-layout-flow\" style=\"padding-top: 0; padding-bottom: 0;\">\n<div class=\"wp-block-group is-nowrap is-layout-flex wp-container-core-group-layout-7 wp-block-group-is-layout-flex\" style=\"margin-top: 0;\">\n<div class=\"wp-block-group has-primary-100-gradient-background has-background is-nowrap is-layout-flex wp-container-core-group-layout-6 wp-block-group-is-layout-flex has-position-relative\" style=\"border-radius: 99px; font-style: normal; font-weight: 500;\">\n<p class=\"wp-block-paragraph aligncenter has-text-align-center is-style-default has-background has-12-font-size aligncenter has-position-relative has-z-index\" style=\"border-style: none; border-width: 0px; border-radius: 99px; background: linear-gradient(135deg,#fecda5 0%,#f7555d 100%); line-height: 1; --z-index: 1; padding: 6px var(--wp--preset--spacing--xxs) 6px var(--wp--preset--spacing--xxs);\">D\u00e9couvrez nos nouvelles fonctionnalit\u00e9s<\/p>\n<\/div>\n<\/div>\n<h1 id=\"design-system-and-ui-kit-for-modern-websites\" class=\"wp-block-heading has-52-font-size\" style=\"margin-top: var(--wp--preset--spacing--sm); line-height: 1.1;\">G\u00e9n\u00e9rateur de dessins de papillons<\/h1>\n<div class=\"wp-block-group is-layout-constrained wp-container-core-group-layout-8 wp-block-group-is-layout-constrained\">\n<p class=\"wp-block-paragraph \">Cr\u00e9ez des dessins de papillons captivants et envo\u00fbtants gr\u00e2ce \u00e0 nos capacit\u00e9s innovantes de g\u00e9n\u00e9ration d&rsquo;images. Aucune comp\u00e9tence artistique n&rsquo;est n\u00e9cessaire, d\u00e9crivez simplement le papillon de vos r\u00eaves et regardez-le prendre vie !<\/p>\n<\/div>\n<div class=\"wp-block-group is-nowrap is-layout-flex wp-container-core-group-layout-10 wp-block-group-is-layout-flex\" style=\"padding-top: var(--wp--preset--spacing--sm); padding-bottom: var(--wp--preset--spacing--sm); margin-top: 0; margin-bottom: 0;\">\n<div class=\"wp-block-buttons has-neutral-800-background-color has-background is-layout-flex wp-block-buttons-is-layout-flex\" style=\"margin: 0; padding: 1px;\">\n<div class=\"wp-block-button has-box-shadow\"><a class=\"wp-block-button__link wp-element-button\" href=\"https:\/\/create.idyllic.app\/?origin=butterflies-drawings\">Commencez<\/a><\/div>\n<\/div>\n<div class=\"wp-block-group is-layout-flow wp-block-group-is-layout-flow has-position-relative\" style=\"margin-top: 0; margin-bottom: 0;\">\n<div class=\"wp-block-spacer has-primary-100-gradient-background has-background has-position-absolute has-z-index\" style=\"height: 100px; filter: blur(30px); margin: 0;\" aria-hidden=\"true\"><\/div>\n<div class=\"wp-block-buttons has-primary-gradient-background has-background is-layout-flex wp-container-core-buttons-layout-3 wp-block-buttons-is-layout-flex has-position-relative has-z-index\" style=\"--z-index: 1; margin: 0; padding: 1px;\">\n<div class=\"wp-block-button has-box-shadow is-style-fill has-display-none-mobile\" style=\"border-radius: 7px; margin-top: 0; margin-bottom: 0;\"><a class=\"wp-block-button__link has-neutral-800-color has-neutral-0-background-color has-text-color has-background wp-element-button\" style=\"border-radius: 7px; margin-top: 0; margin-bottom: 0;\" href=\"#\">En savoir plus<\/a><\/div>\n<\/div>\n<\/div>\n<\/div>\n<div class=\"wp-block-group is-nowrap is-layout-flex wp-container-core-group-layout-11 wp-block-group-is-layout-flex\" style=\"margin-top: 0; margin-bottom: 0;\">\n<p class=\"wp-block-paragraph is-style-default has-14-font-size\" style=\"margin-top: 0; margin-bottom: 0; letter-spacing: 4px; line-height: 1;\">\u2605\u2605\u2605\u2605\u2605<\/p>\n<p class=\"wp-block-paragraph has-14-font-size\" style=\"margin-top: var(--wp--preset--spacing--xxs); margin-bottom: var(--wp--preset--spacing--xxs);\">30 000+ utilisateurs<\/p>\n<\/div>\n<\/div>\n<\/div>\n<div class=\"wp-block-column is-vertically-aligned-center is-layout-flow wp-block-column-is-layout-flow\">\n<div class=\"wp-block-group is-style-default has-neutral-0-background-color has-background is-layout-flow wp-container-core-group-layout-14 wp-block-group-is-layout-flow has-position-relative has-z-index\" style=\"border-radius: 8px; transform: scale(1.1) translateX(1.5em); --z-index: 1; margin-top: 0; margin-bottom: 0;\">\n<div class=\"wp-block-spacer margin-auto has-background has-position-absolute has-top has-right has-bottom has-left has-z-index has-width\" style=\"border-radius: 99px; background: linear-gradient(135deg,#fecda5 0%,#f7555d 100%); height: 400px; filter: blur(80px) opacity(20%); transform: rotate(30deg); --top: 0px; --right: 0px; --bottom: 0px; --left: 0px; --width: 400px; margin: 0;\" aria-hidden=\"true\"><\/div>\n<div class=\"wp-block-group has-neutral-0-background-color has-background is-layout-flow wp-container-core-group-layout-13 wp-block-group-is-layout-flow has-position-relative has-z-index\" style=\"border-radius: 8px; --z-index: 1; margin-top: 0; margin-bottom: 0; padding: 0 var(--wp--preset--spacing--xxs) var(--wp--preset--spacing--xxs) var(--wp--preset--spacing--xxs);\">\n<figure class=\"wp-block-image size-large is-resized has-display-none-mobile\"><img loading=\"lazy\" decoding=\"async\" class=\"alignnone wp-image-15919 lazyload\" style=\"--smush-placeholder-width: 1024px; --smush-placeholder-aspect-ratio: 1024\/1024;width: 467px; height: auto;\" data-src=\"https:\/\/idyllic.app\/wp-content\/uploads\/2024\/03\/362770.jpeg\" data-sizes=\"auto, (max-width: 1024px) 100vw, 1024px\" alt=\"g\u00e9n\u00e9rateur de dessins de papillons\" width=\"1024\" height=\"1024\" src=\"data:image\/gif;base64,R0lGODlhAQABAAAAACH5BAEKAAEALAAAAAABAAEAAAICTAEAOw==\"><noscript><img loading=\"lazy\" decoding=\"async\" class=\"alignnone wp-image-15919\" style=\"width: 467px; height: auto;\" src=\"https:\/\/idyllic.app\/wp-content\/uploads\/2024\/03\/362770.jpeg\" sizes=\"auto, (max-width: 1024px) 100vw, 1024px\" alt=\"g\u00e9n\u00e9rateur de dessins de papillons\" width=\"1024\" height=\"1024\"><\/noscript><\/figure>\n<\/div>\n<\/div>\n<\/div>\n<\/div>\n<div class=\"wp-block-columns is-stacked-on-mobile alignwide are-vertically-aligned-center is-layout-flex wp-container-core-columns-layout-7 wp-block-columns-is-layout-flex\" data-columns=\"2\">\n<div class=\"wp-block-column is-vertically-aligned-center has-neutral-0-background-color has-background-background-color has-background is-layout-flow wp-block-column-is-layout-flow has-position-relative\" style=\"padding: 0;\">\n<div class=\"wp-block-group has-filter has-transform has-primary-light-gradient-background has-background is-layout-constrained wp-block-group-is-layout-constrained has-position-absolute has-top has-right has-bottom has-left has-z-index\" style=\"filter: blur(60px); transform: scale(1); --top: 0px; --right: 0px; --bottom: 0px; --left: 0px; margin: 0;\"><\/div>\n<div class=\"wp-block-columns is-stacked-on-mobile is-stacked-on-mobile is-not-stacked-on-mobile is-layout-flex wp-container-core-columns-layout-5 wp-block-columns-is-layout-flex has-position-relative has-z-index\" style=\"--z-index: 1; margin-top: 0; margin-bottom: 0;\" data-columns=\"2\">\n<div class=\"wp-block-column is-style-default is-layout-flow wp-block-column-is-layout-flow\" style=\"padding-top: var(--wp--preset--spacing--md);\">\n<figure class=\"wp-block-image size-large\"><img loading=\"lazy\" decoding=\"async\" class=\"wp-image-15920 lazyload\" data-src=\"https:\/\/idyllic.app\/wp-content\/uploads\/2024\/03\/362770.jpeg\" data-sizes=\"auto, (max-width: 1024px) 100vw, 1024px\" alt=\"\" width=\"1024\" height=\"1024\" src=\"data:image\/gif;base64,R0lGODlhAQABAAAAACH5BAEKAAEALAAAAAABAAEAAAICTAEAOw==\" style=\"--smush-placeholder-width: 1024px; --smush-placeholder-aspect-ratio: 1024\/1024;\"><noscript><img loading=\"lazy\" decoding=\"async\" class=\"wp-image-15920\" src=\"https:\/\/idyllic.app\/wp-content\/uploads\/2024\/03\/362770.jpeg\" sizes=\"auto, (max-width: 1024px) 100vw, 1024px\" alt=\"\" width=\"1024\" height=\"1024\"><\/noscript><\/figure>\n<figure class=\"wp-block-image size-full\"><img loading=\"lazy\" decoding=\"async\" class=\"wp-image-15812 lazyload\" data-src=\"https:\/\/idyllic.app\/wp-content\/uploads\/2024\/03\/362775.jpeg\" data-sizes=\"auto, (max-width: 1024px) 100vw, 1024px\" alt=\"\" width=\"1024\" height=\"1024\" src=\"data:image\/gif;base64,R0lGODlhAQABAAAAACH5BAEKAAEALAAAAAABAAEAAAICTAEAOw==\" style=\"--smush-placeholder-width: 1024px; --smush-placeholder-aspect-ratio: 1024\/1024;\"><noscript><img loading=\"lazy\" decoding=\"async\" class=\"wp-image-15812\" src=\"https:\/\/idyllic.app\/wp-content\/uploads\/2024\/03\/362775.jpeg\" sizes=\"auto, (max-width: 1024px) 100vw, 1024px\" alt=\"\" width=\"1024\" height=\"1024\"><\/noscript><\/figure>\n<\/div>\n<div class=\"wp-block-column is-style-default is-layout-flow wp-block-column-is-layout-flow\" style=\"padding-top: 0;\">\n<figure class=\"wp-block-image size-full\"><img loading=\"lazy\" decoding=\"async\" class=\"wp-image-15921 lazyload\" data-src=\"https:\/\/idyllic.app\/wp-content\/uploads\/2024\/03\/362759.jpeg\" data-sizes=\"auto, (max-width: 1024px) 100vw, 1024px\" alt=\"\" width=\"1024\" height=\"1024\" src=\"data:image\/gif;base64,R0lGODlhAQABAAAAACH5BAEKAAEALAAAAAABAAEAAAICTAEAOw==\" style=\"--smush-placeholder-width: 1024px; --smush-placeholder-aspect-ratio: 1024\/1024;\"><noscript><img loading=\"lazy\" decoding=\"async\" class=\"wp-image-15921\" src=\"https:\/\/idyllic.app\/wp-content\/uploads\/2024\/03\/362759.jpeg\" sizes=\"auto, (max-width: 1024px) 100vw, 1024px\" alt=\"\" width=\"1024\" height=\"1024\"><\/noscript><\/figure>\n<figure class=\"wp-block-image size-large\"><img loading=\"lazy\" decoding=\"async\" class=\"wp-image-15919 lazyload\" data-src=\"https:\/\/idyllic.app\/wp-content\/uploads\/2024\/03\/362777.jpeg\" data-sizes=\"auto, (max-width: 1024px) 100vw, 1024px\" alt=\"\" width=\"1024\" height=\"1024\" src=\"data:image\/gif;base64,R0lGODlhAQABAAAAACH5BAEKAAEALAAAAAABAAEAAAICTAEAOw==\" style=\"--smush-placeholder-width: 1024px; --smush-placeholder-aspect-ratio: 1024\/1024;\"><noscript><img loading=\"lazy\" decoding=\"async\" class=\"wp-image-15919\" src=\"https:\/\/idyllic.app\/wp-content\/uploads\/2024\/03\/362777.jpeg\" sizes=\"auto, (max-width: 1024px) 100vw, 1024px\" alt=\"\" width=\"1024\" height=\"1024\"><\/noscript><\/figure>\n<\/div>\n<\/div>\n<\/div>\n<div class=\"wp-block-column is-vertically-aligned-center has-neutral-0-background-color has-background-background-color has-background is-layout-flow wp-block-column-is-layout-flow has-position-relative\" style=\"padding: 0;\">\n<div class=\"wp-block-group has-filter has-transform has-primary-light-gradient-background has-background is-layout-constrained wp-block-group-is-layout-constrained has-position-absolute has-top has-right has-bottom has-left has-z-index\" style=\"filter: blur(60px); transform: scale(1); --top: 0px; --right: 0px; --bottom: 0px; --left: 0px; margin: 0;\"><\/div>\n<div class=\"wp-block-columns is-stacked-on-mobile is-stacked-on-mobile is-not-stacked-on-mobile is-layout-flex wp-container-core-columns-layout-5 wp-block-columns-is-layout-flex has-position-relative has-z-index\" style=\"--z-index: 1; margin-top: 0; margin-bottom: 0;\" data-columns=\"2\">\n<div class=\"wp-block-column is-style-default is-layout-flow wp-block-column-is-layout-flow\" style=\"padding-top: var(--wp--preset--spacing--md);\">\n<figure class=\"wp-block-image size-large\"><img loading=\"lazy\" decoding=\"async\" class=\"wp-image-15920 lazyload\" data-src=\"https:\/\/idyllic.app\/wp-content\/uploads\/2024\/03\/362767.jpeg\" data-sizes=\"auto, (max-width: 1024px) 100vw, 1024px\" alt=\"\" width=\"1024\" height=\"1024\" src=\"data:image\/gif;base64,R0lGODlhAQABAAAAACH5BAEKAAEALAAAAAABAAEAAAICTAEAOw==\" style=\"--smush-placeholder-width: 1024px; --smush-placeholder-aspect-ratio: 1024\/1024;\"><noscript><img loading=\"lazy\" decoding=\"async\" class=\"wp-image-15920\" src=\"https:\/\/idyllic.app\/wp-content\/uploads\/2024\/03\/362767.jpeg\" sizes=\"auto, (max-width: 1024px) 100vw, 1024px\" alt=\"\" width=\"1024\" height=\"1024\"><\/noscript><\/figure>\n<figure class=\"wp-block-image size-full\"><img loading=\"lazy\" decoding=\"async\" class=\"wp-image-15812 lazyload\" data-src=\"https:\/\/idyllic.app\/wp-content\/uploads\/2024\/03\/362761.jpeg\" data-sizes=\"auto, (max-width: 1024px) 100vw, 1024px\" alt=\"\" width=\"1024\" height=\"1024\" src=\"data:image\/gif;base64,R0lGODlhAQABAAAAACH5BAEKAAEALAAAAAABAAEAAAICTAEAOw==\" style=\"--smush-placeholder-width: 1024px; --smush-placeholder-aspect-ratio: 1024\/1024;\"><noscript><img loading=\"lazy\" decoding=\"async\" class=\"wp-image-15812\" src=\"https:\/\/idyllic.app\/wp-content\/uploads\/2024\/03\/362761.jpeg\" sizes=\"auto, (max-width: 1024px) 100vw, 1024px\" alt=\"\" width=\"1024\" height=\"1024\"><\/noscript><\/figure>\n<\/div>\n<div class=\"wp-block-column is-style-default is-layout-flow wp-block-column-is-layout-flow\" style=\"padding-top: 0;\">\n<figure class=\"wp-block-image size-full\"><img loading=\"lazy\" decoding=\"async\" class=\"wp-image-15921 lazyload\" data-src=\"https:\/\/idyllic.app\/wp-content\/uploads\/2024\/03\/362766.jpeg\" data-sizes=\"auto, (max-width: 1024px) 100vw, 1024px\" alt=\"\" width=\"1024\" height=\"1024\" src=\"data:image\/gif;base64,R0lGODlhAQABAAAAACH5BAEKAAEALAAAAAABAAEAAAICTAEAOw==\" style=\"--smush-placeholder-width: 1024px; --smush-placeholder-aspect-ratio: 1024\/1024;\"><noscript><img loading=\"lazy\" decoding=\"async\" class=\"wp-image-15921\" src=\"https:\/\/idyllic.app\/wp-content\/uploads\/2024\/03\/362766.jpeg\" sizes=\"auto, (max-width: 1024px) 100vw, 1024px\" alt=\"\" width=\"1024\" height=\"1024\"><\/noscript><\/figure>\n<figure class=\"wp-block-image size-large\"><img loading=\"lazy\" decoding=\"async\" class=\"wp-image-15919 lazyload\" data-src=\"https:\/\/idyllic.app\/wp-content\/uploads\/2024\/03\/362787.jpeg\" data-sizes=\"auto, (max-width: 1024px) 100vw, 1024px\" alt=\"\" width=\"1024\" height=\"1024\" src=\"data:image\/gif;base64,R0lGODlhAQABAAAAACH5BAEKAAEALAAAAAABAAEAAAICTAEAOw==\" style=\"--smush-placeholder-width: 1024px; --smush-placeholder-aspect-ratio: 1024\/1024;\"><noscript><img loading=\"lazy\" decoding=\"async\" class=\"wp-image-15919\" src=\"https:\/\/idyllic.app\/wp-content\/uploads\/2024\/03\/362787.jpeg\" sizes=\"auto, (max-width: 1024px) 100vw, 1024px\" alt=\"\" width=\"1024\" height=\"1024\"><\/noscript><\/figure>\n<\/div>\n<\/div>\n<\/div>\n<\/div>\n<section>\n<div>\n<h2>Donnez vie \u00e0 votre vision des papillons gr\u00e2ce \u00e0 notre g\u00e9n\u00e9rateur de dessins de papillons.<\/h2>\n<p>Que vous imaginiez un vibrant papillon monarque ou une esp\u00e8ce unique et in\u00e9dite, notre technologie de conversion du texte en image g\u00e9n\u00e9rera le papillon de vos r\u00eaves. Choisissez le niveau de d\u00e9tail gr\u00e2ce \u00e0 nos multiples options de r\u00e9solution &#8211; cr\u00e9ez des croquis rapides ou des papillons d\u00e9taill\u00e9s dignes de Pinterest.<\/p>\n<p>Gr\u00e2ce \u00e0 la fonction \u00ab\u00a0remix\u00a0\u00bb d&rsquo;Idyllic, m\u00e9langez vos cr\u00e9ations de papillons avec un maximum de neuf images. Utilisez une photo d&rsquo;une roseraie comme image d&rsquo;inspiration pour cr\u00e9er un papillon perch\u00e9 sur une fleur. Les possibilit\u00e9s sont illimit\u00e9es.<\/p>\n<h3>Processus de cr\u00e9ation d\u00e9taill\u00e9 et personnalis\u00e9<\/h3>\n<p>Obtenez un dessin de papillon parfait gr\u00e2ce \u00e0 un processus de cr\u00e9ation it\u00e9ratif. Demandez des modifications sp\u00e9cifiques &#8211; des couleurs plus vives, des motifs diff\u00e9rents &#8211; jusqu&rsquo;\u00e0 ce que votre papillon ressemble \u00e0 ce que vous aviez imagin\u00e9.<\/p>\n<p>Rencontrez d&rsquo;autres passionn\u00e9s de papillons au sein de notre communaut\u00e9. Partagez votre flux de travail, recevez des commentaires constructifs ou admirez simplement les cr\u00e9ations des autres pour vous inspirer dans le dessin de papillons.<\/p>\n<\/div>\n<\/section>\n<div class=\"wp-block-group alignfull is-layout-constrained wp-block-group-is-layout-constrained\" style=\"padding-top: var(--wp--preset--spacing--xs); padding-bottom: var(--wp--preset--spacing--xs); margin-top: 0;\">\n<div class=\"wp-block-group is-layout-constrained wp-container-core-group-layout-42 wp-block-group-is-layout-constrained\">\n<div class=\"wp-block-group is-content-justification-center is-nowrap is-layout-flex wp-container-core-group-layout-41 wp-block-group-is-layout-flex\"><\/div>\n<h3 id=\"frequently-asked-questions\" class=\"wp-block-heading has-text-align-center\">Questions fr\u00e9quemment pos\u00e9es<\/h3>\n<\/div>\n<\/div>\n<section>\n<div>\n<h3>Que puis-je cr\u00e9er avec Idyllic ?<\/h3>\n<p>Avec Idyllic, le ciel est la limite. Sur la base d&rsquo;une saisie de texte, il peut g\u00e9n\u00e9rer des dessins de papillons allant du monarque au papillon hirondelle, et bien plus encore. Utilisez la fonction de remixage pour int\u00e9grer votre papillon dans diff\u00e9rents environnements et obtenir une cr\u00e9ation dynamique et \u00e9clatante.<\/p>\n<h3>Puis-je affiner l&rsquo;image de papillon que j&rsquo;ai g\u00e9n\u00e9r\u00e9e ?<\/h3>\n<p>Oui ! Idyllic prend en charge un processus de cr\u00e9ation it\u00e9ratif, vous permettant d&rsquo;affiner et de perfectionner votre dessin de papillon en fonction des messages ult\u00e9rieurs.<\/p>\n<\/div>\n<\/section>\n<div class=\"wp-block-group alignfull is-layout-constrained wp-block-group-is-layout-constrained\">\n<div class=\"wp-block-group alignwide is-style-default is-layout-flow wp-block-group-is-layout-flow has-position-relative\" style=\"border-radius: 12px;\">\n<div class=\"wp-block-spacer has-background has-position-absolute has-top has-right has-bottom has-left has-z-index has-width\" style=\"background: linear-gradient(135deg,#fecda5 0%,#f7555d 100%); height: 400px; filter: blur(120px) opacity(20%); transform: rotate(23deg); --top: -100px; --right: -200px; --width: 800px;\" aria-hidden=\"true\"><\/div>\n<div class=\"wp-block-group is-style-default has-surface-background-color has-background is-layout-constrained wp-container-core-group-layout-51 wp-block-group-is-layout-constrained has-position-relative has-z-index\" style=\"border-radius: 30px; --z-index: 1; margin-top: 0; margin-bottom: 0; padding: var(--wp--preset--spacing--xl) var(--wp--preset--spacing--sm) var(--wp--preset--spacing--xl) var(--wp--preset--spacing--sm);\">\n<h2 id=\"ready-to-get-started\" class=\"wp-block-heading has-text-align-center\">Pr\u00eat \u00e0 commencer ?<\/h2>\n<p class=\"wp-block-paragraph aligncenter has-text-align-center aligncenter\" style=\"margin-top: var(--wp--preset--spacing--xs);\">Rejoignez la communaut\u00e9 de plus de 30 000 artistes utilisant d\u00e9j\u00e0 Idyllic<\/p>\n<div class=\"wp-block-buttons is-content-justification-center is-layout-flex wp-container-core-buttons-layout-7 wp-block-buttons-is-layout-flex\">\n<div class=\"wp-block-button has-box-shadow is-style-fill is-style-large\"><a class=\"wp-block-button__link has-surface-color has-contrast-background-color has-text-color has-background wp-element-button\" href=\"https:\/\/create.idyllic.app\/?origin=butterflies-drawings\" target=\"_blank\" rel=\"noreferrer noopener\">Commencez<\/a><\/div>\n<\/div>\n<\/div>\n<\/div>\n<\/div>\n","protected":false},"excerpt":{"rendered":"<p>D\u00e9couvrez nos nouvelles fonctionnalit\u00e9s G\u00e9n\u00e9rateur de dessins de papillons Cr\u00e9ez des dessins de papillons captivants et envo\u00fbtants gr\u00e2ce \u00e0 nos capacit\u00e9s innovantes de g\u00e9n\u00e9ration d&rsquo;images. Aucune comp\u00e9tence artistique n&rsquo;est n\u00e9cessaire, d\u00e9crivez simplement le papillon de vos r\u00eaves et regardez-le prendre vie ! Commencez En savoir plus \u2605\u2605\u2605\u2605\u2605 30 000+ utilisateurs Donnez vie \u00e0 votre vision &hellip;<\/p>\n","protected":false},"author":2,"featured_media":0,"parent":0,"menu_order":0,"comment_status":"closed","ping_status":"closed","template":"full-width","meta":{"footnotes":""},"class_list":["post-43320","page","type-page","status-publish","hentry"],"_links":{"self":[{"href":"https:\/\/idyllic.app\/fr\/wp-json\/wp\/v2\/pages\/43320","targetHints":{"allow":["GET"]}}],"collection":[{"href":"https:\/\/idyllic.app\/fr\/wp-json\/wp\/v2\/pages"}],"about":[{"href":"https:\/\/idyllic.app\/fr\/wp-json\/wp\/v2\/types\/page"}],"author":[{"embeddable":true,"href":"https:\/\/idyllic.app\/fr\/wp-json\/wp\/v2\/users\/2"}],"replies":[{"embeddable":true,"href":"https:\/\/idyllic.app\/fr\/wp-json\/wp\/v2\/comments?post=43320"}],"version-history":[{"count":0,"href":"https:\/\/idyllic.app\/fr\/wp-json\/wp\/v2\/pages\/43320\/revisions"}],"wp:attachment":[{"href":"https:\/\/idyllic.app\/fr\/wp-json\/wp\/v2\/media?parent=43320"}],"curies":[{"name":"wp","href":"https:\/\/api.w.org\/{rel}","templated":true}]}}