{"id":22576,"date":"2024-02-07T06:25:17","date_gmt":"2024-02-07T06:25:17","guid":{"rendered":"https:\/\/idyllic.app\/gerador-de-imagens-ai-barbie\/"},"modified":"2024-04-05T18:35:55","modified_gmt":"2024-04-05T18:35:55","slug":"gerador-de-imagens-ai-barbie","status":"publish","type":"page","link":"https:\/\/idyllic.app\/pt-br\/gerador-de-imagens-ai-barbie\/","title":{"rendered":"Gerador de imagens AI Barbie"},"content":{"rendered":"<div class=\"wp-block-columns is-stacked-on-mobile alignwide are-vertically-aligned-center is-layout-flex wp-container-core-columns-layout-1 wp-block-columns-is-layout-flex\" style=\"margin-top: 0; margin-bottom: 0;\" data-columns=\"2\">\n<div class=\"wp-block-column is-vertically-aligned-center is-layout-flow wp-block-column-is-layout-flow\" style=\"padding-top: 0; padding-bottom: 0; margin: 0;\">\n<div class=\"wp-block-group is-layout-flow wp-block-group-is-layout-flow\" style=\"padding-top: 0; padding-bottom: 0;\">\n<div class=\"wp-block-group is-nowrap is-layout-flex wp-container-core-group-layout-7 wp-block-group-is-layout-flex\" style=\"margin-top: 0;\">\n<div class=\"wp-block-group has-primary-100-gradient-background has-background is-nowrap is-layout-flex wp-container-core-group-layout-6 wp-block-group-is-layout-flex has-position-relative\" style=\"border-radius: 99px; font-style: normal; font-weight: 500;\">\n<p class=\"wp-block-paragraph aligncenter has-text-align-center is-style-default has-background has-12-font-size aligncenter has-position-relative has-z-index\" style=\"border-style: none; border-width: 0px; border-radius: 99px; background: linear-gradient(135deg,#fecda5 0%,#f7555d 100%); line-height: 1; --z-index: 1; padding: 6px var(--wp--preset--spacing--xxs) 6px var(--wp--preset--spacing--xxs);\">Explore nossos lan\u00e7amentos de novos recursos<\/p>\n<\/div>\n<\/div>\n<h1 id=\"design-system-and-ui-kit-for-modern-websites\" class=\"wp-block-heading has-52-font-size\" style=\"margin-top: var(--wp--preset--spacing--sm); line-height: 1.1;\">Gerador de imagens AI Barbie<\/h1>\n<div class=\"wp-block-group is-layout-constrained wp-container-core-group-layout-8 wp-block-group-is-layout-constrained\">\n<p class=\"wp-block-paragraph \">D\u00ea vida \u00e0 Barbie com intelig\u00eancia artificial. Personalize e crie imagens exclusivas da Barbie com nosso gerador alimentado por IA para seus designs, inspira\u00e7\u00f5es de projetos ou at\u00e9 mesmo brincadeiras virtuais!<\/p>\n<\/div>\n<div class=\"wp-block-group is-nowrap is-layout-flex wp-container-core-group-layout-10 wp-block-group-is-layout-flex\" style=\"padding-top: var(--wp--preset--spacing--sm); padding-bottom: var(--wp--preset--spacing--sm); margin-top: 0; margin-bottom: 0;\">\n<div class=\"wp-block-buttons has-neutral-800-background-color has-background is-layout-flex wp-block-buttons-is-layout-flex\" style=\"margin: 0; padding: 1px;\">\n<div class=\"wp-block-button has-box-shadow\"><a class=\"wp-block-button__link wp-element-button\" href=\"https:\/\/create.idyllic.app\/?origin=ai-barbie-image-generator\">Come\u00e7ar a usar<\/a><\/div>\n<\/div>\n<div class=\"wp-block-group is-layout-flow wp-block-group-is-layout-flow has-position-relative\" style=\"margin-top: 0; margin-bottom: 0;\">\n<div class=\"wp-block-spacer has-primary-100-gradient-background has-background has-position-absolute has-z-index\" style=\"height: 100px; filter: blur(30px); margin: 0;\" aria-hidden=\"true\"><\/div>\n<div class=\"wp-block-buttons has-primary-gradient-background has-background is-layout-flex wp-container-core-buttons-layout-3 wp-block-buttons-is-layout-flex has-position-relative has-z-index\" style=\"--z-index: 1; margin: 0; padding: 1px;\">\n<div class=\"wp-block-button has-box-shadow is-style-fill has-display-none-mobile\" style=\"border-radius: 7px; margin-top: 0; margin-bottom: 0;\"><a class=\"wp-block-button__link has-neutral-800-color has-neutral-0-background-color has-text-color has-background wp-element-button\" style=\"border-radius: 7px; margin-top: 0; margin-bottom: 0;\" href=\"#\">Saiba mais<\/a><\/div>\n<\/div>\n<\/div>\n<\/div>\n<div class=\"wp-block-group is-nowrap is-layout-flex wp-container-core-group-layout-11 wp-block-group-is-layout-flex\" style=\"margin-top: 0; margin-bottom: 0;\">\n<p class=\"wp-block-paragraph is-style-default has-14-font-size\" style=\"margin-top: 0; margin-bottom: 0; letter-spacing: 4px; line-height: 1;\">\u2605\u2605\u2605\u2605\u2605<\/p>\n<p class=\"wp-block-paragraph has-14-font-size\" style=\"margin-top: var(--wp--preset--spacing--xxs); margin-bottom: var(--wp--preset--spacing--xxs);\">Mais de 30.000 usu\u00e1rios<\/p>\n<\/div>\n<\/div>\n<\/div>\n<div class=\"wp-block-column is-vertically-aligned-center is-layout-flow wp-block-column-is-layout-flow\">\n<div class=\"wp-block-group is-style-default has-neutral-0-background-color has-background is-layout-flow wp-container-core-group-layout-14 wp-block-group-is-layout-flow has-position-relative has-z-index\" style=\"border-radius: 8px; transform: scale(1.1) translateX(1.5em); --z-index: 1; margin-top: 0; margin-bottom: 0;\">\n<div class=\"wp-block-spacer margin-auto has-background has-position-absolute has-top has-right has-bottom has-left has-z-index has-width\" style=\"border-radius: 99px; background: linear-gradient(135deg,#fecda5 0%,#f7555d 100%); height: 400px; filter: blur(80px) opacity(20%); transform: rotate(30deg); --top: 0px; --right: 0px; --bottom: 0px; --left: 0px; --width: 400px; margin: 0;\" aria-hidden=\"true\"><\/div>\n<div class=\"wp-block-group has-neutral-0-background-color has-background is-layout-flow wp-container-core-group-layout-13 wp-block-group-is-layout-flow has-position-relative has-z-index\" style=\"border-radius: 8px; --z-index: 1; margin-top: 0; margin-bottom: 0; padding: 0 var(--wp--preset--spacing--xxs) var(--wp--preset--spacing--xxs) var(--wp--preset--spacing--xxs);\">\n<figure class=\"wp-block-image size-large is-resized has-display-none-mobile\"><img loading=\"lazy\" decoding=\"async\" class=\"alignnone wp-image-16341 size-medium lazyload\" data-src=\"https:\/\/idyllic.app\/wp-content\/uploads\/2024\/02\/barbie-300x300.jpeg\" data-sizes=\"auto, (max-width: 1024px) 100vw, 1024px\" alt=\"Barbie - criar\" width=\"300\" height=\"300\" data-srcset=\"https:\/\/idyllic.app\/wp-content\/uploads\/2024\/02\/barbie-300x300.jpeg 300w, https:\/\/idyllic.app\/wp-content\/uploads\/2024\/02\/barbie-1024x1024.jpeg 1024w, https:\/\/idyllic.app\/wp-content\/uploads\/2024\/02\/barbie-150x150.jpeg 150w, https:\/\/idyllic.app\/wp-content\/uploads\/2024\/02\/barbie-768x768.jpeg 768w, https:\/\/idyllic.app\/wp-content\/uploads\/2024\/02\/barbie.jpeg 800w\" src=\"data:image\/gif;base64,R0lGODlhAQABAAAAACH5BAEKAAEALAAAAAABAAEAAAICTAEAOw==\" style=\"--smush-placeholder-width: 300px; --smush-placeholder-aspect-ratio: 300\/300;\" \/><noscript><img loading=\"lazy\" decoding=\"async\" class=\"alignnone wp-image-16341 size-medium\" src=\"https:\/\/idyllic.app\/wp-content\/uploads\/2024\/02\/barbie-300x300.jpeg\" sizes=\"auto, (max-width: 1024px) 100vw, 1024px\" alt=\"Barbie - criar\" width=\"300\" height=\"300\" srcset=\"https:\/\/idyllic.app\/wp-content\/uploads\/2024\/02\/barbie-300x300.jpeg 300w, https:\/\/idyllic.app\/wp-content\/uploads\/2024\/02\/barbie-1024x1024.jpeg 1024w, https:\/\/idyllic.app\/wp-content\/uploads\/2024\/02\/barbie-150x150.jpeg 150w, https:\/\/idyllic.app\/wp-content\/uploads\/2024\/02\/barbie-768x768.jpeg 768w, https:\/\/idyllic.app\/wp-content\/uploads\/2024\/02\/barbie.jpeg 800w\" \/><\/noscript><\/figure>\n<\/div>\n<\/div>\n<\/div>\n<\/div>\n<div class=\"wp-block-columns is-stacked-on-mobile alignwide are-vertically-aligned-center is-layout-flex wp-container-core-columns-layout-7 wp-block-columns-is-layout-flex\" data-columns=\"2\">\n<div class=\"wp-block-column is-vertically-aligned-center has-neutral-0-background-color has-background-background-color has-background is-layout-flow wp-block-column-is-layout-flow has-position-relative\" style=\"padding: 0;\">\n<div class=\"wp-block-group has-filter has-transform has-primary-light-gradient-background has-background is-layout-constrained wp-block-group-is-layout-constrained has-position-absolute has-top has-right has-bottom has-left has-z-index\" style=\"filter: blur(60px); transform: scale(1); --top: 0px; --right: 0px; --bottom: 0px; --left: 0px; margin: 0;\"><\/div>\n<div class=\"wp-block-columns is-stacked-on-mobile is-stacked-on-mobile is-not-stacked-on-mobile is-layout-flex wp-container-core-columns-layout-5 wp-block-columns-is-layout-flex has-position-relative has-z-index\" style=\"--z-index: 1; margin-top: 0; margin-bottom: 0;\" data-columns=\"2\">\n<div class=\"wp-block-column is-style-default is-layout-flow wp-block-column-is-layout-flow\" style=\"padding-top: var(--wp--preset--spacing--md);\">\n<figure class=\"wp-block-image size-large\"><img loading=\"lazy\" decoding=\"async\" class=\"alignnone wp-image-16346 size-medium lazyload\" data-src=\"https:\/\/idyllic.app\/wp-content\/uploads\/2024\/02\/supermodel-300x300.jpeg\" data-sizes=\"auto, (max-width: 1024px) 100vw, 1024px\" alt=\"Loiro - Cabelo\" width=\"300\" height=\"300\" data-srcset=\"https:\/\/idyllic.app\/wp-content\/uploads\/2024\/02\/supermodel-300x300.jpeg 300w, https:\/\/idyllic.app\/wp-content\/uploads\/2024\/02\/supermodel-1024x1024.jpeg 1024w, https:\/\/idyllic.app\/wp-content\/uploads\/2024\/02\/supermodel-150x150.jpeg 150w, https:\/\/idyllic.app\/wp-content\/uploads\/2024\/02\/supermodel-768x768.jpeg 768w, https:\/\/idyllic.app\/wp-content\/uploads\/2024\/02\/supermodel.jpeg 800w\" src=\"data:image\/gif;base64,R0lGODlhAQABAAAAACH5BAEKAAEALAAAAAABAAEAAAICTAEAOw==\" style=\"--smush-placeholder-width: 300px; --smush-placeholder-aspect-ratio: 300\/300;\" \/><noscript><img loading=\"lazy\" decoding=\"async\" class=\"alignnone wp-image-16346 size-medium\" src=\"https:\/\/idyllic.app\/wp-content\/uploads\/2024\/02\/supermodel-300x300.jpeg\" sizes=\"auto, (max-width: 1024px) 100vw, 1024px\" alt=\"Loiro - Cabelo\" width=\"300\" height=\"300\" srcset=\"https:\/\/idyllic.app\/wp-content\/uploads\/2024\/02\/supermodel-300x300.jpeg 300w, https:\/\/idyllic.app\/wp-content\/uploads\/2024\/02\/supermodel-1024x1024.jpeg 1024w, https:\/\/idyllic.app\/wp-content\/uploads\/2024\/02\/supermodel-150x150.jpeg 150w, https:\/\/idyllic.app\/wp-content\/uploads\/2024\/02\/supermodel-768x768.jpeg 768w, https:\/\/idyllic.app\/wp-content\/uploads\/2024\/02\/supermodel.jpeg 800w\" \/><\/noscript><\/figure>\n<figure class=\"wp-block-image size-full\"><\/figure>\n<\/div>\n<div class=\"wp-block-column is-style-default is-layout-flow wp-block-column-is-layout-flow\" style=\"padding-top: 0;\">\n<figure class=\"wp-block-image size-full\"><img loading=\"lazy\" decoding=\"async\" class=\"alignnone wp-image-16345 size-medium lazyload\" data-src=\"https:\/\/idyllic.app\/wp-content\/uploads\/2024\/02\/chef-300x300.jpeg\" data-sizes=\"auto, (max-width: 1024px) 100vw, 1024px\" alt=\"Chef - Culin\u00e1ria\" width=\"300\" height=\"300\" data-srcset=\"https:\/\/idyllic.app\/wp-content\/uploads\/2024\/02\/chef-300x300.jpeg 300w, https:\/\/idyllic.app\/wp-content\/uploads\/2024\/02\/chef-1024x1024.jpeg 1024w, https:\/\/idyllic.app\/wp-content\/uploads\/2024\/02\/chef-150x150.jpeg 150w, https:\/\/idyllic.app\/wp-content\/uploads\/2024\/02\/chef-768x768.jpeg 768w, https:\/\/idyllic.app\/wp-content\/uploads\/2024\/02\/chef.jpeg 800w\" src=\"data:image\/gif;base64,R0lGODlhAQABAAAAACH5BAEKAAEALAAAAAABAAEAAAICTAEAOw==\" style=\"--smush-placeholder-width: 300px; --smush-placeholder-aspect-ratio: 300\/300;\" \/><noscript><img loading=\"lazy\" decoding=\"async\" class=\"alignnone wp-image-16345 size-medium\" src=\"https:\/\/idyllic.app\/wp-content\/uploads\/2024\/02\/chef-300x300.jpeg\" sizes=\"auto, (max-width: 1024px) 100vw, 1024px\" alt=\"Chef - Culin\u00e1ria\" width=\"300\" height=\"300\" srcset=\"https:\/\/idyllic.app\/wp-content\/uploads\/2024\/02\/chef-300x300.jpeg 300w, https:\/\/idyllic.app\/wp-content\/uploads\/2024\/02\/chef-1024x1024.jpeg 1024w, https:\/\/idyllic.app\/wp-content\/uploads\/2024\/02\/chef-150x150.jpeg 150w, https:\/\/idyllic.app\/wp-content\/uploads\/2024\/02\/chef-768x768.jpeg 768w, https:\/\/idyllic.app\/wp-content\/uploads\/2024\/02\/chef.jpeg 800w\" \/><\/noscript><\/figure>\n<figure class=\"wp-block-image size-large\"><\/figure>\n<\/div>\n<\/div>\n<\/div>\n<div class=\"wp-block-column is-vertically-aligned-center has-neutral-0-background-color has-background-background-color has-background is-layout-flow wp-block-column-is-layout-flow has-position-relative\" style=\"padding: 0;\">\n<div class=\"wp-block-group has-filter has-transform has-primary-light-gradient-background has-background is-layout-constrained wp-block-group-is-layout-constrained has-position-absolute has-top has-right has-bottom has-left has-z-index\" style=\"filter: blur(60px); transform: scale(1); --top: 0px; --right: 0px; --bottom: 0px; --left: 0px; margin: 0;\"><\/div>\n<div class=\"wp-block-columns is-stacked-on-mobile is-stacked-on-mobile is-not-stacked-on-mobile is-layout-flex wp-container-core-columns-layout-5 wp-block-columns-is-layout-flex has-position-relative has-z-index\" style=\"--z-index: 1; margin-top: 0; margin-bottom: 0;\" data-columns=\"2\">\n<div class=\"wp-block-column is-style-default is-layout-flow wp-block-column-is-layout-flow\" style=\"padding-top: var(--wp--preset--spacing--md);\">\n<figure class=\"wp-block-image size-large\"><img loading=\"lazy\" decoding=\"async\" class=\"alignnone wp-image-16344 size-medium lazyload\" data-src=\"https:\/\/idyllic.app\/wp-content\/uploads\/2024\/02\/goat-300x300.jpeg\" data-sizes=\"auto, (max-width: 1024px) 100vw, 1024px\" alt=\"Cabra - Ovelha\" width=\"300\" height=\"300\" data-srcset=\"https:\/\/idyllic.app\/wp-content\/uploads\/2024\/02\/goat-300x300.jpeg 300w, https:\/\/idyllic.app\/wp-content\/uploads\/2024\/02\/goat-1024x1024.jpeg 1024w, https:\/\/idyllic.app\/wp-content\/uploads\/2024\/02\/goat-150x150.jpeg 150w, https:\/\/idyllic.app\/wp-content\/uploads\/2024\/02\/goat-768x768.jpeg 768w, https:\/\/idyllic.app\/wp-content\/uploads\/2024\/02\/goat.jpeg 800w\" src=\"data:image\/gif;base64,R0lGODlhAQABAAAAACH5BAEKAAEALAAAAAABAAEAAAICTAEAOw==\" style=\"--smush-placeholder-width: 300px; --smush-placeholder-aspect-ratio: 300\/300;\" \/><noscript><img loading=\"lazy\" decoding=\"async\" class=\"alignnone wp-image-16344 size-medium\" src=\"https:\/\/idyllic.app\/wp-content\/uploads\/2024\/02\/goat-300x300.jpeg\" sizes=\"auto, (max-width: 1024px) 100vw, 1024px\" alt=\"Cabra - Ovelha\" width=\"300\" height=\"300\" srcset=\"https:\/\/idyllic.app\/wp-content\/uploads\/2024\/02\/goat-300x300.jpeg 300w, https:\/\/idyllic.app\/wp-content\/uploads\/2024\/02\/goat-1024x1024.jpeg 1024w, https:\/\/idyllic.app\/wp-content\/uploads\/2024\/02\/goat-150x150.jpeg 150w, https:\/\/idyllic.app\/wp-content\/uploads\/2024\/02\/goat-768x768.jpeg 768w, https:\/\/idyllic.app\/wp-content\/uploads\/2024\/02\/goat.jpeg 800w\" \/><\/noscript><\/figure>\n<figure class=\"wp-block-image size-full\"><\/figure>\n<\/div>\n<div class=\"wp-block-column is-style-default is-layout-flow wp-block-column-is-layout-flow\" style=\"padding-top: 0;\">\n<figure class=\"wp-block-image size-full\"><img loading=\"lazy\" decoding=\"async\" class=\"alignnone wp-image-16347 size-medium lazyload\" data-src=\"https:\/\/idyllic.app\/wp-content\/uploads\/2024\/02\/profession-300x300.jpeg\" data-sizes=\"auto, (max-width: 1024px) 100vw, 1024px\" alt=\"Barbie - Moda\" width=\"300\" height=\"300\" data-srcset=\"https:\/\/idyllic.app\/wp-content\/uploads\/2024\/02\/profession-300x300.jpeg 300w, https:\/\/idyllic.app\/wp-content\/uploads\/2024\/02\/profession-1024x1024.jpeg 1024w, https:\/\/idyllic.app\/wp-content\/uploads\/2024\/02\/profession-150x150.jpeg 150w, https:\/\/idyllic.app\/wp-content\/uploads\/2024\/02\/profession-768x768.jpeg 768w, https:\/\/idyllic.app\/wp-content\/uploads\/2024\/02\/profession.jpeg 800w\" src=\"data:image\/gif;base64,R0lGODlhAQABAAAAACH5BAEKAAEALAAAAAABAAEAAAICTAEAOw==\" style=\"--smush-placeholder-width: 300px; --smush-placeholder-aspect-ratio: 300\/300;\" \/><noscript><img loading=\"lazy\" decoding=\"async\" class=\"alignnone wp-image-16347 size-medium\" src=\"https:\/\/idyllic.app\/wp-content\/uploads\/2024\/02\/profession-300x300.jpeg\" sizes=\"auto, (max-width: 1024px) 100vw, 1024px\" alt=\"Barbie - Moda\" width=\"300\" height=\"300\" srcset=\"https:\/\/idyllic.app\/wp-content\/uploads\/2024\/02\/profession-300x300.jpeg 300w, https:\/\/idyllic.app\/wp-content\/uploads\/2024\/02\/profession-1024x1024.jpeg 1024w, https:\/\/idyllic.app\/wp-content\/uploads\/2024\/02\/profession-150x150.jpeg 150w, https:\/\/idyllic.app\/wp-content\/uploads\/2024\/02\/profession-768x768.jpeg 768w, https:\/\/idyllic.app\/wp-content\/uploads\/2024\/02\/profession.jpeg 800w\" \/><\/noscript><\/figure>\n<figure class=\"wp-block-image size-large\"><\/figure>\n<\/div>\n<\/div>\n<\/div>\n<\/div>\n<section>\n<div>\n<h2>Transforme textos em belas imagens da Barbie<\/h2>\n<p>Nossa plataforma de IA permite que voc\u00ea transforme textos simples em imagens impressionantes da <a href=\"https:\/\/en.wikipedia.org\/wiki\/Barbie\" target=\"_blank\" rel=\"noopener\">Barbie<\/a>. Feita sob medida para entusiastas de bonecas, artistas, designers e crian\u00e7as, essa ferramenta leva a criatividade a um n\u00edvel novo e inovador. Basta descrever o tipo de cena ou conceito da Barbie que voc\u00ea deseja e ver a m\u00e1gica do nosso gerador de selfies da Barbie gr\u00e1tis ganhar vida! Seja uma elegante princesa Barbie em um baile, uma popstar Barbie descolada no palco ou um filtro Barbie com IA, o poder da cria\u00e7\u00e3o est\u00e1 na ponta de seus dedos. Se h\u00e1 uma coisa em que tenho certeza de que somos bons, \u00e9 na Barbie.<\/p>\n<h2>Refinar at\u00e9 ficar perfeito<\/h2>\n<p>N\u00e3o h\u00e1 necessidade de se contentar com nada menos do que o ideal. Com o nosso processo de cria\u00e7\u00e3o iterativo, voc\u00ea pode fazer altera\u00e7\u00f5es espec\u00edficas nas mensagens subsequentes at\u00e9 que a imagem da Barbie seja refinada com perfei\u00e7\u00e3o.<\/p>\n<h2>Seja uma estrela social<\/h2>\n<p>Mostre seu g\u00eanio criativo! Compartilhe suas cria\u00e7\u00f5es com nossa comunidade interativa. Curta e comente os trabalhos dos outros ou inspire outras pessoas com seus pr\u00f3prios designs incr\u00edveis.<\/p>\n<\/div>\n<\/section>\n<div class=\"wp-block-group alignfull is-layout-constrained wp-block-group-is-layout-constrained\" style=\"padding-top: var(--wp--preset--spacing--xs); padding-bottom: var(--wp--preset--spacing--xs); margin-top: 0;\">\n<div class=\"wp-block-group is-layout-constrained wp-container-core-group-layout-42 wp-block-group-is-layout-constrained\">\n<div class=\"wp-block-group is-content-justification-center is-nowrap is-layout-flex wp-container-core-group-layout-41 wp-block-group-is-layout-flex\"><\/div>\n<h3 id=\"frequently-asked-questions\" class=\"wp-block-heading has-text-align-center\">Perguntas frequentes<\/h3>\n<\/div>\n<\/div>\n<section>\n<h3>O que voc\u00ea pode criar com esse AI Barbie Image Generator?<\/h3>\n<p>Qualquer coisa que voc\u00ea possa imaginar! Desde a Barbie em v\u00e1rios trajes tem\u00e1ticos at\u00e9 cenas complexas com v\u00e1rios personagens &#8211; o \u00fanico limite \u00e9 a sua criatividade.<\/p>\n<h3 class=\"rank-math-tooltip\" role=\"presentation\" data-key=\"Is Barbie Selfie generator free?\">O gerador de Barbie Selfie \u00e9 gratuito?<\/h3>\n<p>Embora tenhamos uma <a href=\"https:\/\/create.idyllic.app\/unlimited\">vers\u00e3o gratuita<\/a> com muitos recursos, os planos premium oferecem funcionalidades mais avan\u00e7adas. Voc\u00ea pode baixar suas imagens da Barbie de forma 100% gratuita.<\/p>\n<h3>Como converter uma imagem em Barbie?<\/h3>\n<p>Basta fazer login em sua conta <a href=\"https:\/\/create.idyllic.app\">Idyllic<\/a> e navegar at\u00e9 a p\u00e1gina Ideias. Clique no bot\u00e3o carregar imagem e carregue sua imagem de base. Pode ser uma imagem sua, de um amigo ou da fam\u00edlia. Depois disso, insira seu prompt de texto e veja a m\u00e1gica acontecer!<\/p>\n<h3>Voc\u00ea pode imprimir as imagens geradas?<\/h3>\n<p>Sim! As imagens podem ser baixadas em alta resolu\u00e7\u00e3o, perfeitas para impress\u00e3o e exibi\u00e7\u00f5es f\u00edsicas.<\/p>\n<h3>Que aplicativo transforma fotos em Barbie?<\/h3>\n<p class=\"whitespace-pre-wrap\">Aplicativos como ToonMe, YouCam Makeup e MomentCam t\u00eam filtros que podem transformar as fotos em um estilo Barbie vibrante, proporcional e parecido com o de uma boneca, suavizando a pele, acrescentando olhos grandes e estilizando com uma est\u00e9tica brilhante de desenho animado.<\/p>\n<p class=\"whitespace-pre-wrap\">Para obter o m\u00e1ximo de personaliza\u00e7\u00e3o e controle, as plataformas de arte com IA, como a Idyllic, permitem que voc\u00ea insira manualmente nos retratos caracter\u00edsticas da Barbie, como pele perfeita, olhos grandes e expressivos, maquiagem colorida e a moda caracter\u00edstica dela. O Idyllic lhe d\u00e1 a flexibilidade de refinar o efeito Barbie at\u00e9 obter a vers\u00e3o perfeita, polida e glamourosa da sua selfie ou foto por meio da gera\u00e7\u00e3o de imagens com IA.<\/p>\n<div class=\"flex gap-0.5 -mx-1 -mt-2 text-text-400 justify-between items-stretch\">\n<div class=\"flex gap-0.5\"><\/div>\n<\/div>\n<\/section>\n<div class=\"wp-block-group alignfull is-layout-constrained wp-block-group-is-layout-constrained\">\n<div class=\"wp-block-spacer has-background has-position-absolute has-top has-right has-bottom has-left has-z-index has-width\" style=\"background: linear-gradient(135deg,#fecda5 0%,#f7555d 100%); height: 400px; filter: blur(120px) opacity(20%); transform: rotate(23deg); --top: -100px; --right: -200px; --width: 800px;\" aria-hidden=\"true\"><\/div>\n<div class=\"wp-block-group alignwide is-style-default is-layout-flow wp-block-group-is-layout-flow has-position-relative\" style=\"border-radius: 12px;\">\n<div class=\"wp-block-group is-style-default has-surface-background-color has-background is-layout-constrained wp-container-core-group-layout-51 wp-block-group-is-layout-constrained has-position-relative has-z-index\" style=\"border-radius: 30px; --z-index: 1; margin-top: 0; margin-bottom: 0; padding: var(--wp--preset--spacing--xl) var(--wp--preset--spacing--sm) var(--wp--preset--spacing--xl) var(--wp--preset--spacing--sm);\">\n<h2 id=\"ready-to-get-started\" class=\"wp-block-heading has-text-align-center\">Pronto para come\u00e7ar?<\/h2>\n<p class=\"wp-block-paragraph aligncenter has-text-align-center aligncenter\" style=\"margin-top: var(--wp--preset--spacing--xs);\">Junte-se \u00e0 comunidade de mais de 30.000 artistas que j\u00e1 est\u00e3o usando o Idyllic<\/p>\n<div class=\"wp-block-buttons is-content-justification-center is-layout-flex wp-container-core-buttons-layout-7 wp-block-buttons-is-layout-flex\">\n<div class=\"wp-block-button has-box-shadow is-style-fill is-style-large\"><a class=\"wp-block-button__link has-surface-color has-contrast-background-color has-text-color has-background wp-element-button\" href=\"https:\/\/create.idyllic.app\/?origin=ai-barbie-image-generator\" target=\"_blank\" rel=\"noopener\">Come\u00e7ar a usar<\/a><\/div>\n<\/div>\n<\/div>\n<\/div>\n<\/div>\n","protected":false},"excerpt":{"rendered":"<p>Explore nossos lan\u00e7amentos de novos recursos Gerador de imagens AI Barbie D\u00ea vida \u00e0 Barbie com intelig\u00eancia artificial. Personalize e crie imagens exclusivas da Barbie com nosso gerador alimentado por IA para seus designs, inspira\u00e7\u00f5es de projetos ou at\u00e9 mesmo brincadeiras virtuais! Come\u00e7ar a usar Saiba mais \u2605\u2605\u2605\u2605\u2605 Mais de 30.000 usu\u00e1rios Transforme textos em &hellip;<\/p>\n","protected":false},"author":2,"featured_media":0,"parent":0,"menu_order":0,"comment_status":"closed","ping_status":"closed","template":"full-width","meta":{"footnotes":""},"class_list":["post-22576","page","type-page","status-publish","hentry"],"_links":{"self":[{"href":"https:\/\/idyllic.app\/pt-br\/wp-json\/wp\/v2\/pages\/22576","targetHints":{"allow":["GET"]}}],"collection":[{"href":"https:\/\/idyllic.app\/pt-br\/wp-json\/wp\/v2\/pages"}],"about":[{"href":"https:\/\/idyllic.app\/pt-br\/wp-json\/wp\/v2\/types\/page"}],"author":[{"embeddable":true,"href":"https:\/\/idyllic.app\/pt-br\/wp-json\/wp\/v2\/users\/2"}],"replies":[{"embeddable":true,"href":"https:\/\/idyllic.app\/pt-br\/wp-json\/wp\/v2\/comments?post=22576"}],"version-history":[{"count":1,"href":"https:\/\/idyllic.app\/pt-br\/wp-json\/wp\/v2\/pages\/22576\/revisions"}],"predecessor-version":[{"id":42106,"href":"https:\/\/idyllic.app\/pt-br\/wp-json\/wp\/v2\/pages\/22576\/revisions\/42106"}],"wp:attachment":[{"href":"https:\/\/idyllic.app\/pt-br\/wp-json\/wp\/v2\/media?parent=22576"}],"curies":[{"name":"wp","href":"https:\/\/api.w.org\/{rel}","templated":true}]}}