{"id":23810,"date":"2024-02-02T08:04:35","date_gmt":"2024-02-02T08:04:35","guid":{"rendered":"https:\/\/idyllic.app\/gerador-de-retratos-de-animais-de-estimacao\/"},"modified":"2024-02-02T08:04:35","modified_gmt":"2024-02-02T08:04:35","slug":"gerador-de-retratos-de-animais-de-estimacao","status":"publish","type":"page","link":"https:\/\/idyllic.app\/pt-br\/gerador-de-retratos-de-animais-de-estimacao\/","title":{"rendered":"Gerador de retratos de animais de estima\u00e7\u00e3o"},"content":{"rendered":"<div class=\"wp-block-columns is-stacked-on-mobile alignwide are-vertically-aligned-center is-layout-flex wp-container-core-columns-layout-1 wp-block-columns-is-layout-flex\" style=\"margin-top: 0; margin-bottom: 0;\" data-columns=\"2\">\n<div class=\"wp-block-column is-vertically-aligned-center is-layout-flow wp-block-column-is-layout-flow\" style=\"padding-top: 0; padding-bottom: 0; margin: 0;\">\n<div class=\"wp-block-group is-layout-flow wp-block-group-is-layout-flow\" style=\"padding-top: 0; padding-bottom: 0;\">\n<div class=\"wp-block-group is-nowrap is-layout-flex wp-container-core-group-layout-7 wp-block-group-is-layout-flex\" style=\"margin-top: 0;\">\n<div class=\"wp-block-group has-primary-100-gradient-background has-background is-nowrap is-layout-flex wp-container-core-group-layout-6 wp-block-group-is-layout-flex has-position-relative\" style=\"border-radius: 99px; font-style: normal; font-weight: 500;\">\n<p class=\"wp-block-paragraph aligncenter has-text-align-center is-style-default has-background has-12-font-size aligncenter has-position-relative has-z-index\" style=\"border-style: none; border-width: 0px; border-radius: 99px; background: linear-gradient(135deg,#fecda5 0%,#f7555d 100%); line-height: 1; --z-index: 1; padding: 6px var(--wp--preset--spacing--xxs) 6px var(--wp--preset--spacing--xxs);\">Explore nossos lan\u00e7amentos de novos recursos<\/p>\n<\/div>\n<\/div>\n<h1 id=\"design-system-and-ui-kit-for-modern-websites\" class=\"wp-block-heading has-52-font-size\" style=\"margin-top: var(--wp--preset--spacing--sm); line-height: 1.1;\">Gerador de retratos de animais de estima\u00e7\u00e3o<\/h1>\n<div class=\"wp-block-group is-layout-constrained wp-container-core-group-layout-8 wp-block-group-is-layout-constrained\">\n<p class=\"wp-block-paragraph \">Crie retratos de animais de estima\u00e7\u00e3o personalizados e de tirar o f\u00f4lego sem esfor\u00e7o, usando o sofisticado gerador gratuito de retratos de animais de estima\u00e7\u00e3o da Idyllic.<\/p>\n<\/div>\n<div class=\"wp-block-group is-nowrap is-layout-flex wp-container-core-group-layout-10 wp-block-group-is-layout-flex\" style=\"padding-top: var(--wp--preset--spacing--sm); padding-bottom: var(--wp--preset--spacing--sm); margin-top: 0; margin-bottom: 0;\">\n<div class=\"wp-block-buttons has-neutral-800-background-color has-background is-layout-flex wp-block-buttons-is-layout-flex\" style=\"margin: 0; padding: 1px;\">\n<div class=\"wp-block-button has-box-shadow\"><a class=\"wp-block-button__link wp-element-button\" href=\"https:\/\/create.idyllic.app\">Come\u00e7ar a usar<\/a><\/div>\n<\/div>\n<div class=\"wp-block-group is-layout-flow wp-block-group-is-layout-flow has-position-relative\" style=\"margin-top: 0; margin-bottom: 0;\">\n<div class=\"wp-block-spacer has-primary-100-gradient-background has-background has-position-absolute has-z-index\" style=\"height: 100px; filter: blur(30px); margin: 0;\" aria-hidden=\"true\"><\/div>\n<div class=\"wp-block-buttons has-primary-gradient-background has-background is-layout-flex wp-container-core-buttons-layout-3 wp-block-buttons-is-layout-flex has-position-relative has-z-index\" style=\"--z-index: 1; margin: 0; padding: 1px;\">\n<div class=\"wp-block-button has-box-shadow is-style-fill has-display-none-mobile\" style=\"border-radius: 7px; margin-top: 0; margin-bottom: 0;\"><a class=\"wp-block-button__link has-neutral-800-color has-neutral-0-background-color has-text-color has-background wp-element-button\" style=\"border-radius: 7px; margin-top: 0; margin-bottom: 0;\" href=\"#\">Saiba mais<\/a><\/div>\n<\/div>\n<\/div>\n<\/div>\n<div class=\"wp-block-group is-nowrap is-layout-flex wp-container-core-group-layout-11 wp-block-group-is-layout-flex\" style=\"margin-top: 0; margin-bottom: 0;\">\n<p class=\"wp-block-paragraph is-style-default has-14-font-size\" style=\"margin-top: 0; margin-bottom: 0; letter-spacing: 4px; line-height: 1;\">\u2605\u2605\u2605\u2605\u2605<\/p>\n<p class=\"wp-block-paragraph has-14-font-size\" style=\"margin-top: var(--wp--preset--spacing--xxs); margin-bottom: var(--wp--preset--spacing--xxs);\">Mais de 30.000 usu\u00e1rios<\/p>\n<\/div>\n<\/div>\n<\/div>\n<div class=\"wp-block-column is-vertically-aligned-center is-layout-flow wp-block-column-is-layout-flow\">\n<div class=\"wp-block-group is-style-default has-neutral-0-background-color has-background is-layout-flow wp-container-core-group-layout-14 wp-block-group-is-layout-flow has-position-relative has-z-index\" style=\"border-radius: 8px; transform: scale(1.1) translateX(1.5em); --z-index: 1; margin-top: 0; margin-bottom: 0;\">\n<div class=\"wp-block-spacer margin-auto has-background has-position-absolute has-top has-right has-bottom has-left has-z-index has-width\" style=\"border-radius: 99px; background: linear-gradient(135deg,#fecda5 0%,#f7555d 100%); height: 400px; filter: blur(80px) opacity(20%); transform: rotate(30deg); --top: 0px; --right: 0px; --bottom: 0px; --left: 0px; --width: 400px; margin: 0;\" aria-hidden=\"true\"><\/div>\n<div class=\"wp-block-group has-neutral-0-background-color has-background is-layout-flow wp-container-core-group-layout-13 wp-block-group-is-layout-flow has-position-relative has-z-index\" style=\"border-radius: 8px; --z-index: 1; margin-top: 0; margin-bottom: 0; padding: 0 var(--wp--preset--spacing--xxs) var(--wp--preset--spacing--xxs) var(--wp--preset--spacing--xxs);\">\n<figure class=\"wp-block-image size-large is-resized has-display-none-mobile\"><img loading=\"lazy\" decoding=\"async\" class=\"alignnone wp-image-16052 size-medium lazyload\" data-src=\"https:\/\/idyllic.app\/wp-content\/uploads\/2024\/02\/dog-breed-300x195.jpeg\" data-sizes=\"auto, (max-width: 1024px) 100vw, 1024px\" alt=\"Gerador de retrato de animal de estima\u00e7\u00e3o Pug sentado nas nuvens\" width=\"300\" height=\"195\" data-srcset=\"https:\/\/idyllic.app\/wp-content\/uploads\/2024\/02\/dog-breed-300x195.jpeg 300w, https:\/\/idyllic.app\/wp-content\/uploads\/2024\/02\/dog-breed-1024x666.jpeg 1024w, https:\/\/idyllic.app\/wp-content\/uploads\/2024\/02\/dog-breed-768x499.jpeg 768w, https:\/\/idyllic.app\/wp-content\/uploads\/2024\/02\/dog-breed.jpeg 1280w\" src=\"data:image\/gif;base64,R0lGODlhAQABAAAAACH5BAEKAAEALAAAAAABAAEAAAICTAEAOw==\" style=\"--smush-placeholder-width: 300px; --smush-placeholder-aspect-ratio: 300\/195;\" \/><noscript><img loading=\"lazy\" decoding=\"async\" class=\"alignnone wp-image-16052 size-medium\" src=\"https:\/\/idyllic.app\/wp-content\/uploads\/2024\/02\/dog-breed-300x195.jpeg\" sizes=\"auto, (max-width: 1024px) 100vw, 1024px\" alt=\"Gerador de retrato de animal de estima\u00e7\u00e3o Pug sentado nas nuvens\" width=\"300\" height=\"195\" srcset=\"https:\/\/idyllic.app\/wp-content\/uploads\/2024\/02\/dog-breed-300x195.jpeg 300w, https:\/\/idyllic.app\/wp-content\/uploads\/2024\/02\/dog-breed-1024x666.jpeg 1024w, https:\/\/idyllic.app\/wp-content\/uploads\/2024\/02\/dog-breed-768x499.jpeg 768w, https:\/\/idyllic.app\/wp-content\/uploads\/2024\/02\/dog-breed.jpeg 1280w\" \/><\/noscript><\/figure>\n<\/div>\n<\/div>\n<\/div>\n<\/div>\n<div class=\"wp-block-columns is-stacked-on-mobile alignwide are-vertically-aligned-center is-layout-flex wp-container-core-columns-layout-7 wp-block-columns-is-layout-flex\" data-columns=\"2\">\n<div class=\"wp-block-column is-vertically-aligned-center has-neutral-0-background-color has-background-background-color has-background is-layout-flow wp-block-column-is-layout-flow has-position-relative\" style=\"padding: 0;\">\n<div class=\"wp-block-group has-filter has-transform has-primary-light-gradient-background has-background is-layout-constrained wp-block-group-is-layout-constrained has-position-absolute has-top has-right has-bottom has-left has-z-index\" style=\"filter: blur(60px); transform: scale(1); --top: 0px; --right: 0px; --bottom: 0px; --left: 0px; margin: 0;\"><\/div>\n<div class=\"wp-block-columns is-stacked-on-mobile is-stacked-on-mobile is-not-stacked-on-mobile is-layout-flex wp-container-core-columns-layout-5 wp-block-columns-is-layout-flex has-position-relative has-z-index\" style=\"--z-index: 1; margin-top: 0; margin-bottom: 0;\" data-columns=\"2\">\n<div class=\"wp-block-column is-style-default is-layout-flow wp-block-column-is-layout-flow\" style=\"padding-top: var(--wp--preset--spacing--md);\">\n<figure class=\"wp-block-image size-large\"><img loading=\"lazy\" decoding=\"async\" class=\"alignnone wp-image-16059 size-medium lazyload\" data-src=\"https:\/\/idyllic.app\/wp-content\/uploads\/2024\/02\/dog-173x300.jpeg\" data-sizes=\"auto, (max-width: 1024px) 100vw, 1024px\" alt=\"Canidae - Vertebrados\" width=\"173\" height=\"300\" data-srcset=\"https:\/\/idyllic.app\/wp-content\/uploads\/2024\/02\/dog-173x300.jpeg 173w, https:\/\/idyllic.app\/wp-content\/uploads\/2024\/02\/dog-592x1024.jpeg 592w, https:\/\/idyllic.app\/wp-content\/uploads\/2024\/02\/dog-768x1328.jpeg 768w, https:\/\/idyllic.app\/wp-content\/uploads\/2024\/02\/dog-888x1536.jpeg 888w, https:\/\/idyllic.app\/wp-content\/uploads\/2024\/02\/dog.jpeg 463w\" src=\"data:image\/gif;base64,R0lGODlhAQABAAAAACH5BAEKAAEALAAAAAABAAEAAAICTAEAOw==\" style=\"--smush-placeholder-width: 173px; --smush-placeholder-aspect-ratio: 173\/300;\" \/><noscript><img loading=\"lazy\" decoding=\"async\" class=\"alignnone wp-image-16059 size-medium\" src=\"https:\/\/idyllic.app\/wp-content\/uploads\/2024\/02\/dog-173x300.jpeg\" sizes=\"auto, (max-width: 1024px) 100vw, 1024px\" alt=\"Canidae - Vertebrados\" width=\"173\" height=\"300\" srcset=\"https:\/\/idyllic.app\/wp-content\/uploads\/2024\/02\/dog-173x300.jpeg 173w, https:\/\/idyllic.app\/wp-content\/uploads\/2024\/02\/dog-592x1024.jpeg 592w, https:\/\/idyllic.app\/wp-content\/uploads\/2024\/02\/dog-768x1328.jpeg 768w, https:\/\/idyllic.app\/wp-content\/uploads\/2024\/02\/dog-888x1536.jpeg 888w, https:\/\/idyllic.app\/wp-content\/uploads\/2024\/02\/dog.jpeg 463w\" \/><\/noscript><\/figure>\n<figure class=\"wp-block-image size-full\"><\/figure>\n<\/div>\n<div class=\"wp-block-column is-style-default is-layout-flow wp-block-column-is-layout-flow\" style=\"padding-top: 0;\">\n<figure class=\"wp-block-image size-full\"><img loading=\"lazy\" decoding=\"async\" class=\"alignnone wp-image-16068 size-medium lazyload\" data-src=\"https:\/\/idyllic.app\/wp-content\/uploads\/2024\/02\/american-shorthair-195x300.jpeg\" data-sizes=\"auto, (max-width: 1024px) 100vw, 1024px\" alt=\"Pelo curto europeu - Pelo curto americano\" width=\"195\" height=\"300\" data-srcset=\"https:\/\/idyllic.app\/wp-content\/uploads\/2024\/02\/american-shorthair-195x300.jpeg 195w, https:\/\/idyllic.app\/wp-content\/uploads\/2024\/02\/american-shorthair-666x1024.jpeg 666w, https:\/\/idyllic.app\/wp-content\/uploads\/2024\/02\/american-shorthair-768x1182.jpeg 768w, https:\/\/idyllic.app\/wp-content\/uploads\/2024\/02\/american-shorthair.jpeg 520w\" src=\"data:image\/gif;base64,R0lGODlhAQABAAAAACH5BAEKAAEALAAAAAABAAEAAAICTAEAOw==\" style=\"--smush-placeholder-width: 195px; --smush-placeholder-aspect-ratio: 195\/300;\" \/><noscript><img loading=\"lazy\" decoding=\"async\" class=\"alignnone wp-image-16068 size-medium\" src=\"https:\/\/idyllic.app\/wp-content\/uploads\/2024\/02\/american-shorthair-195x300.jpeg\" sizes=\"auto, (max-width: 1024px) 100vw, 1024px\" alt=\"Pelo curto europeu - Pelo curto americano\" width=\"195\" height=\"300\" srcset=\"https:\/\/idyllic.app\/wp-content\/uploads\/2024\/02\/american-shorthair-195x300.jpeg 195w, https:\/\/idyllic.app\/wp-content\/uploads\/2024\/02\/american-shorthair-666x1024.jpeg 666w, https:\/\/idyllic.app\/wp-content\/uploads\/2024\/02\/american-shorthair-768x1182.jpeg 768w, https:\/\/idyllic.app\/wp-content\/uploads\/2024\/02\/american-shorthair.jpeg 520w\" \/><\/noscript><\/figure>\n<figure class=\"wp-block-image size-large\"><\/figure>\n<\/div>\n<\/div>\n<\/div>\n<div class=\"wp-block-column is-vertically-aligned-center has-neutral-0-background-color has-background-background-color has-background is-layout-flow wp-block-column-is-layout-flow has-position-relative\" style=\"padding: 0;\">\n<div class=\"wp-block-group has-filter has-transform has-primary-light-gradient-background has-background is-layout-constrained wp-block-group-is-layout-constrained has-position-absolute has-top has-right has-bottom has-left has-z-index\" style=\"filter: blur(60px); transform: scale(1); --top: 0px; --right: 0px; --bottom: 0px; --left: 0px; margin: 0;\"><\/div>\n<div class=\"wp-block-columns is-stacked-on-mobile is-stacked-on-mobile is-not-stacked-on-mobile is-layout-flex wp-container-core-columns-layout-5 wp-block-columns-is-layout-flex has-position-relative has-z-index\" style=\"--z-index: 1; margin-top: 0; margin-bottom: 0;\" data-columns=\"2\">\n<div class=\"wp-block-column is-style-default is-layout-flow wp-block-column-is-layout-flow\" style=\"padding-top: var(--wp--preset--spacing--md);\">\n<figure class=\"wp-block-image size-large\"><img loading=\"lazy\" decoding=\"async\" class=\"alignnone wp-image-16061 size-medium lazyload\" data-src=\"https:\/\/idyllic.app\/wp-content\/uploads\/2024\/02\/snout-233x300.jpeg\" data-sizes=\"auto, (max-width: 1024px) 100vw, 1024px\" alt=\"Can\u00eddeos - Pug\" width=\"233\" height=\"300\" data-srcset=\"https:\/\/idyllic.app\/wp-content\/uploads\/2024\/02\/snout-233x300.jpeg 233w, https:\/\/idyllic.app\/wp-content\/uploads\/2024\/02\/snout-796x1024.jpeg 796w, https:\/\/idyllic.app\/wp-content\/uploads\/2024\/02\/snout-768x987.jpeg 768w, https:\/\/idyllic.app\/wp-content\/uploads\/2024\/02\/snout.jpeg 622w\" src=\"data:image\/gif;base64,R0lGODlhAQABAAAAACH5BAEKAAEALAAAAAABAAEAAAICTAEAOw==\" style=\"--smush-placeholder-width: 233px; --smush-placeholder-aspect-ratio: 233\/300;\" \/><noscript><img loading=\"lazy\" decoding=\"async\" class=\"alignnone wp-image-16061 size-medium\" src=\"https:\/\/idyllic.app\/wp-content\/uploads\/2024\/02\/snout-233x300.jpeg\" sizes=\"auto, (max-width: 1024px) 100vw, 1024px\" alt=\"Can\u00eddeos - Pug\" width=\"233\" height=\"300\" srcset=\"https:\/\/idyllic.app\/wp-content\/uploads\/2024\/02\/snout-233x300.jpeg 233w, https:\/\/idyllic.app\/wp-content\/uploads\/2024\/02\/snout-796x1024.jpeg 796w, https:\/\/idyllic.app\/wp-content\/uploads\/2024\/02\/snout-768x987.jpeg 768w, https:\/\/idyllic.app\/wp-content\/uploads\/2024\/02\/snout.jpeg 622w\" \/><\/noscript><\/figure>\n<figure class=\"wp-block-image size-full\"><\/figure>\n<\/div>\n<div class=\"wp-block-column is-style-default is-layout-flow wp-block-column-is-layout-flow\" style=\"padding-top: 0;\">\n<figure class=\"wp-block-image size-full\"><img loading=\"lazy\" decoding=\"async\" class=\"alignnone wp-image-16054 size-medium lazyload\" data-src=\"https:\/\/idyllic.app\/wp-content\/uploads\/2024\/02\/hares-195x300.jpeg\" data-sizes=\"auto, (max-width: 1024px) 100vw, 1024px\" alt=\"Coelho dom\u00e9stico - Lebres\" width=\"195\" height=\"300\" data-srcset=\"https:\/\/idyllic.app\/wp-content\/uploads\/2024\/02\/hares-195x300.jpeg 195w, https:\/\/idyllic.app\/wp-content\/uploads\/2024\/02\/hares-666x1024.jpeg 666w, https:\/\/idyllic.app\/wp-content\/uploads\/2024\/02\/hares-768x1182.jpeg 768w, https:\/\/idyllic.app\/wp-content\/uploads\/2024\/02\/hares.jpeg 520w\" src=\"data:image\/gif;base64,R0lGODlhAQABAAAAACH5BAEKAAEALAAAAAABAAEAAAICTAEAOw==\" style=\"--smush-placeholder-width: 195px; --smush-placeholder-aspect-ratio: 195\/300;\" \/><noscript><img loading=\"lazy\" decoding=\"async\" class=\"alignnone wp-image-16054 size-medium\" src=\"https:\/\/idyllic.app\/wp-content\/uploads\/2024\/02\/hares-195x300.jpeg\" sizes=\"auto, (max-width: 1024px) 100vw, 1024px\" alt=\"Coelho dom\u00e9stico - Lebres\" width=\"195\" height=\"300\" srcset=\"https:\/\/idyllic.app\/wp-content\/uploads\/2024\/02\/hares-195x300.jpeg 195w, https:\/\/idyllic.app\/wp-content\/uploads\/2024\/02\/hares-666x1024.jpeg 666w, https:\/\/idyllic.app\/wp-content\/uploads\/2024\/02\/hares-768x1182.jpeg 768w, https:\/\/idyllic.app\/wp-content\/uploads\/2024\/02\/hares.jpeg 520w\" \/><\/noscript><\/figure>\n<figure class=\"wp-block-image size-large\"><\/figure>\n<\/div>\n<\/div>\n<\/div>\n<\/div>\n<section>\n<div>\n<h2>Transforme as descri\u00e7\u00f5es de seus animais de estima\u00e7\u00e3o em obras de arte cativantes<\/h2>\n<p>Oferecendo um toque diferenciado na cria\u00e7\u00e3o tradicional de retratos de animais de estima\u00e7\u00e3o, o Idyllic&#8217;s Pet Portrait Generator usa tecnologia avan\u00e7ada de convers\u00e3o de texto em imagem para converter suas descri\u00e7\u00f5es em visuais impressionantes. Opte por qualidade ou velocidade de acordo com sua necessidade e repita at\u00e9 obter o resultado perfeito. Voc\u00ea tem controle total sobre todos os aspectos da imagem gerada, o que lhe d\u00e1 total liberdade criativa, completamente livre das restri\u00e7\u00f5es tradicionalmente associadas \u00e0 produ\u00e7\u00e3o de arte.<\/p>\n<h2>Recursos de aprimoramento para representa\u00e7\u00f5es exclusivas<\/h2>\n<p>Com o Idyllic, voc\u00ea pode refinar os retratos de seus animais de estima\u00e7\u00e3o para obter a melhor qualidade poss\u00edvel, sem qualquer forma\u00e7\u00e3o art\u00edstica. Fa\u00e7a experi\u00eancias com tamanhos diferentes usando nossas op\u00e7\u00f5es flex\u00edveis de resolu\u00e7\u00e3o de imagem. Aprimore texturas, cores e op\u00e7\u00f5es de filtro para comunicar a personalidade exclusiva de seu animal de estima\u00e7\u00e3o. Voc\u00ea tamb\u00e9m pode usar o recurso &#8220;Remix&#8221; para produzir novas interpreta\u00e7\u00f5es do retrato do seu animal de estima\u00e7\u00e3o usando at\u00e9 nove outras imagens como inspira\u00e7\u00e3o.<\/p>\n<h2>Intera\u00e7\u00e3o com a comunidade para inspira\u00e7\u00e3o cont\u00ednua<\/h2>\n<p>A Idyllic n\u00e3o se limita a criar retratos espetaculares de animais de estima\u00e7\u00e3o. Voc\u00ea tamb\u00e9m pode navegar por um feed vibrante que exibe a arte de outros entusiastas de retratos de animais de estima\u00e7\u00e3o, proporcionando uma fonte constante de inspira\u00e7\u00e3o e um caloroso senso de comunidade. Compartilhe e publique seus pr\u00f3prios &#8220;t\u00f3picos&#8221; de fluxo de trabalho, promovendo a intera\u00e7\u00e3o e o envolvimento em uma comunidade art\u00edstica globalmente presente.<\/p>\n<\/div>\n<\/section>\n<div class=\"wp-block-group alignfull is-layout-constrained wp-block-group-is-layout-constrained\" style=\"padding-top: var(--wp--preset--spacing--xs); padding-bottom: var(--wp--preset--spacing--xs); margin-top: 0;\">\n<div class=\"wp-block-group is-layout-constrained wp-container-core-group-layout-42 wp-block-group-is-layout-constrained\">\n<div class=\"wp-block-group is-content-justification-center is-nowrap is-layout-flex wp-container-core-group-layout-41 wp-block-group-is-layout-flex\"><\/div>\n<h3 id=\"frequently-asked-questions\" class=\"wp-block-heading has-text-align-center\">Perguntas frequentes<\/h3>\n<\/div>\n<\/div>\n<section>\n<h3>Posso criar um retrato de um animal de estima\u00e7\u00e3o sem nenhuma habilidade art\u00edstica?<\/h3>\n<p>Com certeza! O Idyllic&#8217;s Pet Portrait Generator n\u00e3o requer habilidades de design ou experi\u00eancia art\u00edstica pr\u00e9via. Basta inserir a descri\u00e7\u00e3o ou os tra\u00e7os de personalidade do seu animal de estima\u00e7\u00e3o e ver como um retrato exclusivo ganha vida.<\/p>\n<h3>Como fazer um retrato de animal de estima\u00e7\u00e3o gratuitamente?<\/h3>\n<p class=\"whitespace-pre-wrap\">Voc\u00ea pode criar facilmente retratos de animais de estima\u00e7\u00e3o personalizados e gratuitos que mostrem a personalidade do seu amigo peludo usando geradores de retratos de animais de estima\u00e7\u00e3o com IA, como o Idyllic.<\/p>\n<p class=\"whitespace-pre-wrap\">Basta fornecer fotos de qualidade de seu animal de estima\u00e7\u00e3o, juntamente com instru\u00e7\u00f5es descritivas de suas peculiaridades, cores e express\u00f5es. A plataforma intuitiva da Idyllic permite que voc\u00ea gere instantaneamente retratos de animais de estima\u00e7\u00e3o fazendo o upload de fotos e marcando o prompt perfeito.<\/p>\n<p class=\"whitespace-pre-wrap\">A IA cria obras de arte exclusivas com o esp\u00edrito de seu animal de estima\u00e7\u00e3o. Voc\u00ea pode refinar os retratos ajustando iterativamente os prompts e as imagens at\u00e9 que cada detalhe esteja perfeito. Com as ferramentas gratuitas e f\u00e1ceis da Idyllic, qualquer pessoa pode transformar lembran\u00e7as queridas em ilustra\u00e7\u00f5es e pinturas personalizadas deslumbrantes de seus animais de estima\u00e7\u00e3o.<\/p>\n<div class=\"flex gap-0.5 -mx-1 -mt-2 text-text-400 justify-between items-stretch\">\n<div class=\"flex gap-0.5\"><\/div>\n<\/div>\n<h3>Como fazer um retrato digital de um animal de estima\u00e7\u00e3o?<\/h3>\n<p class=\"whitespace-pre-wrap\">Criar um retrato digital personalizado do animal de estima\u00e7\u00e3o \u00e9 f\u00e1cil com as plataformas AI Pet Portrait Generator, como a Idyllic. Basta fazer o upload de fotos de qualidade do seu animal de estima\u00e7\u00e3o e usar instru\u00e7\u00f5es descritivas para transmitir suas cores, marcas, personalidade e express\u00f5es exclusivas. Especifique detalhes divertidos, como os brinquedos ou as atividades favoritas de seu animal de estima\u00e7\u00e3o, para injetar suas peculiaridades no retrato.<\/p>\n<p class=\"whitespace-pre-wrap\">As ferramentas intuitivas do Idyllic permitem que voc\u00ea gere instantaneamente retratos art\u00edsticos de animais de estima\u00e7\u00e3o, discando o prompt perfeito para a IA. Voc\u00ea pode refinar continuamente os retratos ajustando as palavras e as imagens at\u00e9 que o esp\u00edrito do seu animal de estima\u00e7\u00e3o transpare\u00e7a.<\/p>\n<p class=\"whitespace-pre-wrap\">Com a interface gratuita e f\u00e1cil de usar do Idyllic, qualquer pessoa pode criar belos retratos digitais personalizados de seus companheiros peludos em minutos.<\/p>\n<div class=\"flex gap-0.5 -mx-1 -mt-2 text-text-400 justify-between items-stretch\">\n<div class=\"flex gap-0.5\"><\/div>\n<\/div>\n<h3>Qual \u00e9 o aplicativo que faz o retrato de um animal de estima\u00e7\u00e3o?<\/h3>\n<p class=\"whitespace-pre-wrap\">V\u00e1rios geradores intuitivos de retratos de animais de estima\u00e7\u00e3o utilizam a IA para gerar retratos digitais personalizados de animais de estima\u00e7\u00e3o. Plataformas como Idyllic, NightCafe Creator, Wombo Dream e <a href=\"https:\/\/starryai.com\/\" target=\"_blank\" rel=\"noopener\">StarryAi<\/a> facilitam a cria\u00e7\u00e3o de arte para animais de estima\u00e7\u00e3o com o simples upload de fotos e a elabora\u00e7\u00e3o de prompts descritivos.<\/p>\n<p class=\"whitespace-pre-wrap\">Especifique a personalidade cativante, as cores, as marcas, as atividades favoritas e as origens de seu animal de estima\u00e7\u00e3o. Os geradores de arte de IA produzir\u00e3o instantaneamente retratos exclusivos com o esp\u00edrito de seu animal de estima\u00e7\u00e3o. Com as ferramentas gratuitas e f\u00e1ceis de usar da Idyllic, voc\u00ea pode refinar continuamente o texto e as imagens para capturar a semelhan\u00e7a perfeita.<\/p>\n<p class=\"whitespace-pre-wrap\">Fa\u00e7a experimentos com estilos diferentes, solicitando a IA de acordo. Aplicativos como o Idyllic democratizam a cria\u00e7\u00e3o de retratos de animais de estima\u00e7\u00e3o, permitindo que qualquer pessoa transforme fotos em ilustra\u00e7\u00f5es e pinturas art\u00edsticas em minutos.<\/p>\n<div class=\"flex gap-0.5 -mx-1 -mt-2 text-text-400 justify-between items-stretch\">\n<div class=\"flex gap-0.5\"><\/div>\n<\/div>\n<h3>Como posso compartilhar os retratos do meu animal de estima\u00e7\u00e3o?<\/h3>\n<p>O Idyllic permite que os usu\u00e1rios publiquem e compartilhem seu processo de cria\u00e7\u00e3o, ou &#8220;threads&#8221;, com outras pessoas da comunidade, mostrando tanto a jornada criativa quanto o resultado final.<\/p>\n<\/section>\n<div class=\"wp-block-group alignfull is-layout-constrained wp-block-group-is-layout-constrained\">\n<div class=\"wp-block-group alignwide is-style-default is-layout-flow wp-block-group-is-layout-flow has-position-relative\" style=\"border-radius: 12px;\">\n<div class=\"wp-block-spacer has-background has-position-absolute has-top has-right has-bottom has-left has-z-index has-width\" style=\"background: linear-gradient(135deg,#fecda5 0%,#f7555d 100%); height: 400px; filter: blur(120px) opacity(20%); transform: rotate(23deg); --top: -100px; --right: -200px; --width: 800px;\" aria-hidden=\"true\">\n<h3>Como fazer um retrato de animal de estima\u00e7\u00e3o gratuitamente?<\/h3>\n<\/div>\n<div class=\"wp-block-group is-style-default has-surface-background-color has-background is-layout-constrained wp-container-core-group-layout-51 wp-block-group-is-layout-constrained has-position-relative has-z-index\" style=\"border-radius: 30px; --z-index: 1; margin-top: 0; margin-bottom: 0; padding: var(--wp--preset--spacing--xl) var(--wp--preset--spacing--sm) var(--wp--preset--spacing--xl) var(--wp--preset--spacing--sm);\">\n<h2 id=\"ready-to-get-started\" class=\"wp-block-heading has-text-align-center\">Pronto para come\u00e7ar?<\/h2>\n<p class=\"wp-block-paragraph aligncenter has-text-align-center aligncenter\" style=\"margin-top: var(--wp--preset--spacing--xs);\">Junte-se \u00e0 comunidade de mais de 30.000 artistas que j\u00e1 est\u00e3o usando o Idyllic<\/p>\n<div class=\"wp-block-buttons is-content-justification-center is-layout-flex wp-container-core-buttons-layout-7 wp-block-buttons-is-layout-flex\">\n<div class=\"wp-block-button has-box-shadow is-style-fill is-style-large\"><a class=\"wp-block-button__link has-surface-color has-contrast-background-color has-text-color has-background wp-element-button\" href=\"https:\/\/create.idyllic.app\" target=\"_blank\" rel=\"noreferrer noopener\">Come\u00e7ar a usar<\/a><\/div>\n<\/div>\n<\/div>\n<\/div>\n<\/div>\n","protected":false},"excerpt":{"rendered":"<p>Explore nossos lan\u00e7amentos de novos recursos Gerador de retratos de animais de estima\u00e7\u00e3o Crie retratos de animais de estima\u00e7\u00e3o personalizados e de tirar o f\u00f4lego sem esfor\u00e7o, usando o sofisticado gerador gratuito de retratos de animais de estima\u00e7\u00e3o da Idyllic. Come\u00e7ar a usar Saiba mais \u2605\u2605\u2605\u2605\u2605 Mais de 30.000 usu\u00e1rios Transforme as descri\u00e7\u00f5es de seus &hellip;<\/p>\n","protected":false},"author":2,"featured_media":0,"parent":0,"menu_order":0,"comment_status":"closed","ping_status":"closed","template":"","meta":{"footnotes":""},"class_list":["post-23810","page","type-page","status-publish","hentry"],"_links":{"self":[{"href":"https:\/\/idyllic.app\/pt-br\/wp-json\/wp\/v2\/pages\/23810","targetHints":{"allow":["GET"]}}],"collection":[{"href":"https:\/\/idyllic.app\/pt-br\/wp-json\/wp\/v2\/pages"}],"about":[{"href":"https:\/\/idyllic.app\/pt-br\/wp-json\/wp\/v2\/types\/page"}],"author":[{"embeddable":true,"href":"https:\/\/idyllic.app\/pt-br\/wp-json\/wp\/v2\/users\/2"}],"replies":[{"embeddable":true,"href":"https:\/\/idyllic.app\/pt-br\/wp-json\/wp\/v2\/comments?post=23810"}],"version-history":[{"count":0,"href":"https:\/\/idyllic.app\/pt-br\/wp-json\/wp\/v2\/pages\/23810\/revisions"}],"wp:attachment":[{"href":"https:\/\/idyllic.app\/pt-br\/wp-json\/wp\/v2\/media?parent=23810"}],"curies":[{"name":"wp","href":"https:\/\/api.w.org\/{rel}","templated":true}]}}