{"id":50941,"date":"2024-02-28T02:09:12","date_gmt":"2024-02-28T02:09:12","guid":{"rendered":"https:\/\/idyllic.app\/arte-inspirada-em-juice-wrld-e-fortnite-explore-collection\/"},"modified":"2024-02-28T02:09:12","modified_gmt":"2024-02-28T02:09:12","slug":"arte-inspirada-em-juice-wrld-e-fortnite-explore-collection","status":"publish","type":"page","link":"https:\/\/idyllic.app\/pt-br\/arte-inspirada-em-juice-wrld-e-fortnite-explore-collection\/","title":{"rendered":"Arte inspirada em Juice Wrld e Fortnite | Explore Collection"},"content":{"rendered":"<div class=\"wp-block-columns is-stacked-on-mobile alignwide are-vertically-aligned-center is-layout-flex wp-container-core-columns-layout-1 wp-block-columns-is-layout-flex\" style=\"margin-top: 0; margin-bottom: 0;\" data-columns=\"2\">\n<div class=\"wp-block-column is-vertically-aligned-center is-layout-flow wp-block-column-is-layout-flow\" style=\"padding-top: 0; padding-bottom: 0; margin: 0;\">\n<div class=\"wp-block-group is-layout-flow wp-block-group-is-layout-flow\" style=\"padding-top: 0; padding-bottom: 0;\">\n<div class=\"wp-block-group is-nowrap is-layout-flex wp-container-core-group-layout-7 wp-block-group-is-layout-flex\" style=\"margin-top: 0;\">\n<div class=\"wp-block-group has-primary-100-gradient-background has-background is-nowrap is-layout-flex wp-container-core-group-layout-6 wp-block-group-is-layout-flex has-position-relative\" style=\"border-radius: 99px; font-style: normal; font-weight: 500;\">\n<p class=\"wp-block-paragraph aligncenter has-text-align-center is-style-default has-background has-12-font-size aligncenter has-position-relative has-z-index\" style=\"border-style: none; border-width: 0px; border-radius: 99px; background: linear-gradient(135deg,#fecda5 0%,#f7555d 100%); line-height: 1; --z-index: 1; padding: 6px var(--wp--preset--spacing--xxs) 6px var(--wp--preset--spacing--xxs);\">Explore nossos lan\u00e7amentos de novos recursos<\/p>\n<\/div>\n<\/div>\n<h1 id=\"design-system-and-ui-kit-for-modern-websites\" class=\"wp-block-heading has-52-font-size\" style=\"margin-top: var(--wp--preset--spacing--sm); line-height: 1.1;\">Gera\u00e7\u00e3o de imagens inspirada em Juice Wrld e Fortnite<\/h1>\n<div class=\"wp-block-group is-layout-constrained wp-container-core-group-layout-8 wp-block-group-is-layout-constrained\">\n<p class=\"wp-block-paragraph \">D\u00ea asas \u00e0 sua criatividade com modelos generativos avan\u00e7ados que combinam a est\u00e9tica encantadora de Juice Wrld e o universo din\u00e2mico de jogos de Fortnite. Explore nossa cole\u00e7\u00e3o de arte do Juice Wrld Fortnite feita por f\u00e3s.<\/p>\n<\/div>\n<div class=\"wp-block-group is-nowrap is-layout-flex wp-container-core-group-layout-10 wp-block-group-is-layout-flex\" style=\"padding-top: var(--wp--preset--spacing--sm); padding-bottom: var(--wp--preset--spacing--sm); margin-top: 0; margin-bottom: 0;\">\n<div class=\"wp-block-buttons has-neutral-800-background-color has-background is-layout-flex wp-block-buttons-is-layout-flex\" style=\"margin: 0; padding: 1px;\">\n<div class=\"wp-block-button has-box-shadow\"><a class=\"wp-block-button__link wp-element-button\" href=\"https:\/\/create.idyllic.app\/?origin=juice-wrld-fortnite\">Come\u00e7ar a usar<\/a><\/div>\n<\/div>\n<div class=\"wp-block-group is-layout-flow wp-block-group-is-layout-flow has-position-relative\" style=\"margin-top: 0; margin-bottom: 0;\">\n<div class=\"wp-block-spacer has-primary-100-gradient-background has-background has-position-absolute has-z-index\" style=\"height: 100px; filter: blur(30px); margin: 0;\" aria-hidden=\"true\"><\/div>\n<div class=\"wp-block-buttons has-primary-gradient-background has-background is-layout-flex wp-container-core-buttons-layout-3 wp-block-buttons-is-layout-flex has-position-relative has-z-index\" style=\"--z-index: 1; margin: 0; padding: 1px;\">\n<div class=\"wp-block-button has-box-shadow is-style-fill has-display-none-mobile\" style=\"border-radius: 7px; margin-top: 0; margin-bottom: 0;\"><a class=\"wp-block-button__link has-neutral-800-color has-neutral-0-background-color has-text-color has-background wp-element-button\" style=\"border-radius: 7px; margin-top: 0; margin-bottom: 0;\" href=\"#\">Saiba mais<\/a><\/div>\n<\/div>\n<\/div>\n<\/div>\n<div class=\"wp-block-group is-nowrap is-layout-flex wp-container-core-group-layout-11 wp-block-group-is-layout-flex\" style=\"margin-top: 0; margin-bottom: 0;\">\n<p class=\"wp-block-paragraph is-style-default has-14-font-size\" style=\"margin-top: 0; margin-bottom: 0; letter-spacing: 4px; line-height: 1;\">\u2605\u2605\u2605\u2605\u2605<\/p>\n<p class=\"wp-block-paragraph has-14-font-size\" style=\"margin-top: var(--wp--preset--spacing--xxs); margin-bottom: var(--wp--preset--spacing--xxs);\">Mais de 30.000 usu\u00e1rios<\/p>\n<\/div>\n<\/div>\n<\/div>\n<div class=\"wp-block-column is-vertically-aligned-center is-layout-flow wp-block-column-is-layout-flow\">\n<div class=\"wp-block-group is-style-default has-neutral-0-background-color has-background is-layout-flow wp-container-core-group-layout-14 wp-block-group-is-layout-flow has-position-relative has-z-index\" style=\"border-radius: 8px; transform: scale(1.1) translateX(1.5em); --z-index: 1; margin-top: 0; margin-bottom: 0;\">\n<div class=\"wp-block-spacer margin-auto has-background has-position-absolute has-top has-right has-bottom has-left has-z-index has-width\" style=\"border-radius: 99px; background: linear-gradient(135deg,#fecda5 0%,#f7555d 100%); height: 400px; filter: blur(80px) opacity(20%); transform: rotate(30deg); --top: 0px; --right: 0px; --bottom: 0px; --left: 0px; --width: 400px; margin: 0;\" aria-hidden=\"true\"><\/div>\n<div class=\"wp-block-group has-neutral-0-background-color has-background is-layout-flow wp-container-core-group-layout-13 wp-block-group-is-layout-flow has-position-relative has-z-index\" style=\"border-radius: 8px; --z-index: 1; margin-top: 0; margin-bottom: 0; padding: 0 var(--wp--preset--spacing--xxs) var(--wp--preset--spacing--xxs) var(--wp--preset--spacing--xxs);\">\n<figure class=\"wp-block-image size-large is-resized has-display-none-mobile\"><img loading=\"lazy\" decoding=\"async\" class=\"wp-image-15919 lazyload\" data-src=\"https:\/\/idyllic.app\/wp-content\/uploads\/2024\/02\/318510.jpeg\" data-sizes=\"auto, (max-width: 1024px) 100vw, 1024px\" alt=\"\" width=\"1024\" height=\"1024\" src=\"data:image\/gif;base64,R0lGODlhAQABAAAAACH5BAEKAAEALAAAAAABAAEAAAICTAEAOw==\" style=\"--smush-placeholder-width: 1024px; --smush-placeholder-aspect-ratio: 1024\/1024;\"><noscript><img loading=\"lazy\" decoding=\"async\" class=\"wp-image-15919 lazyload\" data-src=\"https:\/\/idyllic.app\/wp-content\/uploads\/2024\/02\/318510.jpeg\" data-sizes=\"auto, (max-width: 1024px) 100vw, 1024px\" alt=\"\" width=\"1024\" height=\"1024\" src=\"data:image\/gif;base64,R0lGODlhAQABAAAAACH5BAEKAAEALAAAAAABAAEAAAICTAEAOw==\" style=\"--smush-placeholder-width: 1024px; --smush-placeholder-aspect-ratio: 1024\/1024;\"><noscript><img loading=\"lazy\" decoding=\"async\" class=\"wp-image-15919\" src=\"https:\/\/idyllic.app\/wp-content\/uploads\/2024\/02\/318510.jpeg\" sizes=\"auto, (max-width: 1024px) 100vw, 1024px\" alt=\"\" width=\"1024\" height=\"1024\"><\/noscript><\/noscript><\/figure>\n<\/div>\n<\/div>\n<\/div>\n<\/div>\n<div class=\"wp-block-columns is-stacked-on-mobile alignwide are-vertically-aligned-center is-layout-flex wp-container-core-columns-layout-7 wp-block-columns-is-layout-flex\" data-columns=\"2\">\n<div class=\"wp-block-column is-vertically-aligned-center has-neutral-0-background-color has-background-background-color has-background is-layout-flow wp-block-column-is-layout-flow has-position-relative\" style=\"padding: 0;\">\n<div class=\"wp-block-group has-filter has-transform has-primary-light-gradient-background has-background is-layout-constrained wp-block-group-is-layout-constrained has-position-absolute has-top has-right has-bottom has-left has-z-index\" style=\"filter: blur(60px); transform: scale(1); --top: 0px; --right: 0px; --bottom: 0px; --left: 0px; margin: 0;\"><\/div>\n<div class=\"wp-block-columns is-stacked-on-mobile is-stacked-on-mobile is-not-stacked-on-mobile is-layout-flex wp-container-core-columns-layout-5 wp-block-columns-is-layout-flex has-position-relative has-z-index\" style=\"--z-index: 1; margin-top: 0; margin-bottom: 0;\" data-columns=\"2\">\n<div class=\"wp-block-column is-style-default is-layout-flow wp-block-column-is-layout-flow\" style=\"padding-top: var(--wp--preset--spacing--md);\">\n<figure class=\"wp-block-image size-large\"><img loading=\"lazy\" decoding=\"async\" class=\"wp-image-15920 lazyload\" data-src=\"https:\/\/idyllic.app\/wp-content\/uploads\/2024\/02\/318520-1.jpeg\" data-sizes=\"auto, (max-width: 1024px) 100vw, 1024px\" alt=\"\" width=\"1024\" height=\"1024\" src=\"data:image\/gif;base64,R0lGODlhAQABAAAAACH5BAEKAAEALAAAAAABAAEAAAICTAEAOw==\" style=\"--smush-placeholder-width: 1024px; --smush-placeholder-aspect-ratio: 1024\/1024;\"><noscript><img loading=\"lazy\" decoding=\"async\" class=\"wp-image-15920\" src=\"https:\/\/idyllic.app\/wp-content\/uploads\/2024\/02\/318520-1.jpeg\" sizes=\"auto, (max-width: 1024px) 100vw, 1024px\" alt=\"\" width=\"1024\" height=\"1024\"><\/noscript><\/figure>\n<figure class=\"wp-block-image size-full\"><img loading=\"lazy\" decoding=\"async\" class=\"wp-image-15812 lazyload\" data-src=\"https:\/\/idyllic.app\/wp-content\/uploads\/2024\/02\/318513.jpeg\" data-sizes=\"auto, (max-width: 1024px) 100vw, 1024px\" alt=\"\" width=\"1024\" height=\"1024\" src=\"data:image\/gif;base64,R0lGODlhAQABAAAAACH5BAEKAAEALAAAAAABAAEAAAICTAEAOw==\" style=\"--smush-placeholder-width: 1024px; --smush-placeholder-aspect-ratio: 1024\/1024;\"><noscript><img loading=\"lazy\" decoding=\"async\" class=\"wp-image-15812\" src=\"https:\/\/idyllic.app\/wp-content\/uploads\/2024\/02\/318513.jpeg\" sizes=\"auto, (max-width: 1024px) 100vw, 1024px\" alt=\"\" width=\"1024\" height=\"1024\"><\/noscript><\/figure>\n<\/div>\n<div class=\"wp-block-column is-style-default is-layout-flow wp-block-column-is-layout-flow\" style=\"padding-top: 0;\">\n<figure class=\"wp-block-image size-full\"><img loading=\"lazy\" decoding=\"async\" class=\"wp-image-15921 lazyload\" data-src=\"https:\/\/idyllic.app\/wp-content\/uploads\/2024\/02\/318511.jpeg\" data-sizes=\"auto, (max-width: 1024px) 100vw, 1024px\" alt=\"\" width=\"1024\" height=\"1024\" src=\"data:image\/gif;base64,R0lGODlhAQABAAAAACH5BAEKAAEALAAAAAABAAEAAAICTAEAOw==\" style=\"--smush-placeholder-width: 1024px; --smush-placeholder-aspect-ratio: 1024\/1024;\"><noscript><img loading=\"lazy\" decoding=\"async\" class=\"wp-image-15921\" src=\"https:\/\/idyllic.app\/wp-content\/uploads\/2024\/02\/318511.jpeg\" sizes=\"auto, (max-width: 1024px) 100vw, 1024px\" alt=\"\" width=\"1024\" height=\"1024\"><\/noscript><\/figure>\n<figure class=\"wp-block-image size-large\"><img loading=\"lazy\" decoding=\"async\" class=\"wp-image-15919 lazyload\" data-src=\"https:\/\/idyllic.app\/wp-content\/uploads\/2024\/02\/318510.jpeg\" data-sizes=\"auto, (max-width: 1024px) 100vw, 1024px\" alt=\"\" width=\"1024\" height=\"1024\" src=\"data:image\/gif;base64,R0lGODlhAQABAAAAACH5BAEKAAEALAAAAAABAAEAAAICTAEAOw==\" style=\"--smush-placeholder-width: 1024px; --smush-placeholder-aspect-ratio: 1024\/1024;\"><noscript><img loading=\"lazy\" decoding=\"async\" class=\"wp-image-15919 lazyload\" data-src=\"https:\/\/idyllic.app\/wp-content\/uploads\/2024\/02\/318510.jpeg\" data-sizes=\"auto, (max-width: 1024px) 100vw, 1024px\" alt=\"\" width=\"1024\" height=\"1024\" src=\"data:image\/gif;base64,R0lGODlhAQABAAAAACH5BAEKAAEALAAAAAABAAEAAAICTAEAOw==\" style=\"--smush-placeholder-width: 1024px; --smush-placeholder-aspect-ratio: 1024\/1024;\"><noscript><img loading=\"lazy\" decoding=\"async\" class=\"wp-image-15919\" src=\"https:\/\/idyllic.app\/wp-content\/uploads\/2024\/02\/318510.jpeg\" sizes=\"auto, (max-width: 1024px) 100vw, 1024px\" alt=\"\" width=\"1024\" height=\"1024\"><\/noscript><\/noscript><\/figure>\n<\/div>\n<\/div>\n<\/div>\n<div class=\"wp-block-column is-vertically-aligned-center has-neutral-0-background-color has-background-background-color has-background is-layout-flow wp-block-column-is-layout-flow has-position-relative\" style=\"padding: 0;\">\n<div class=\"wp-block-group has-filter has-transform has-primary-light-gradient-background has-background is-layout-constrained wp-block-group-is-layout-constrained has-position-absolute has-top has-right has-bottom has-left has-z-index\" style=\"filter: blur(60px); transform: scale(1); --top: 0px; --right: 0px; --bottom: 0px; --left: 0px; margin: 0;\"><\/div>\n<div class=\"wp-block-columns is-stacked-on-mobile is-stacked-on-mobile is-not-stacked-on-mobile is-layout-flex wp-container-core-columns-layout-5 wp-block-columns-is-layout-flex has-position-relative has-z-index\" style=\"--z-index: 1; margin-top: 0; margin-bottom: 0;\" data-columns=\"2\">\n<div class=\"wp-block-column is-style-default is-layout-flow wp-block-column-is-layout-flow\" style=\"padding-top: var(--wp--preset--spacing--md);\">\n<figure class=\"wp-block-image size-large\"><img loading=\"lazy\" decoding=\"async\" class=\"wp-image-15920 lazyload\" data-src=\"https:\/\/idyllic.app\/wp-content\/uploads\/2024\/02\/318503-1.jpeg\" data-sizes=\"auto, (max-width: 1024px) 100vw, 1024px\" alt=\"\" width=\"1024\" height=\"1024\" src=\"data:image\/gif;base64,R0lGODlhAQABAAAAACH5BAEKAAEALAAAAAABAAEAAAICTAEAOw==\" style=\"--smush-placeholder-width: 1024px; --smush-placeholder-aspect-ratio: 1024\/1024;\"><noscript><img loading=\"lazy\" decoding=\"async\" class=\"wp-image-15920\" src=\"https:\/\/idyllic.app\/wp-content\/uploads\/2024\/02\/318503-1.jpeg\" sizes=\"auto, (max-width: 1024px) 100vw, 1024px\" alt=\"\" width=\"1024\" height=\"1024\"><\/noscript><\/figure>\n<figure class=\"wp-block-image size-full\"><img loading=\"lazy\" decoding=\"async\" class=\"wp-image-15812 lazyload\" data-src=\"https:\/\/idyllic.app\/wp-content\/uploads\/2024\/02\/318502-1.jpeg\" data-sizes=\"auto, (max-width: 1024px) 100vw, 1024px\" alt=\"\" width=\"1024\" height=\"1024\" src=\"data:image\/gif;base64,R0lGODlhAQABAAAAACH5BAEKAAEALAAAAAABAAEAAAICTAEAOw==\" style=\"--smush-placeholder-width: 1024px; --smush-placeholder-aspect-ratio: 1024\/1024;\"><noscript><img loading=\"lazy\" decoding=\"async\" class=\"wp-image-15812\" src=\"https:\/\/idyllic.app\/wp-content\/uploads\/2024\/02\/318502-1.jpeg\" sizes=\"auto, (max-width: 1024px) 100vw, 1024px\" alt=\"\" width=\"1024\" height=\"1024\"><\/noscript><\/figure>\n<\/div>\n<div class=\"wp-block-column is-style-default is-layout-flow wp-block-column-is-layout-flow\" style=\"padding-top: 0;\">\n<figure class=\"wp-block-image size-full\"><img loading=\"lazy\" decoding=\"async\" class=\"wp-image-15921 lazyload\" data-src=\"https:\/\/idyllic.app\/wp-content\/uploads\/2024\/02\/318512-1.jpeg\" data-sizes=\"auto, (max-width: 1024px) 100vw, 1024px\" alt=\"\" width=\"1024\" height=\"1024\" src=\"data:image\/gif;base64,R0lGODlhAQABAAAAACH5BAEKAAEALAAAAAABAAEAAAICTAEAOw==\" style=\"--smush-placeholder-width: 1024px; --smush-placeholder-aspect-ratio: 1024\/1024;\"><noscript><img loading=\"lazy\" decoding=\"async\" class=\"wp-image-15921\" src=\"https:\/\/idyllic.app\/wp-content\/uploads\/2024\/02\/318512-1.jpeg\" sizes=\"auto, (max-width: 1024px) 100vw, 1024px\" alt=\"\" width=\"1024\" height=\"1024\"><\/noscript><\/figure>\n<figure class=\"wp-block-image size-large\"><img loading=\"lazy\" decoding=\"async\" class=\"wp-image-15919 lazyload\" data-src=\"https:\/\/idyllic.app\/wp-content\/uploads\/2024\/02\/318494.jpeg\" data-sizes=\"auto, (max-width: 1024px) 100vw, 1024px\" alt=\"\" width=\"1024\" height=\"1024\" src=\"data:image\/gif;base64,R0lGODlhAQABAAAAACH5BAEKAAEALAAAAAABAAEAAAICTAEAOw==\" style=\"--smush-placeholder-width: 1024px; --smush-placeholder-aspect-ratio: 1024\/1024;\"><noscript><img loading=\"lazy\" decoding=\"async\" class=\"wp-image-15919\" src=\"https:\/\/idyllic.app\/wp-content\/uploads\/2024\/02\/318494.jpeg\" sizes=\"auto, (max-width: 1024px) 100vw, 1024px\" alt=\"\" width=\"1024\" height=\"1024\"><\/noscript><\/figure>\n<\/div>\n<\/div>\n<\/div>\n<\/div>\n<section>\n<div>\n<h2>Gerar imagens que preencham a lacuna entre m\u00fasica e jogos<\/h2>\n<p>O recurso exclusivo de gera\u00e7\u00e3o de texto para imagem do Idyllic permite que voc\u00ea crie imagens inspiradas na cultura hip-hop do Juice Wrld e no universo centrado em jogos do Fortnite. Voc\u00ea pode combinar v\u00e1rios estilos, seja fotografia, design gr\u00e1fico ou arte, para se alinhar \u00e0s suas necessidades. Solicite imagens em v\u00e1rias resolu\u00e7\u00f5es para se adequar \u00e0 sua busca art\u00edstica.<\/p>\n<h2>Processo iterativo de eco para sa\u00edda precisa<\/h2>\n<p>Refine sua gera\u00e7\u00e3o de imagens com altera\u00e7\u00f5es espec\u00edficas nas mensagens subsequentes. Obtenha um resultado detalhado e altamente personalizado, colocando voc\u00ea no controle do processo criativo. Afinal de contas, sua arte deve refletir sua vis\u00e3o, n\u00e3o importa o qu\u00e3o v\u00edvida ou vision\u00e1ria ela seja.<\/p>\n<h2>Remixe e edite automaticamente de acordo com sua m\u00fasica<\/h2>\n<p>Combine at\u00e9 nove imagens usando nosso recurso &#8220;Remix&#8221;. Voc\u00ea pode usar &#8220;imagens de inspira\u00e7\u00e3o&#8221; para orientar o processo de gera\u00e7\u00e3o. Por exemplo, misture uma capa de \u00e1lbum do Juice Wrld e uma skin do Fortnite para gerar uma imagem de perfil exclusiva. Al\u00e9m disso, aproveite os recursos de edi\u00e7\u00e3o autom\u00e1tica do aplicativo para gerar visuais complexos sem esfor\u00e7o.<\/p>\n<h2>Colabore, interaja e apresente<\/h2>\n<p>Envolva-se com uma comunidade pr\u00f3spera. Siga outros criadores, deixe coment\u00e1rios, receba curtidas e compartilhe suas cria\u00e7\u00f5es com entusiastas que pensam como voc\u00ea. Compartilhe seu processo criativo e os resultados finais com nosso recurso &#8220;threads&#8221; publicado. Experimente, inspire e seja inspirado &#8211; deixe sua marca na comunidade voltada para a arte.<\/p>\n<\/div>\n<\/section>\n<div class=\"wp-block-group alignfull is-layout-constrained wp-block-group-is-layout-constrained\" style=\"padding-top: var(--wp--preset--spacing--xs); padding-bottom: var(--wp--preset--spacing--xs); margin-top: 0;\">\n<div class=\"wp-block-group is-layout-constrained wp-container-core-group-layout-42 wp-block-group-is-layout-constrained\">\n<div class=\"wp-block-group is-content-justification-center is-nowrap is-layout-flex wp-container-core-group-layout-41 wp-block-group-is-layout-flex\"><\/div>\n<h3 id=\"frequently-asked-questions\" class=\"wp-block-heading has-text-align-center\">Perguntas frequentes<\/h3>\n<\/div>\n<\/div>\n<section>\n<div>\n<h3>Posso gerar imagens com base em m\u00fasicas espec\u00edficas do Juice Wrld ou em skins do Fortnite?<\/h3>\n<p>Sim, a gera\u00e7\u00e3o flex\u00edvel de texto para imagem do Idyllic permite que voc\u00ea crie imagens com base em descri\u00e7\u00f5es de texto espec\u00edficas, permitindo que voc\u00ea oriente o processo de modelagem de acordo com a m\u00fasica Juice Wrld ou a skin Fortnite desejada.<\/p>\n<h3>Posso misturar estilos diferentes?<\/h3>\n<p>Sim, com o recurso Remix do Idyllic, voc\u00ea pode misturar nove imagens por vez, o que permite mesclar v\u00e1rios estilos de diferentes inspira\u00e7\u00f5es.<\/p>\n<\/div>\n<\/section>\n<div class=\"wp-block-group alignfull is-layout-constrained wp-block-group-is-layout-constrained\">\n<div class=\"wp-block-group alignwide is-style-default is-layout-flow wp-block-group-is-layout-flow has-position-relative\" style=\"border-radius: 12px;\">\n<div class=\"wp-block-spacer has-background has-position-absolute has-top has-right has-bottom has-left has-z-index has-width\" style=\"background: linear-gradient(135deg,#fecda5 0%,#f7555d 100%); height: 400px; filter: blur(120px) opacity(20%); transform: rotate(23deg); --top: -100px; --right: -200px; --width: 800px;\" aria-hidden=\"true\"><\/div>\n<div class=\"wp-block-group is-style-default has-surface-background-color has-background is-layout-constrained wp-container-core-group-layout-51 wp-block-group-is-layout-constrained has-position-relative has-z-index\" style=\"border-radius: 30px; --z-index: 1; margin-top: 0; margin-bottom: 0; padding: var(--wp--preset--spacing--xl) var(--wp--preset--spacing--sm) var(--wp--preset--spacing--xl) var(--wp--preset--spacing--sm);\">\n<h2 id=\"ready-to-get-started\" class=\"wp-block-heading has-text-align-center\">Pronto para come\u00e7ar?<\/h2>\n<p class=\"wp-block-paragraph aligncenter has-text-align-center aligncenter\" style=\"margin-top: var(--wp--preset--spacing--xs);\">Junte-se \u00e0 comunidade de mais de 30.000 artistas que j\u00e1 est\u00e3o usando o Idyllic<\/p>\n<div class=\"wp-block-buttons is-content-justification-center is-layout-flex wp-container-core-buttons-layout-7 wp-block-buttons-is-layout-flex\">\n<div class=\"wp-block-button has-box-shadow is-style-fill is-style-large\"><a class=\"wp-block-button__link has-surface-color has-contrast-background-color has-text-color has-background wp-element-button\" href=\"https:\/\/create.idyllic.app\/?origin=juice-wrld-fortnite\" target=\"_blank\" rel=\"noreferrer noopener\">Come\u00e7ar a usar<\/a><\/div>\n<\/div>\n<\/div>\n<\/div>\n<\/div>\n","protected":false},"excerpt":{"rendered":"<p>Explore nossos lan\u00e7amentos de novos recursos Gera\u00e7\u00e3o de imagens inspirada em Juice Wrld e Fortnite D\u00ea asas \u00e0 sua criatividade com modelos generativos avan\u00e7ados que combinam a est\u00e9tica encantadora de Juice Wrld e o universo din\u00e2mico de jogos de Fortnite. Explore nossa cole\u00e7\u00e3o de arte do Juice Wrld Fortnite feita por f\u00e3s. Come\u00e7ar a usar &hellip;<\/p>\n","protected":false},"author":2,"featured_media":0,"parent":0,"menu_order":0,"comment_status":"closed","ping_status":"closed","template":"","meta":{"footnotes":""},"class_list":["post-50941","page","type-page","status-publish","hentry"],"_links":{"self":[{"href":"https:\/\/idyllic.app\/pt-br\/wp-json\/wp\/v2\/pages\/50941","targetHints":{"allow":["GET"]}}],"collection":[{"href":"https:\/\/idyllic.app\/pt-br\/wp-json\/wp\/v2\/pages"}],"about":[{"href":"https:\/\/idyllic.app\/pt-br\/wp-json\/wp\/v2\/types\/page"}],"author":[{"embeddable":true,"href":"https:\/\/idyllic.app\/pt-br\/wp-json\/wp\/v2\/users\/2"}],"replies":[{"embeddable":true,"href":"https:\/\/idyllic.app\/pt-br\/wp-json\/wp\/v2\/comments?post=50941"}],"version-history":[{"count":0,"href":"https:\/\/idyllic.app\/pt-br\/wp-json\/wp\/v2\/pages\/50941\/revisions"}],"wp:attachment":[{"href":"https:\/\/idyllic.app\/pt-br\/wp-json\/wp\/v2\/media?parent=50941"}],"curies":[{"name":"wp","href":"https:\/\/api.w.org\/{rel}","templated":true}]}}